{"id":2642,"date":"2021-07-18T21:41:38","date_gmt":"2021-07-18T21:41:38","guid":{"rendered":"https:\/\/mito-develop.codebusters.app\/points-de-vente\/"},"modified":"2021-10-06T19:10:51","modified_gmt":"2021-10-06T19:10:51","slug":"retailers","status":"publish","type":"page","link":"https:\/\/mito.ca\/en\/retailers\/","title":{"rendered":"Retailers"},"content":{"rendered":"","protected":false},"excerpt":{"rendered":"","protected":false},"author":2,"featured_media":0,"parent":0,"menu_order":0,"comment_status":"closed","ping_status":"closed","template":"template-dealers.php","meta":{"_acf_changed":false,"inline_featured_image":false,"footnotes":""},"class_list":["post-2642","page","type-page","status-publish","hentry"],"acf":[],"yoast_head":"<!-- This site is optimized with the Yoast SEO plugin v27.1.1 - https:\/\/yoast.com\/product\/yoast-seo-wordpress\/ -->\n<title>Retailers - Mito : Sushis pr\u00eats \u00e0 savourer<\/title>\n<meta name=\"robots\" content=\"index, follow, max-snippet:-1, max-image-preview:large, max-video-preview:-1\" \/>\n<link rel=\"canonical\" href=\"https:\/\/mito.ca\/en\/retailers\/\" \/>\n<meta property=\"og:locale\" content=\"en_US\" \/>\n<meta property=\"og:type\" content=\"article\" \/>\n<meta property=\"og:title\" content=\"Retailers - Mito : Sushis pr\u00eats \u00e0 savourer\" \/>\n<meta property=\"og:url\" content=\"https:\/\/mito.ca\/en\/retailers\/\" \/>\n<meta property=\"og:site_name\" content=\"Mito : Sushis pr\u00eats \u00e0 savourer\" \/>\n<meta property=\"article:publisher\" content=\"https:\/\/www.facebook.com\/mito.entreprise\/\" \/>\n<meta property=\"article:modified_time\" content=\"2021-10-06T19:10:51+00:00\" \/>\n<meta property=\"og:image\" content=\"https:\/\/mito.ca\/wp-content\/uploads\/2021\/10\/Mito_Vertical_Black_ENG.png\" \/>\n\t<meta property=\"og:image:width\" content=\"488\" \/>\n\t<meta property=\"og:image:height\" content=\"306\" \/>\n\t<meta property=\"og:image:type\" content=\"image\/png\" \/>\n<meta name=\"twitter:card\" content=\"summary_large_image\" \/>\n<script type=\"application\/ld+json\" class=\"yoast-schema-graph\">{\"@context\":\"https:\/\/schema.org\",\"@graph\":[{\"@type\":\"WebPage\",\"@id\":\"https:\/\/mito.ca\/en\/retailers\/\",\"url\":\"https:\/\/mito.ca\/en\/retailers\/\",\"name\":\"Retailers - Mito : Sushis pr\u00eats \u00e0 savourer\",\"isPartOf\":{\"@id\":\"https:\/\/mito.ca\/en\/#website\"},\"datePublished\":\"2021-07-18T21:41:38+00:00\",\"dateModified\":\"2021-10-06T19:10:51+00:00\",\"breadcrumb\":{\"@id\":\"https:\/\/mito.ca\/en\/retailers\/#breadcrumb\"},\"inLanguage\":\"en-CA\",\"potentialAction\":[{\"@type\":\"ReadAction\",\"target\":[\"https:\/\/mito.ca\/en\/retailers\/\"]}]},{\"@type\":\"BreadcrumbList\",\"@id\":\"https:\/\/mito.ca\/en\/retailers\/#breadcrumb\",\"itemListElement\":[{\"@type\":\"ListItem\",\"position\":1,\"name\":\"Home\",\"item\":\"https:\/\/mito.ca\/en\/\"},{\"@type\":\"ListItem\",\"position\":2,\"name\":\"Retailers\"}]},{\"@type\":\"WebSite\",\"@id\":\"https:\/\/mito.ca\/en\/#website\",\"url\":\"https:\/\/mito.ca\/en\/\",\"name\":\"Mito : Sushis pr\u00eats \u00e0 savourer\",\"description\":\"Sushis pr\u00eats \u00e0 savourer\",\"publisher\":{\"@id\":\"https:\/\/mito.ca\/en\/#organization\"},\"potentialAction\":[{\"@type\":\"SearchAction\",\"target\":{\"@type\":\"EntryPoint\",\"urlTemplate\":\"https:\/\/mito.ca\/en\/?s={search_term_string}\"},\"query-input\":{\"@type\":\"PropertyValueSpecification\",\"valueRequired\":true,\"valueName\":\"search_term_string\"}}],\"inLanguage\":\"en-CA\"},{\"@type\":\"Organization\",\"@id\":\"https:\/\/mito.ca\/en\/#organization\",\"name\":\"MITO Sushi\",\"url\":\"https:\/\/mito.ca\/en\/\",\"logo\":{\"@type\":\"ImageObject\",\"inLanguage\":\"en-CA\",\"@id\":\"https:\/\/mito.ca\/en\/#\/schema\/logo\/image\/\",\"url\":\"https:\/\/mito.ca\/wp-content\/uploads\/2021\/10\/Mito_Vertical_Black_ENG.png\",\"contentUrl\":\"https:\/\/mito.ca\/wp-content\/uploads\/2021\/10\/Mito_Vertical_Black_ENG.png\",\"width\":488,\"height\":306,\"caption\":\"MITO Sushi\"},\"image\":{\"@id\":\"https:\/\/mito.ca\/en\/#\/schema\/logo\/image\/\"},\"sameAs\":[\"https:\/\/www.facebook.com\/mito.entreprise\/\",\"https:\/\/www.instagram.com\/mito.sushi\/\",\"https:\/\/www.linkedin.com\/company\/mito-sushi\/\",\"https:\/\/www.pinterest.ca\/avecmito\/_created\/\",\"https:\/\/www.youtube.com\/channel\/UCTh6Wu1g6cSObHjpmrsqUJw\"]}]}<\/script>\n<!-- \/ Yoast SEO plugin. -->","yoast_head_json":{"title":"Retailers - Mito : Sushis pr\u00eats \u00e0 savourer","robots":{"index":"index","follow":"follow","max-snippet":"max-snippet:-1","max-image-preview":"max-image-preview:large","max-video-preview":"max-video-preview:-1"},"canonical":"https:\/\/mito.ca\/en\/retailers\/","og_locale":"en_US","og_type":"article","og_title":"Retailers - Mito : Sushis pr\u00eats \u00e0 savourer","og_url":"https:\/\/mito.ca\/en\/retailers\/","og_site_name":"Mito : Sushis pr\u00eats \u00e0 savourer","article_publisher":"https:\/\/www.facebook.com\/mito.entreprise\/","article_modified_time":"2021-10-06T19:10:51+00:00","og_image":[{"width":488,"height":306,"url":"https:\/\/mito.ca\/wp-content\/uploads\/2021\/10\/Mito_Vertical_Black_ENG.png","type":"image\/png"}],"twitter_card":"summary_large_image","schema":{"@context":"https:\/\/schema.org","@graph":[{"@type":"WebPage","@id":"https:\/\/mito.ca\/en\/retailers\/","url":"https:\/\/mito.ca\/en\/retailers\/","name":"Retailers - Mito : Sushis pr\u00eats \u00e0 savourer","isPartOf":{"@id":"https:\/\/mito.ca\/en\/#website"},"datePublished":"2021-07-18T21:41:38+00:00","dateModified":"2021-10-06T19:10:51+00:00","breadcrumb":{"@id":"https:\/\/mito.ca\/en\/retailers\/#breadcrumb"},"inLanguage":"en-CA","potentialAction":[{"@type":"ReadAction","target":["https:\/\/mito.ca\/en\/retailers\/"]}]},{"@type":"BreadcrumbList","@id":"https:\/\/mito.ca\/en\/retailers\/#breadcrumb","itemListElement":[{"@type":"ListItem","position":1,"name":"Home","item":"https:\/\/mito.ca\/en\/"},{"@type":"ListItem","position":2,"name":"Retailers"}]},{"@type":"WebSite","@id":"https:\/\/mito.ca\/en\/#website","url":"https:\/\/mito.ca\/en\/","name":"Mito : Sushis pr\u00eats \u00e0 savourer","description":"Sushis pr\u00eats \u00e0 savourer","publisher":{"@id":"https:\/\/mito.ca\/en\/#organization"},"potentialAction":[{"@type":"SearchAction","target":{"@type":"EntryPoint","urlTemplate":"https:\/\/mito.ca\/en\/?s={search_term_string}"},"query-input":{"@type":"PropertyValueSpecification","valueRequired":true,"valueName":"search_term_string"}}],"inLanguage":"en-CA"},{"@type":"Organization","@id":"https:\/\/mito.ca\/en\/#organization","name":"MITO Sushi","url":"https:\/\/mito.ca\/en\/","logo":{"@type":"ImageObject","inLanguage":"en-CA","@id":"https:\/\/mito.ca\/en\/#\/schema\/logo\/image\/","url":"https:\/\/mito.ca\/wp-content\/uploads\/2021\/10\/Mito_Vertical_Black_ENG.png","contentUrl":"https:\/\/mito.ca\/wp-content\/uploads\/2021\/10\/Mito_Vertical_Black_ENG.png","width":488,"height":306,"caption":"MITO Sushi"},"image":{"@id":"https:\/\/mito.ca\/en\/#\/schema\/logo\/image\/"},"sameAs":["https:\/\/www.facebook.com\/mito.entreprise\/","https:\/\/www.instagram.com\/mito.sushi\/","https:\/\/www.linkedin.com\/company\/mito-sushi\/","https:\/\/www.pinterest.ca\/avecmito\/_created\/","https:\/\/www.youtube.com\/channel\/UCTh6Wu1g6cSObHjpmrsqUJw"]}]}},"_links":{"self":[{"href":"https:\/\/mito.ca\/en\/wp-json\/wp\/v2\/pages\/2642","targetHints":{"allow":["GET"]}}],"collection":[{"href":"https:\/\/mito.ca\/en\/wp-json\/wp\/v2\/pages"}],"about":[{"href":"https:\/\/mito.ca\/en\/wp-json\/wp\/v2\/types\/page"}],"author":[{"embeddable":true,"href":"https:\/\/mito.ca\/en\/wp-json\/wp\/v2\/users\/2"}],"replies":[{"embeddable":true,"href":"https:\/\/mito.ca\/en\/wp-json\/wp\/v2\/comments?post=2642"}],"version-history":[{"count":2,"href":"https:\/\/mito.ca\/en\/wp-json\/wp\/v2\/pages\/2642\/revisions"}],"predecessor-version":[{"id":2644,"href":"https:\/\/mito.ca\/en\/wp-json\/wp\/v2\/pages\/2642\/revisions\/2644"}],"wp:attachment":[{"href":"https:\/\/mito.ca\/en\/wp-json\/wp\/v2\/media?parent=2642"}],"curies":[{"name":"wp","href":"https:\/\/api.w.org\/{rel}","templated":true}]}}