{"id":8241,"date":"2022-04-04T14:03:36","date_gmt":"2022-04-04T19:03:36","guid":{"rendered":"https:\/\/mito-develop.codebusters.app\/?page_id=8241"},"modified":"2022-04-05T12:11:19","modified_gmt":"2022-04-05T17:11:19","slug":"privacy-policy","status":"publish","type":"page","link":"https:\/\/mito.ca\/en\/privacy-policy\/","title":{"rendered":"Privacy Policy"},"content":{"rendered":"<div class=\"page\" title=\"Page 1\">\n<div class=\"layoutArea\">\n<div class=\"column\">\n<p><em>Last updated: 2022-04-11<\/em><\/p>\n<p>&nbsp;<\/p>\n<h3>SURFING IN MITO.CA<\/h3>\n<p>Welcome to the MITO GROUP INC. website (www.mito.ca). WWW.MITO.CA may contains links to external sites. MITO GROUP INC. is not responsible for the content of those sites, nor for their privacy-related practices. The following privacy policy works in conjunction with MITO GROUP INC. terms of use.<\/p>\n<h3><\/h3>\n<h3>COOKIES AND GOOGLE ANALYTICS<\/h3>\n<p>Google Analytics uses cookies to gather information on your surfing. It uses this information for statistical purposes in order to improve your experience. The information is stored in the United-States. Google may communicate it to third parties, if required to do so by law, and for its own internal processing. The data will also be shared on the MITO GROUP INC. Google Ads and Google Search Console accounts. The information includes, in particular:<\/p>\n<ul>\n<li>the anonymized IP address of your computer (your IP address is modified, which prevents anyone from connecting it to you),<\/li>\n<li>the operating system of your device,<\/li>\n<\/ul>\n<p>the pages consulted (the date, time and duration of your visits).<\/p>\n<p>Google advertising cookies are used to gather demographic data and information on visitors\u2019 centers of interest. The information is anonymized and cannot be associated with a specific person.<\/p>\n<p>You can configure your browser to block cookies, but this may affect your experience and limit your access to certain functions.<\/p>\n<h3>INTERACTIONS WITH MITO GROUP INC.<\/h3>\n<p>You may communicate with MITO GROUP INC. through various secure tools, including telephone and online services.<\/p>\n<\/div>\n<\/div>\n<\/div>\n<div class=\"page\" title=\"Page 2\">\n<div class=\"layoutArea\">\n<div class=\"column\">\n<p>Sending information by email is not entirely secure. For this reason, MITO GROUP INC. advises you against disclosing personal information in emails. MITO GROUP INC. does the same, by not answering your questions via email whenever this involves transmitting confidential data.<\/p>\n<h3><\/h3>\n<h3>CONFIDENTIALITY<\/h3>\n<p>Personal information gathered by MITO GROUP INC. is handled in compliance with the all laws in Quebec and Canada in respect to personal information protection. These laws set out the principles to be observed in collecting, using, communicating with or without consent, storing and destroying personal information, while setting up the appropriate security measures in accordance with the nature and quantity of the information.<\/p>\n<p>This information is sent to other private bodies only if the communication takes place in carrying out the mission of MITO GROUP INC., with the person\u2019s consent, or if the disclosure of the information is required by law, according to the applicable legal framework. MITO GROUP INC. does not use the information to create user profiles.<\/p>\n<p>&nbsp;<\/p>\n<h3>REQUEST FOR ACCESS<\/h3>\n<p>You may submit a request for access to learn what personal information is held by MITO GROUP INC by submitting a request to the following email: communications@mitosushi.com . You may also make a request to have this information corrected and or deleted.<\/p>\n<\/div>\n<\/div>\n<\/div>\n","protected":false},"excerpt":{"rendered":"<p>Last updated: 2022-04-11 &nbsp; SURFING IN MITO.CA Welcome to the MITO GROUP INC. website (www.mito.ca). WWW.MITO.CA may contains links to external sites. MITO GROUP INC. is not responsible for the content of those sites, nor for their privacy-related practices. The following privacy policy works in conjunction with MITO GROUP INC. terms of use. COOKIES AND [&hellip;]<\/p>\n","protected":false},"author":1,"featured_media":0,"parent":0,"menu_order":0,"comment_status":"closed","ping_status":"open","template":"","meta":{"_acf_changed":false,"inline_featured_image":false,"footnotes":""},"class_list":["post-8241","page","type-page","status-publish","hentry"],"acf":[],"yoast_head":"<!-- This site is optimized with the Yoast SEO plugin v27.1.1 - https:\/\/yoast.com\/product\/yoast-seo-wordpress\/ -->\n<title>Privacy Policy - Mito : Sushis pr\u00eats \u00e0 savourer<\/title>\n<meta name=\"robots\" content=\"index, follow, max-snippet:-1, max-image-preview:large, max-video-preview:-1\" \/>\n<link rel=\"canonical\" href=\"https:\/\/mito.ca\/en\/privacy-policy\/\" \/>\n<meta property=\"og:locale\" content=\"en_US\" \/>\n<meta property=\"og:type\" content=\"article\" \/>\n<meta property=\"og:title\" content=\"Privacy Policy - Mito : Sushis pr\u00eats \u00e0 savourer\" \/>\n<meta property=\"og:description\" content=\"Last updated: 2022-04-11 &nbsp; SURFING IN MITO.CA Welcome to the MITO GROUP INC. website (www.mito.ca). WWW.MITO.CA may contains links to external sites. MITO GROUP INC. is not responsible for the content of those sites, nor for their privacy-related practices. The following privacy policy works in conjunction with MITO GROUP INC. terms of use. COOKIES AND [&hellip;]\" \/>\n<meta property=\"og:url\" content=\"https:\/\/mito.ca\/en\/privacy-policy\/\" \/>\n<meta property=\"og:site_name\" content=\"Mito : Sushis pr\u00eats \u00e0 savourer\" \/>\n<meta property=\"article:publisher\" content=\"https:\/\/www.facebook.com\/mito.entreprise\/\" \/>\n<meta property=\"article:modified_time\" content=\"2022-04-05T17:11:19+00:00\" \/>\n<meta property=\"og:image\" content=\"https:\/\/mito.ca\/wp-content\/uploads\/2021\/10\/Mito_Vertical_Black_ENG.png\" \/>\n\t<meta property=\"og:image:width\" content=\"488\" \/>\n\t<meta property=\"og:image:height\" content=\"306\" \/>\n\t<meta property=\"og:image:type\" content=\"image\/png\" \/>\n<meta name=\"twitter:card\" content=\"summary_large_image\" \/>\n<meta name=\"twitter:label1\" content=\"Est. reading time\" \/>\n\t<meta name=\"twitter:data1\" content=\"3 minutes\" \/>\n<script type=\"application\/ld+json\" class=\"yoast-schema-graph\">{\"@context\":\"https:\/\/schema.org\",\"@graph\":[{\"@type\":\"WebPage\",\"@id\":\"https:\/\/mito.ca\/en\/privacy-policy\/\",\"url\":\"https:\/\/mito.ca\/en\/privacy-policy\/\",\"name\":\"Privacy Policy - Mito : Sushis pr\u00eats \u00e0 savourer\",\"isPartOf\":{\"@id\":\"https:\/\/mito.ca\/en\/#website\"},\"datePublished\":\"2022-04-04T19:03:36+00:00\",\"dateModified\":\"2022-04-05T17:11:19+00:00\",\"breadcrumb\":{\"@id\":\"https:\/\/mito.ca\/en\/privacy-policy\/#breadcrumb\"},\"inLanguage\":\"en-CA\",\"potentialAction\":[{\"@type\":\"ReadAction\",\"target\":[\"https:\/\/mito.ca\/en\/privacy-policy\/\"]}]},{\"@type\":\"BreadcrumbList\",\"@id\":\"https:\/\/mito.ca\/en\/privacy-policy\/#breadcrumb\",\"itemListElement\":[{\"@type\":\"ListItem\",\"position\":1,\"name\":\"Home\",\"item\":\"https:\/\/mito.ca\/en\/\"},{\"@type\":\"ListItem\",\"position\":2,\"name\":\"Privacy Policy\"}]},{\"@type\":\"WebSite\",\"@id\":\"https:\/\/mito.ca\/en\/#website\",\"url\":\"https:\/\/mito.ca\/en\/\",\"name\":\"Mito : Sushis pr\u00eats \u00e0 savourer\",\"description\":\"Sushis pr\u00eats \u00e0 savourer\",\"publisher\":{\"@id\":\"https:\/\/mito.ca\/en\/#organization\"},\"potentialAction\":[{\"@type\":\"SearchAction\",\"target\":{\"@type\":\"EntryPoint\",\"urlTemplate\":\"https:\/\/mito.ca\/en\/?s={search_term_string}\"},\"query-input\":{\"@type\":\"PropertyValueSpecification\",\"valueRequired\":true,\"valueName\":\"search_term_string\"}}],\"inLanguage\":\"en-CA\"},{\"@type\":\"Organization\",\"@id\":\"https:\/\/mito.ca\/en\/#organization\",\"name\":\"MITO Sushi\",\"url\":\"https:\/\/mito.ca\/en\/\",\"logo\":{\"@type\":\"ImageObject\",\"inLanguage\":\"en-CA\",\"@id\":\"https:\/\/mito.ca\/en\/#\/schema\/logo\/image\/\",\"url\":\"https:\/\/mito.ca\/wp-content\/uploads\/2021\/10\/Mito_Vertical_Black_ENG.png\",\"contentUrl\":\"https:\/\/mito.ca\/wp-content\/uploads\/2021\/10\/Mito_Vertical_Black_ENG.png\",\"width\":488,\"height\":306,\"caption\":\"MITO Sushi\"},\"image\":{\"@id\":\"https:\/\/mito.ca\/en\/#\/schema\/logo\/image\/\"},\"sameAs\":[\"https:\/\/www.facebook.com\/mito.entreprise\/\",\"https:\/\/www.instagram.com\/mito.sushi\/\",\"https:\/\/www.linkedin.com\/company\/mito-sushi\/\",\"https:\/\/www.pinterest.ca\/avecmito\/_created\/\",\"https:\/\/www.youtube.com\/channel\/UCTh6Wu1g6cSObHjpmrsqUJw\"]}]}<\/script>\n<!-- \/ Yoast SEO plugin. -->","yoast_head_json":{"title":"Privacy Policy - Mito : Sushis pr\u00eats \u00e0 savourer","robots":{"index":"index","follow":"follow","max-snippet":"max-snippet:-1","max-image-preview":"max-image-preview:large","max-video-preview":"max-video-preview:-1"},"canonical":"https:\/\/mito.ca\/en\/privacy-policy\/","og_locale":"en_US","og_type":"article","og_title":"Privacy Policy - Mito : Sushis pr\u00eats \u00e0 savourer","og_description":"Last updated: 2022-04-11 &nbsp; SURFING IN MITO.CA Welcome to the MITO GROUP INC. website (www.mito.ca). WWW.MITO.CA may contains links to external sites. MITO GROUP INC. is not responsible for the content of those sites, nor for their privacy-related practices. The following privacy policy works in conjunction with MITO GROUP INC. terms of use. COOKIES AND [&hellip;]","og_url":"https:\/\/mito.ca\/en\/privacy-policy\/","og_site_name":"Mito : Sushis pr\u00eats \u00e0 savourer","article_publisher":"https:\/\/www.facebook.com\/mito.entreprise\/","article_modified_time":"2022-04-05T17:11:19+00:00","og_image":[{"width":488,"height":306,"url":"https:\/\/mito.ca\/wp-content\/uploads\/2021\/10\/Mito_Vertical_Black_ENG.png","type":"image\/png"}],"twitter_card":"summary_large_image","twitter_misc":{"Est. reading time":"3 minutes"},"schema":{"@context":"https:\/\/schema.org","@graph":[{"@type":"WebPage","@id":"https:\/\/mito.ca\/en\/privacy-policy\/","url":"https:\/\/mito.ca\/en\/privacy-policy\/","name":"Privacy Policy - Mito : Sushis pr\u00eats \u00e0 savourer","isPartOf":{"@id":"https:\/\/mito.ca\/en\/#website"},"datePublished":"2022-04-04T19:03:36+00:00","dateModified":"2022-04-05T17:11:19+00:00","breadcrumb":{"@id":"https:\/\/mito.ca\/en\/privacy-policy\/#breadcrumb"},"inLanguage":"en-CA","potentialAction":[{"@type":"ReadAction","target":["https:\/\/mito.ca\/en\/privacy-policy\/"]}]},{"@type":"BreadcrumbList","@id":"https:\/\/mito.ca\/en\/privacy-policy\/#breadcrumb","itemListElement":[{"@type":"ListItem","position":1,"name":"Home","item":"https:\/\/mito.ca\/en\/"},{"@type":"ListItem","position":2,"name":"Privacy Policy"}]},{"@type":"WebSite","@id":"https:\/\/mito.ca\/en\/#website","url":"https:\/\/mito.ca\/en\/","name":"Mito : Sushis pr\u00eats \u00e0 savourer","description":"Sushis pr\u00eats \u00e0 savourer","publisher":{"@id":"https:\/\/mito.ca\/en\/#organization"},"potentialAction":[{"@type":"SearchAction","target":{"@type":"EntryPoint","urlTemplate":"https:\/\/mito.ca\/en\/?s={search_term_string}"},"query-input":{"@type":"PropertyValueSpecification","valueRequired":true,"valueName":"search_term_string"}}],"inLanguage":"en-CA"},{"@type":"Organization","@id":"https:\/\/mito.ca\/en\/#organization","name":"MITO Sushi","url":"https:\/\/mito.ca\/en\/","logo":{"@type":"ImageObject","inLanguage":"en-CA","@id":"https:\/\/mito.ca\/en\/#\/schema\/logo\/image\/","url":"https:\/\/mito.ca\/wp-content\/uploads\/2021\/10\/Mito_Vertical_Black_ENG.png","contentUrl":"https:\/\/mito.ca\/wp-content\/uploads\/2021\/10\/Mito_Vertical_Black_ENG.png","width":488,"height":306,"caption":"MITO Sushi"},"image":{"@id":"https:\/\/mito.ca\/en\/#\/schema\/logo\/image\/"},"sameAs":["https:\/\/www.facebook.com\/mito.entreprise\/","https:\/\/www.instagram.com\/mito.sushi\/","https:\/\/www.linkedin.com\/company\/mito-sushi\/","https:\/\/www.pinterest.ca\/avecmito\/_created\/","https:\/\/www.youtube.com\/channel\/UCTh6Wu1g6cSObHjpmrsqUJw"]}]}},"_links":{"self":[{"href":"https:\/\/mito.ca\/en\/wp-json\/wp\/v2\/pages\/8241","targetHints":{"allow":["GET"]}}],"collection":[{"href":"https:\/\/mito.ca\/en\/wp-json\/wp\/v2\/pages"}],"about":[{"href":"https:\/\/mito.ca\/en\/wp-json\/wp\/v2\/types\/page"}],"author":[{"embeddable":true,"href":"https:\/\/mito.ca\/en\/wp-json\/wp\/v2\/users\/1"}],"replies":[{"embeddable":true,"href":"https:\/\/mito.ca\/en\/wp-json\/wp\/v2\/comments?post=8241"}],"version-history":[{"count":2,"href":"https:\/\/mito.ca\/en\/wp-json\/wp\/v2\/pages\/8241\/revisions"}],"predecessor-version":[{"id":8298,"href":"https:\/\/mito.ca\/en\/wp-json\/wp\/v2\/pages\/8241\/revisions\/8298"}],"wp:attachment":[{"href":"https:\/\/mito.ca\/en\/wp-json\/wp\/v2\/media?parent=8241"}],"curies":[{"name":"wp","href":"https:\/\/api.w.org\/{rel}","templated":true}]}}