{"id":8245,"date":"2022-04-04T14:06:18","date_gmt":"2022-04-04T19:06:18","guid":{"rendered":"https:\/\/mito-develop.codebusters.app\/?page_id=8245"},"modified":"2022-04-05T12:13:27","modified_gmt":"2022-04-05T17:13:27","slug":"terms-of-use","status":"publish","type":"page","link":"https:\/\/mito.ca\/en\/terms-of-use\/","title":{"rendered":"Terms of Use"},"content":{"rendered":"<div class=\"page\" title=\"Page 1\">\n<div class=\"layoutArea\">\n<div class=\"column\">\n<p><em>Last update: 2022-04-11<\/em><\/p>\n<h3><\/h3>\n<h3>INTRODUCTION<\/h3>\n<p>Welcome to the MITO GROUP INC. website (www.mito.ca). By navigating within our website, you accept the modalities and terms of use that follow. If this is not your intention, please leave the site.<\/p>\n<p>&nbsp;<\/p>\n<h3>INTELLECTUAL PROPERTY NOTICE<\/h3>\n<p>The MITO GROUP INC. website as well as all the content held within and\/or that are accessed on the website are protected under copyright law. All adaptations and\/or distribution of content is strictly forbidden without written preapproval from a competent member of MITO GROUP INC.<\/p>\n<h3>LIABILITY DISCLAIMER<\/h3>\n<p>MITO GROUP INC. offers no guarantee in regards to the accuracy, pertinence and\/or reliability of the content of the website, nor any erroneous element and\/or omission that the site could contain. Under no circumstance should the information on the website be considered judicial advice. MITO GROUP INC. declines all responsibility in regards to the usage of this website.<\/p>\n<p>&nbsp;<\/p>\n<h3>PROTECTION OF PERSONNAL INFORMATION<\/h3>\n<p>MITO GROUP INC. respects your right to protection of personal information, in accordance with the laws of Quebec and Canada.<\/p>\n<p>MITO GROUP INC. could in some ways procure information in regards to the users of the website and their personal information. This personal information is to be used by MITO GROUP INC. exclusively to communicate with you in regards to services and\/or information you have requested and\/or information MITO GROUP INC. believes might be of interest to the users of the site. MITO GROUP INC. will only use the personal information and\/or data collected for purposes of the above-mentioned communications unless MITO GROUP INC. has received your consent. If you do not desire to receive communications and\/or information as mentioned above, you can inform MITO GROUP INC. by communicating directly with us at the following email (reception@mitosushi.com) and\/or telephone (514) 223-2600.<\/p>\n<\/div>\n<\/div>\n<\/div>\n","protected":false},"excerpt":{"rendered":"<p>Last update: 2022-04-11 INTRODUCTION Welcome to the MITO GROUP INC. website (www.mito.ca). By navigating within our website, you accept the modalities and terms of use that follow. If this is not your intention, please leave the site. &nbsp; INTELLECTUAL PROPERTY NOTICE The MITO GROUP INC. website as well as all the content held within and\/or [&hellip;]<\/p>\n","protected":false},"author":1,"featured_media":0,"parent":0,"menu_order":0,"comment_status":"closed","ping_status":"closed","template":"","meta":{"_acf_changed":false,"inline_featured_image":false,"footnotes":""},"class_list":["post-8245","page","type-page","status-publish","hentry"],"acf":[],"yoast_head":"<!-- This site is optimized with the Yoast SEO plugin v27.1.1 - https:\/\/yoast.com\/product\/yoast-seo-wordpress\/ -->\n<title>Terms of Use - Mito : Sushis pr\u00eats \u00e0 savourer<\/title>\n<meta name=\"robots\" content=\"index, follow, max-snippet:-1, max-image-preview:large, max-video-preview:-1\" \/>\n<link rel=\"canonical\" href=\"https:\/\/mito.ca\/en\/terms-of-use\/\" \/>\n<meta property=\"og:locale\" content=\"en_US\" \/>\n<meta property=\"og:type\" content=\"article\" \/>\n<meta property=\"og:title\" content=\"Terms of Use - Mito : Sushis pr\u00eats \u00e0 savourer\" \/>\n<meta property=\"og:description\" content=\"Last update: 2022-04-11 INTRODUCTION Welcome to the MITO GROUP INC. website (www.mito.ca). By navigating within our website, you accept the modalities and terms of use that follow. If this is not your intention, please leave the site. &nbsp; INTELLECTUAL PROPERTY NOTICE The MITO GROUP INC. website as well as all the content held within and\/or [&hellip;]\" \/>\n<meta property=\"og:url\" content=\"https:\/\/mito.ca\/en\/terms-of-use\/\" \/>\n<meta property=\"og:site_name\" content=\"Mito : Sushis pr\u00eats \u00e0 savourer\" \/>\n<meta property=\"article:publisher\" content=\"https:\/\/www.facebook.com\/mito.entreprise\/\" \/>\n<meta property=\"article:modified_time\" content=\"2022-04-05T17:13:27+00:00\" \/>\n<meta property=\"og:image\" content=\"https:\/\/mito.ca\/wp-content\/uploads\/2021\/10\/Mito_Vertical_Black_ENG.png\" \/>\n\t<meta property=\"og:image:width\" content=\"488\" \/>\n\t<meta property=\"og:image:height\" content=\"306\" \/>\n\t<meta property=\"og:image:type\" content=\"image\/png\" \/>\n<meta name=\"twitter:card\" content=\"summary_large_image\" \/>\n<meta name=\"twitter:label1\" content=\"Est. reading time\" \/>\n\t<meta name=\"twitter:data1\" content=\"2 minutes\" \/>\n<script type=\"application\/ld+json\" class=\"yoast-schema-graph\">{\"@context\":\"https:\/\/schema.org\",\"@graph\":[{\"@type\":\"WebPage\",\"@id\":\"https:\/\/mito.ca\/en\/terms-of-use\/\",\"url\":\"https:\/\/mito.ca\/en\/terms-of-use\/\",\"name\":\"Terms of Use - Mito : Sushis pr\u00eats \u00e0 savourer\",\"isPartOf\":{\"@id\":\"https:\/\/mito.ca\/en\/#website\"},\"datePublished\":\"2022-04-04T19:06:18+00:00\",\"dateModified\":\"2022-04-05T17:13:27+00:00\",\"breadcrumb\":{\"@id\":\"https:\/\/mito.ca\/en\/terms-of-use\/#breadcrumb\"},\"inLanguage\":\"en-CA\",\"potentialAction\":[{\"@type\":\"ReadAction\",\"target\":[\"https:\/\/mito.ca\/en\/terms-of-use\/\"]}]},{\"@type\":\"BreadcrumbList\",\"@id\":\"https:\/\/mito.ca\/en\/terms-of-use\/#breadcrumb\",\"itemListElement\":[{\"@type\":\"ListItem\",\"position\":1,\"name\":\"Home\",\"item\":\"https:\/\/mito.ca\/en\/\"},{\"@type\":\"ListItem\",\"position\":2,\"name\":\"Terms of Use\"}]},{\"@type\":\"WebSite\",\"@id\":\"https:\/\/mito.ca\/en\/#website\",\"url\":\"https:\/\/mito.ca\/en\/\",\"name\":\"Mito : Sushis pr\u00eats \u00e0 savourer\",\"description\":\"Sushis pr\u00eats \u00e0 savourer\",\"publisher\":{\"@id\":\"https:\/\/mito.ca\/en\/#organization\"},\"potentialAction\":[{\"@type\":\"SearchAction\",\"target\":{\"@type\":\"EntryPoint\",\"urlTemplate\":\"https:\/\/mito.ca\/en\/?s={search_term_string}\"},\"query-input\":{\"@type\":\"PropertyValueSpecification\",\"valueRequired\":true,\"valueName\":\"search_term_string\"}}],\"inLanguage\":\"en-CA\"},{\"@type\":\"Organization\",\"@id\":\"https:\/\/mito.ca\/en\/#organization\",\"name\":\"MITO Sushi\",\"url\":\"https:\/\/mito.ca\/en\/\",\"logo\":{\"@type\":\"ImageObject\",\"inLanguage\":\"en-CA\",\"@id\":\"https:\/\/mito.ca\/en\/#\/schema\/logo\/image\/\",\"url\":\"https:\/\/mito.ca\/wp-content\/uploads\/2021\/10\/Mito_Vertical_Black_ENG.png\",\"contentUrl\":\"https:\/\/mito.ca\/wp-content\/uploads\/2021\/10\/Mito_Vertical_Black_ENG.png\",\"width\":488,\"height\":306,\"caption\":\"MITO Sushi\"},\"image\":{\"@id\":\"https:\/\/mito.ca\/en\/#\/schema\/logo\/image\/\"},\"sameAs\":[\"https:\/\/www.facebook.com\/mito.entreprise\/\",\"https:\/\/www.instagram.com\/mito.sushi\/\",\"https:\/\/www.linkedin.com\/company\/mito-sushi\/\",\"https:\/\/www.pinterest.ca\/avecmito\/_created\/\",\"https:\/\/www.youtube.com\/channel\/UCTh6Wu1g6cSObHjpmrsqUJw\"]}]}<\/script>\n<!-- \/ Yoast SEO plugin. -->","yoast_head_json":{"title":"Terms of Use - Mito : Sushis pr\u00eats \u00e0 savourer","robots":{"index":"index","follow":"follow","max-snippet":"max-snippet:-1","max-image-preview":"max-image-preview:large","max-video-preview":"max-video-preview:-1"},"canonical":"https:\/\/mito.ca\/en\/terms-of-use\/","og_locale":"en_US","og_type":"article","og_title":"Terms of Use - Mito : Sushis pr\u00eats \u00e0 savourer","og_description":"Last update: 2022-04-11 INTRODUCTION Welcome to the MITO GROUP INC. website (www.mito.ca). By navigating within our website, you accept the modalities and terms of use that follow. If this is not your intention, please leave the site. &nbsp; INTELLECTUAL PROPERTY NOTICE The MITO GROUP INC. website as well as all the content held within and\/or [&hellip;]","og_url":"https:\/\/mito.ca\/en\/terms-of-use\/","og_site_name":"Mito : Sushis pr\u00eats \u00e0 savourer","article_publisher":"https:\/\/www.facebook.com\/mito.entreprise\/","article_modified_time":"2022-04-05T17:13:27+00:00","og_image":[{"width":488,"height":306,"url":"https:\/\/mito.ca\/wp-content\/uploads\/2021\/10\/Mito_Vertical_Black_ENG.png","type":"image\/png"}],"twitter_card":"summary_large_image","twitter_misc":{"Est. reading time":"2 minutes"},"schema":{"@context":"https:\/\/schema.org","@graph":[{"@type":"WebPage","@id":"https:\/\/mito.ca\/en\/terms-of-use\/","url":"https:\/\/mito.ca\/en\/terms-of-use\/","name":"Terms of Use - Mito : Sushis pr\u00eats \u00e0 savourer","isPartOf":{"@id":"https:\/\/mito.ca\/en\/#website"},"datePublished":"2022-04-04T19:06:18+00:00","dateModified":"2022-04-05T17:13:27+00:00","breadcrumb":{"@id":"https:\/\/mito.ca\/en\/terms-of-use\/#breadcrumb"},"inLanguage":"en-CA","potentialAction":[{"@type":"ReadAction","target":["https:\/\/mito.ca\/en\/terms-of-use\/"]}]},{"@type":"BreadcrumbList","@id":"https:\/\/mito.ca\/en\/terms-of-use\/#breadcrumb","itemListElement":[{"@type":"ListItem","position":1,"name":"Home","item":"https:\/\/mito.ca\/en\/"},{"@type":"ListItem","position":2,"name":"Terms of Use"}]},{"@type":"WebSite","@id":"https:\/\/mito.ca\/en\/#website","url":"https:\/\/mito.ca\/en\/","name":"Mito : Sushis pr\u00eats \u00e0 savourer","description":"Sushis pr\u00eats \u00e0 savourer","publisher":{"@id":"https:\/\/mito.ca\/en\/#organization"},"potentialAction":[{"@type":"SearchAction","target":{"@type":"EntryPoint","urlTemplate":"https:\/\/mito.ca\/en\/?s={search_term_string}"},"query-input":{"@type":"PropertyValueSpecification","valueRequired":true,"valueName":"search_term_string"}}],"inLanguage":"en-CA"},{"@type":"Organization","@id":"https:\/\/mito.ca\/en\/#organization","name":"MITO Sushi","url":"https:\/\/mito.ca\/en\/","logo":{"@type":"ImageObject","inLanguage":"en-CA","@id":"https:\/\/mito.ca\/en\/#\/schema\/logo\/image\/","url":"https:\/\/mito.ca\/wp-content\/uploads\/2021\/10\/Mito_Vertical_Black_ENG.png","contentUrl":"https:\/\/mito.ca\/wp-content\/uploads\/2021\/10\/Mito_Vertical_Black_ENG.png","width":488,"height":306,"caption":"MITO Sushi"},"image":{"@id":"https:\/\/mito.ca\/en\/#\/schema\/logo\/image\/"},"sameAs":["https:\/\/www.facebook.com\/mito.entreprise\/","https:\/\/www.instagram.com\/mito.sushi\/","https:\/\/www.linkedin.com\/company\/mito-sushi\/","https:\/\/www.pinterest.ca\/avecmito\/_created\/","https:\/\/www.youtube.com\/channel\/UCTh6Wu1g6cSObHjpmrsqUJw"]}]}},"_links":{"self":[{"href":"https:\/\/mito.ca\/en\/wp-json\/wp\/v2\/pages\/8245","targetHints":{"allow":["GET"]}}],"collection":[{"href":"https:\/\/mito.ca\/en\/wp-json\/wp\/v2\/pages"}],"about":[{"href":"https:\/\/mito.ca\/en\/wp-json\/wp\/v2\/types\/page"}],"author":[{"embeddable":true,"href":"https:\/\/mito.ca\/en\/wp-json\/wp\/v2\/users\/1"}],"replies":[{"embeddable":true,"href":"https:\/\/mito.ca\/en\/wp-json\/wp\/v2\/comments?post=8245"}],"version-history":[{"count":2,"href":"https:\/\/mito.ca\/en\/wp-json\/wp\/v2\/pages\/8245\/revisions"}],"predecessor-version":[{"id":8302,"href":"https:\/\/mito.ca\/en\/wp-json\/wp\/v2\/pages\/8245\/revisions\/8302"}],"wp:attachment":[{"href":"https:\/\/mito.ca\/en\/wp-json\/wp\/v2\/media?parent=8245"}],"curies":[{"name":"wp","href":"https:\/\/api.w.org\/{rel}","templated":true}]}}