{"id":13958,"date":"2023-07-03T13:42:01","date_gmt":"2023-07-03T17:42:01","guid":{"rendered":"https:\/\/mito-develop.codebusters.app\/product\/salmon-and-mango-bubble-tea-combo-10-pcs\/"},"modified":"2023-07-31T09:01:30","modified_gmt":"2023-07-31T13:01:30","slug":"salmon-and-mango-bubble-tea-combo-10-pcs","status":"publish","type":"product","link":"https:\/\/mito.ca\/en\/product\/salmon-and-mango-bubble-tea-combo-10-pcs\/","title":{"rendered":"Salmon and Mango Bubble Tea combo &#8211; 10 pcs"},"content":{"rendered":"","protected":false},"excerpt":{"rendered":"<p>Simplify your meals with our delicious Salmon and Mango Bubble Tea combo including:<\/p>\n<ul>\n<li>6 Vegetarian Futomakis with Salmon and Mango Bubble Tea topping<\/li>\n<li><a href=\"https:\/\/mito.ca\/en\/product\/cucumber-hosomaki-rolls\/\" target=\"_blank\" rel=\"noopener\">4 Cucumber Hosomakis<\/a><\/li>\n<\/ul>\n<p>&nbsp;<\/p>\n<p>Combo accompanied by MITO sushi sauce, pickled ginger and wasabi paste.<\/p>\n","protected":false},"featured_media":13957,"comment_status":"closed","ping_status":"closed","template":"","format":[405],"meta":{"_acf_changed":false,"inline_featured_image":false},"product_brand":[],"product_cat":[367],"product_tag":[],"ingredients":[370,371,372,374,377,381],"allergene_peut_contenir":[383,384,387,388,382],"allergene_contient":[401,395,396,397,398,399,400],"mito_product_tags":[],"type_de_produit":[768],"mood":[414],"proteine":[420],"ingredients_secondaire":[426,427,428,429,430,434],"class_list":{"0":"post-13958","1":"product","2":"type-product","3":"status-publish","4":"has-post-thumbnail","6":"product_cat-products-ready-to-enjoy","7":"ingredients-avocado","8":"ingredients-cucumber","9":"ingredients-carott","10":"ingredients-japanese-pickled-radish","11":"ingredients-pepper","12":"ingredients-tempura-en","13":"allergene_peut_contenir-milk","14":"allergene_peut_contenir-nuts-en","15":"allergene_peut_contenir-crustacean","16":"allergene_peut_contenir-mollusk","17":"allergene_peut_contenir-peanuts","18":"allergene_contient-mustard","19":"allergene_contient-egg","20":"allergene_contient-wheat-or-triticale","21":"allergene_contient-sesame-en","22":"allergene_contient-fish","23":"allergene_contient-soy","24":"allergene_contient-sulphites","25":"format-combos-en","26":"type_de_produit-hosomakis-futomakis-en","27":"mood-new","28":"proteine-salmon","29":"ingredients_secondaire-green-onions","30":"ingredients_secondaire-sesame-seeds","31":"ingredients_secondaire-korean-spices","32":"ingredients_secondaire-spicy-mayo","33":"ingredients_secondaire-rice","34":"ingredients_secondaire-toasted-seaweed-en","36":"first","37":"outofstock","38":"taxable","39":"shipping-taxable","40":"purchasable","41":"product-type-simple"},"acf":[],"yoast_head":"<!-- This site is optimized with the Yoast SEO plugin v27.1.1 - https:\/\/yoast.com\/product\/yoast-seo-wordpress\/ -->\n<title>Salmon and Mango Bubble Tea combo - 10 pcs - Mito : Sushis pr\u00eats \u00e0 savourer<\/title>\n<meta name=\"description\" content=\"Salmon and Mango Bubble Tea combo - 10 pcs\" \/>\n<meta name=\"robots\" content=\"index, follow, max-snippet:-1, max-image-preview:large, max-video-preview:-1\" \/>\n<link rel=\"canonical\" href=\"https:\/\/mito.ca\/en\/product\/salmon-and-mango-bubble-tea-combo-10-pcs\/\" \/>\n<meta property=\"og:locale\" content=\"en_US\" \/>\n<meta property=\"og:type\" content=\"article\" \/>\n<meta property=\"og:title\" content=\"Salmon and Mango Bubble Tea combo - 10 pcs - Mito : Sushis pr\u00eats \u00e0 savourer\" \/>\n<meta property=\"og:description\" content=\"Salmon and Mango Bubble Tea combo - 10 pcs\" \/>\n<meta property=\"og:url\" content=\"https:\/\/mito.ca\/en\/product\/salmon-and-mango-bubble-tea-combo-10-pcs\/\" \/>\n<meta property=\"og:site_name\" content=\"Mito : Sushis pr\u00eats \u00e0 savourer\" \/>\n<meta property=\"article:publisher\" content=\"https:\/\/www.facebook.com\/mito.entreprise\/\" \/>\n<meta property=\"article:modified_time\" content=\"2023-07-31T13:01:30+00:00\" \/>\n<meta property=\"og:image\" content=\"https:\/\/mito.ca\/wp-content\/uploads\/2023\/07\/Mito-CPT-Maki-Bobba-pearl-1.png\" \/>\n\t<meta property=\"og:image:width\" content=\"800\" \/>\n\t<meta property=\"og:image:height\" content=\"795\" \/>\n\t<meta property=\"og:image:type\" content=\"image\/png\" \/>\n<meta name=\"twitter:card\" content=\"summary_large_image\" \/>\n<script type=\"application\/ld+json\" class=\"yoast-schema-graph\">{\"@context\":\"https:\/\/schema.org\",\"@graph\":[{\"@type\":\"WebPage\",\"@id\":\"https:\/\/mito.ca\/en\/product\/salmon-and-mango-bubble-tea-combo-10-pcs\/\",\"url\":\"https:\/\/mito.ca\/en\/product\/salmon-and-mango-bubble-tea-combo-10-pcs\/\",\"name\":\"Salmon and Mango Bubble Tea combo - 10 pcs - Mito : Sushis pr\u00eats \u00e0 savourer\",\"isPartOf\":{\"@id\":\"https:\/\/mito.ca\/en\/#website\"},\"primaryImageOfPage\":{\"@id\":\"https:\/\/mito.ca\/en\/product\/salmon-and-mango-bubble-tea-combo-10-pcs\/#primaryimage\"},\"image\":{\"@id\":\"https:\/\/mito.ca\/en\/product\/salmon-and-mango-bubble-tea-combo-10-pcs\/#primaryimage\"},\"thumbnailUrl\":\"https:\/\/mito.ca\/wp-content\/uploads\/2023\/07\/Mito-CPT-Maki-Bobba-pearl-1.png\",\"datePublished\":\"2023-07-03T17:42:01+00:00\",\"dateModified\":\"2023-07-31T13:01:30+00:00\",\"description\":\"Salmon and Mango Bubble Tea combo - 10 pcs\",\"breadcrumb\":{\"@id\":\"https:\/\/mito.ca\/en\/product\/salmon-and-mango-bubble-tea-combo-10-pcs\/#breadcrumb\"},\"inLanguage\":\"en-CA\",\"potentialAction\":[{\"@type\":\"ReadAction\",\"target\":[\"https:\/\/mito.ca\/en\/product\/salmon-and-mango-bubble-tea-combo-10-pcs\/\"]}]},{\"@type\":\"ImageObject\",\"inLanguage\":\"en-CA\",\"@id\":\"https:\/\/mito.ca\/en\/product\/salmon-and-mango-bubble-tea-combo-10-pcs\/#primaryimage\",\"url\":\"https:\/\/mito.ca\/wp-content\/uploads\/2023\/07\/Mito-CPT-Maki-Bobba-pearl-1.png\",\"contentUrl\":\"https:\/\/mito.ca\/wp-content\/uploads\/2023\/07\/Mito-CPT-Maki-Bobba-pearl-1.png\",\"width\":800,\"height\":795},{\"@type\":\"BreadcrumbList\",\"@id\":\"https:\/\/mito.ca\/en\/product\/salmon-and-mango-bubble-tea-combo-10-pcs\/#breadcrumb\",\"itemListElement\":[{\"@type\":\"ListItem\",\"position\":1,\"name\":\"Home\",\"item\":\"https:\/\/mito.ca\/en\/\"},{\"@type\":\"ListItem\",\"position\":2,\"name\":\"Boutique\",\"item\":\"https:\/\/mito.ca\/boutique\/\"},{\"@type\":\"ListItem\",\"position\":3,\"name\":\"Salmon and Mango Bubble Tea combo &#8211; 10 pcs\"}]},{\"@type\":\"WebSite\",\"@id\":\"https:\/\/mito.ca\/en\/#website\",\"url\":\"https:\/\/mito.ca\/en\/\",\"name\":\"Mito : Sushis pr\u00eats \u00e0 savourer\",\"description\":\"Sushis pr\u00eats \u00e0 savourer\",\"publisher\":{\"@id\":\"https:\/\/mito.ca\/en\/#organization\"},\"potentialAction\":[{\"@type\":\"SearchAction\",\"target\":{\"@type\":\"EntryPoint\",\"urlTemplate\":\"https:\/\/mito.ca\/en\/?s={search_term_string}\"},\"query-input\":{\"@type\":\"PropertyValueSpecification\",\"valueRequired\":true,\"valueName\":\"search_term_string\"}}],\"inLanguage\":\"en-CA\"},{\"@type\":\"Organization\",\"@id\":\"https:\/\/mito.ca\/en\/#organization\",\"name\":\"MITO Sushi\",\"url\":\"https:\/\/mito.ca\/en\/\",\"logo\":{\"@type\":\"ImageObject\",\"inLanguage\":\"en-CA\",\"@id\":\"https:\/\/mito.ca\/en\/#\/schema\/logo\/image\/\",\"url\":\"https:\/\/mito.ca\/wp-content\/uploads\/2021\/10\/Mito_Vertical_Black_ENG.png\",\"contentUrl\":\"https:\/\/mito.ca\/wp-content\/uploads\/2021\/10\/Mito_Vertical_Black_ENG.png\",\"width\":488,\"height\":306,\"caption\":\"MITO Sushi\"},\"image\":{\"@id\":\"https:\/\/mito.ca\/en\/#\/schema\/logo\/image\/\"},\"sameAs\":[\"https:\/\/www.facebook.com\/mito.entreprise\/\",\"https:\/\/www.instagram.com\/mito.sushi\/\",\"https:\/\/www.linkedin.com\/company\/mito-sushi\/\",\"https:\/\/www.pinterest.ca\/avecmito\/_created\/\",\"https:\/\/www.youtube.com\/channel\/UCTh6Wu1g6cSObHjpmrsqUJw\"]}]}<\/script>\n<!-- \/ Yoast SEO plugin. -->","yoast_head_json":{"title":"Salmon and Mango Bubble Tea combo - 10 pcs - Mito : Sushis pr\u00eats \u00e0 savourer","description":"Salmon and Mango Bubble Tea combo - 10 pcs","robots":{"index":"index","follow":"follow","max-snippet":"max-snippet:-1","max-image-preview":"max-image-preview:large","max-video-preview":"max-video-preview:-1"},"canonical":"https:\/\/mito.ca\/en\/product\/salmon-and-mango-bubble-tea-combo-10-pcs\/","og_locale":"en_US","og_type":"article","og_title":"Salmon and Mango Bubble Tea combo - 10 pcs - Mito : Sushis pr\u00eats \u00e0 savourer","og_description":"Salmon and Mango Bubble Tea combo - 10 pcs","og_url":"https:\/\/mito.ca\/en\/product\/salmon-and-mango-bubble-tea-combo-10-pcs\/","og_site_name":"Mito : Sushis pr\u00eats \u00e0 savourer","article_publisher":"https:\/\/www.facebook.com\/mito.entreprise\/","article_modified_time":"2023-07-31T13:01:30+00:00","og_image":[{"width":800,"height":795,"url":"https:\/\/mito.ca\/wp-content\/uploads\/2023\/07\/Mito-CPT-Maki-Bobba-pearl-1.png","type":"image\/png"}],"twitter_card":"summary_large_image","schema":{"@context":"https:\/\/schema.org","@graph":[{"@type":"WebPage","@id":"https:\/\/mito.ca\/en\/product\/salmon-and-mango-bubble-tea-combo-10-pcs\/","url":"https:\/\/mito.ca\/en\/product\/salmon-and-mango-bubble-tea-combo-10-pcs\/","name":"Salmon and Mango Bubble Tea combo - 10 pcs - Mito : Sushis pr\u00eats \u00e0 savourer","isPartOf":{"@id":"https:\/\/mito.ca\/en\/#website"},"primaryImageOfPage":{"@id":"https:\/\/mito.ca\/en\/product\/salmon-and-mango-bubble-tea-combo-10-pcs\/#primaryimage"},"image":{"@id":"https:\/\/mito.ca\/en\/product\/salmon-and-mango-bubble-tea-combo-10-pcs\/#primaryimage"},"thumbnailUrl":"https:\/\/mito.ca\/wp-content\/uploads\/2023\/07\/Mito-CPT-Maki-Bobba-pearl-1.png","datePublished":"2023-07-03T17:42:01+00:00","dateModified":"2023-07-31T13:01:30+00:00","description":"Salmon and Mango Bubble Tea combo - 10 pcs","breadcrumb":{"@id":"https:\/\/mito.ca\/en\/product\/salmon-and-mango-bubble-tea-combo-10-pcs\/#breadcrumb"},"inLanguage":"en-CA","potentialAction":[{"@type":"ReadAction","target":["https:\/\/mito.ca\/en\/product\/salmon-and-mango-bubble-tea-combo-10-pcs\/"]}]},{"@type":"ImageObject","inLanguage":"en-CA","@id":"https:\/\/mito.ca\/en\/product\/salmon-and-mango-bubble-tea-combo-10-pcs\/#primaryimage","url":"https:\/\/mito.ca\/wp-content\/uploads\/2023\/07\/Mito-CPT-Maki-Bobba-pearl-1.png","contentUrl":"https:\/\/mito.ca\/wp-content\/uploads\/2023\/07\/Mito-CPT-Maki-Bobba-pearl-1.png","width":800,"height":795},{"@type":"BreadcrumbList","@id":"https:\/\/mito.ca\/en\/product\/salmon-and-mango-bubble-tea-combo-10-pcs\/#breadcrumb","itemListElement":[{"@type":"ListItem","position":1,"name":"Home","item":"https:\/\/mito.ca\/en\/"},{"@type":"ListItem","position":2,"name":"Boutique","item":"https:\/\/mito.ca\/boutique\/"},{"@type":"ListItem","position":3,"name":"Salmon and Mango Bubble Tea combo &#8211; 10 pcs"}]},{"@type":"WebSite","@id":"https:\/\/mito.ca\/en\/#website","url":"https:\/\/mito.ca\/en\/","name":"Mito : Sushis pr\u00eats \u00e0 savourer","description":"Sushis pr\u00eats \u00e0 savourer","publisher":{"@id":"https:\/\/mito.ca\/en\/#organization"},"potentialAction":[{"@type":"SearchAction","target":{"@type":"EntryPoint","urlTemplate":"https:\/\/mito.ca\/en\/?s={search_term_string}"},"query-input":{"@type":"PropertyValueSpecification","valueRequired":true,"valueName":"search_term_string"}}],"inLanguage":"en-CA"},{"@type":"Organization","@id":"https:\/\/mito.ca\/en\/#organization","name":"MITO Sushi","url":"https:\/\/mito.ca\/en\/","logo":{"@type":"ImageObject","inLanguage":"en-CA","@id":"https:\/\/mito.ca\/en\/#\/schema\/logo\/image\/","url":"https:\/\/mito.ca\/wp-content\/uploads\/2021\/10\/Mito_Vertical_Black_ENG.png","contentUrl":"https:\/\/mito.ca\/wp-content\/uploads\/2021\/10\/Mito_Vertical_Black_ENG.png","width":488,"height":306,"caption":"MITO Sushi"},"image":{"@id":"https:\/\/mito.ca\/en\/#\/schema\/logo\/image\/"},"sameAs":["https:\/\/www.facebook.com\/mito.entreprise\/","https:\/\/www.instagram.com\/mito.sushi\/","https:\/\/www.linkedin.com\/company\/mito-sushi\/","https:\/\/www.pinterest.ca\/avecmito\/_created\/","https:\/\/www.youtube.com\/channel\/UCTh6Wu1g6cSObHjpmrsqUJw"]}]}},"_links":{"self":[{"href":"https:\/\/mito.ca\/en\/wp-json\/wp\/v2\/product\/13958","targetHints":{"allow":["GET"]}}],"collection":[{"href":"https:\/\/mito.ca\/en\/wp-json\/wp\/v2\/product"}],"about":[{"href":"https:\/\/mito.ca\/en\/wp-json\/wp\/v2\/types\/product"}],"replies":[{"embeddable":true,"href":"https:\/\/mito.ca\/en\/wp-json\/wp\/v2\/comments?post=13958"}],"wp:featuredmedia":[{"embeddable":true,"href":"https:\/\/mito.ca\/en\/wp-json\/wp\/v2\/media\/13957"}],"wp:attachment":[{"href":"https:\/\/mito.ca\/en\/wp-json\/wp\/v2\/media?parent=13958"}],"wp:term":[{"taxonomy":"product_brand","embeddable":true,"href":"https:\/\/mito.ca\/en\/wp-json\/wp\/v2\/product_brand?post=13958"},{"taxonomy":"product_cat","embeddable":true,"href":"https:\/\/mito.ca\/en\/wp-json\/wp\/v2\/product_cat?post=13958"},{"taxonomy":"product_tag","embeddable":true,"href":"https:\/\/mito.ca\/en\/wp-json\/wp\/v2\/product_tag?post=13958"},{"taxonomy":"ingredients","embeddable":true,"href":"https:\/\/mito.ca\/en\/wp-json\/wp\/v2\/ingredients?post=13958"},{"taxonomy":"allergene_peut_contenir","embeddable":true,"href":"https:\/\/mito.ca\/en\/wp-json\/wp\/v2\/allergene_peut_contenir?post=13958"},{"taxonomy":"allergene_contient","embeddable":true,"href":"https:\/\/mito.ca\/en\/wp-json\/wp\/v2\/allergene_contient?post=13958"},{"taxonomy":"mito_product_tags","embeddable":true,"href":"https:\/\/mito.ca\/en\/wp-json\/wp\/v2\/mito_product_tags?post=13958"},{"taxonomy":"format","embeddable":true,"href":"https:\/\/mito.ca\/en\/wp-json\/wp\/v2\/format?post=13958"},{"taxonomy":"type_de_produit","embeddable":true,"href":"https:\/\/mito.ca\/en\/wp-json\/wp\/v2\/type_de_produit?post=13958"},{"taxonomy":"mood","embeddable":true,"href":"https:\/\/mito.ca\/en\/wp-json\/wp\/v2\/mood?post=13958"},{"taxonomy":"proteine","embeddable":true,"href":"https:\/\/mito.ca\/en\/wp-json\/wp\/v2\/proteine?post=13958"},{"taxonomy":"ingredients_secondaire","embeddable":true,"href":"https:\/\/mito.ca\/en\/wp-json\/wp\/v2\/ingredients_secondaire?post=13958"}],"curies":[{"name":"wp","href":"https:\/\/api.w.org\/{rel}","templated":true}]}}