{"id":16056,"date":"2024-05-21T11:24:31","date_gmt":"2024-05-21T15:24:31","guid":{"rendered":"https:\/\/mito.ca\/product\/combo-sushis-shooters-samourai-8-mcx\/"},"modified":"2025-06-09T13:07:44","modified_gmt":"2025-06-09T17:07:44","slug":"combo-sushis-shooters-samourai-8-mcx","status":"publish","type":"product","link":"https:\/\/mito.ca\/en\/produit\/combo-sushis-shooters-samourai-8-mcx\/","title":{"rendered":"Combo sushis Shooters Samoura\u00ef &#8211; 8 mcx"},"content":{"rendered":"","protected":false},"excerpt":{"rendered":"","protected":false},"featured_media":0,"comment_status":"open","ping_status":"closed","template":"","format":[],"meta":{"_acf_changed":false,"inline_featured_image":false},"product_brand":[],"product_cat":[15],"product_tag":[],"ingredients":[],"allergene_peut_contenir":[],"allergene_contient":[],"mito_product_tags":[],"type_de_produit":[],"mood":[],"proteine":[],"ingredients_secondaire":[],"class_list":{"0":"post-16056","1":"product","2":"type-product","3":"status-publish","5":"product_cat-uncategorized","7":"first","8":"instock","9":"taxable","10":"shipping-taxable","11":"purchasable","12":"product-type-simple"},"acf":[],"yoast_head":"<!-- This site is optimized with the Yoast SEO plugin v27.1.1 - https:\/\/yoast.com\/product\/yoast-seo-wordpress\/ -->\n<title>Combo sushis Shooters Samoura\u00ef - 8 mcx - Mito : Sushis pr\u00eats \u00e0 savourer<\/title>\n<meta name=\"robots\" content=\"index, follow, max-snippet:-1, max-image-preview:large, max-video-preview:-1\" \/>\n<link rel=\"canonical\" href=\"https:\/\/mito.ca\/en\/produit\/combo-sushis-shooters-samourai-8-mcx\/\" \/>\n<meta property=\"og:locale\" content=\"en_US\" \/>\n<meta property=\"og:type\" content=\"article\" \/>\n<meta property=\"og:title\" content=\"Combo sushis Shooters Samoura\u00ef - 8 mcx - Mito : Sushis pr\u00eats \u00e0 savourer\" \/>\n<meta property=\"og:url\" content=\"https:\/\/mito.ca\/en\/produit\/combo-sushis-shooters-samourai-8-mcx\/\" \/>\n<meta property=\"og:site_name\" content=\"Mito : Sushis pr\u00eats \u00e0 savourer\" \/>\n<meta property=\"article:publisher\" content=\"https:\/\/www.facebook.com\/mito.entreprise\/\" \/>\n<meta property=\"article:modified_time\" content=\"2025-06-09T17:07:44+00:00\" \/>\n<meta property=\"og:image\" content=\"https:\/\/mito.ca\/wp-content\/uploads\/2021\/10\/Mito_Vertical_Black_ENG.png\" \/>\n\t<meta property=\"og:image:width\" content=\"488\" \/>\n\t<meta property=\"og:image:height\" content=\"306\" \/>\n\t<meta property=\"og:image:type\" content=\"image\/png\" \/>\n<meta name=\"twitter:card\" content=\"summary_large_image\" \/>\n<script type=\"application\/ld+json\" class=\"yoast-schema-graph\">{\"@context\":\"https:\/\/schema.org\",\"@graph\":[{\"@type\":\"WebPage\",\"@id\":\"https:\/\/mito.ca\/en\/produit\/combo-sushis-shooters-samourai-8-mcx\/\",\"url\":\"https:\/\/mito.ca\/en\/produit\/combo-sushis-shooters-samourai-8-mcx\/\",\"name\":\"Combo sushis Shooters Samoura\u00ef - 8 mcx - Mito : Sushis pr\u00eats \u00e0 savourer\",\"isPartOf\":{\"@id\":\"https:\/\/mito.ca\/en\/#website\"},\"datePublished\":\"2024-05-21T15:24:31+00:00\",\"dateModified\":\"2025-06-09T17:07:44+00:00\",\"breadcrumb\":{\"@id\":\"https:\/\/mito.ca\/en\/produit\/combo-sushis-shooters-samourai-8-mcx\/#breadcrumb\"},\"inLanguage\":\"en-CA\",\"potentialAction\":[{\"@type\":\"ReadAction\",\"target\":[\"https:\/\/mito.ca\/en\/produit\/combo-sushis-shooters-samourai-8-mcx\/\"]}]},{\"@type\":\"BreadcrumbList\",\"@id\":\"https:\/\/mito.ca\/en\/produit\/combo-sushis-shooters-samourai-8-mcx\/#breadcrumb\",\"itemListElement\":[{\"@type\":\"ListItem\",\"position\":1,\"name\":\"Home\",\"item\":\"https:\/\/mito.ca\/en\/\"},{\"@type\":\"ListItem\",\"position\":2,\"name\":\"Boutique\",\"item\":\"https:\/\/mito.ca\/boutique\/\"},{\"@type\":\"ListItem\",\"position\":3,\"name\":\"Combo sushis Shooters Samoura\u00ef &#8211; 8 mcx\"}]},{\"@type\":\"WebSite\",\"@id\":\"https:\/\/mito.ca\/en\/#website\",\"url\":\"https:\/\/mito.ca\/en\/\",\"name\":\"Mito : Sushis pr\u00eats \u00e0 savourer\",\"description\":\"Sushis pr\u00eats \u00e0 savourer\",\"publisher\":{\"@id\":\"https:\/\/mito.ca\/en\/#organization\"},\"potentialAction\":[{\"@type\":\"SearchAction\",\"target\":{\"@type\":\"EntryPoint\",\"urlTemplate\":\"https:\/\/mito.ca\/en\/?s={search_term_string}\"},\"query-input\":{\"@type\":\"PropertyValueSpecification\",\"valueRequired\":true,\"valueName\":\"search_term_string\"}}],\"inLanguage\":\"en-CA\"},{\"@type\":\"Organization\",\"@id\":\"https:\/\/mito.ca\/en\/#organization\",\"name\":\"MITO Sushi\",\"url\":\"https:\/\/mito.ca\/en\/\",\"logo\":{\"@type\":\"ImageObject\",\"inLanguage\":\"en-CA\",\"@id\":\"https:\/\/mito.ca\/en\/#\/schema\/logo\/image\/\",\"url\":\"https:\/\/mito.ca\/wp-content\/uploads\/2021\/10\/Mito_Vertical_Black_ENG.png\",\"contentUrl\":\"https:\/\/mito.ca\/wp-content\/uploads\/2021\/10\/Mito_Vertical_Black_ENG.png\",\"width\":488,\"height\":306,\"caption\":\"MITO Sushi\"},\"image\":{\"@id\":\"https:\/\/mito.ca\/en\/#\/schema\/logo\/image\/\"},\"sameAs\":[\"https:\/\/www.facebook.com\/mito.entreprise\/\",\"https:\/\/www.instagram.com\/mito.sushi\/\",\"https:\/\/www.linkedin.com\/company\/mito-sushi\/\",\"https:\/\/www.pinterest.ca\/avecmito\/_created\/\",\"https:\/\/www.youtube.com\/channel\/UCTh6Wu1g6cSObHjpmrsqUJw\"]}]}<\/script>\n<!-- \/ Yoast SEO plugin. -->","yoast_head_json":{"title":"Combo sushis Shooters Samoura\u00ef - 8 mcx - Mito : Sushis pr\u00eats \u00e0 savourer","robots":{"index":"index","follow":"follow","max-snippet":"max-snippet:-1","max-image-preview":"max-image-preview:large","max-video-preview":"max-video-preview:-1"},"canonical":"https:\/\/mito.ca\/en\/produit\/combo-sushis-shooters-samourai-8-mcx\/","og_locale":"en_US","og_type":"article","og_title":"Combo sushis Shooters Samoura\u00ef - 8 mcx - Mito : Sushis pr\u00eats \u00e0 savourer","og_url":"https:\/\/mito.ca\/en\/produit\/combo-sushis-shooters-samourai-8-mcx\/","og_site_name":"Mito : Sushis pr\u00eats \u00e0 savourer","article_publisher":"https:\/\/www.facebook.com\/mito.entreprise\/","article_modified_time":"2025-06-09T17:07:44+00:00","og_image":[{"width":488,"height":306,"url":"https:\/\/mito.ca\/wp-content\/uploads\/2021\/10\/Mito_Vertical_Black_ENG.png","type":"image\/png"}],"twitter_card":"summary_large_image","schema":{"@context":"https:\/\/schema.org","@graph":[{"@type":"WebPage","@id":"https:\/\/mito.ca\/en\/produit\/combo-sushis-shooters-samourai-8-mcx\/","url":"https:\/\/mito.ca\/en\/produit\/combo-sushis-shooters-samourai-8-mcx\/","name":"Combo sushis Shooters Samoura\u00ef - 8 mcx - Mito : Sushis pr\u00eats \u00e0 savourer","isPartOf":{"@id":"https:\/\/mito.ca\/en\/#website"},"datePublished":"2024-05-21T15:24:31+00:00","dateModified":"2025-06-09T17:07:44+00:00","breadcrumb":{"@id":"https:\/\/mito.ca\/en\/produit\/combo-sushis-shooters-samourai-8-mcx\/#breadcrumb"},"inLanguage":"en-CA","potentialAction":[{"@type":"ReadAction","target":["https:\/\/mito.ca\/en\/produit\/combo-sushis-shooters-samourai-8-mcx\/"]}]},{"@type":"BreadcrumbList","@id":"https:\/\/mito.ca\/en\/produit\/combo-sushis-shooters-samourai-8-mcx\/#breadcrumb","itemListElement":[{"@type":"ListItem","position":1,"name":"Home","item":"https:\/\/mito.ca\/en\/"},{"@type":"ListItem","position":2,"name":"Boutique","item":"https:\/\/mito.ca\/boutique\/"},{"@type":"ListItem","position":3,"name":"Combo sushis Shooters Samoura\u00ef &#8211; 8 mcx"}]},{"@type":"WebSite","@id":"https:\/\/mito.ca\/en\/#website","url":"https:\/\/mito.ca\/en\/","name":"Mito : Sushis pr\u00eats \u00e0 savourer","description":"Sushis pr\u00eats \u00e0 savourer","publisher":{"@id":"https:\/\/mito.ca\/en\/#organization"},"potentialAction":[{"@type":"SearchAction","target":{"@type":"EntryPoint","urlTemplate":"https:\/\/mito.ca\/en\/?s={search_term_string}"},"query-input":{"@type":"PropertyValueSpecification","valueRequired":true,"valueName":"search_term_string"}}],"inLanguage":"en-CA"},{"@type":"Organization","@id":"https:\/\/mito.ca\/en\/#organization","name":"MITO Sushi","url":"https:\/\/mito.ca\/en\/","logo":{"@type":"ImageObject","inLanguage":"en-CA","@id":"https:\/\/mito.ca\/en\/#\/schema\/logo\/image\/","url":"https:\/\/mito.ca\/wp-content\/uploads\/2021\/10\/Mito_Vertical_Black_ENG.png","contentUrl":"https:\/\/mito.ca\/wp-content\/uploads\/2021\/10\/Mito_Vertical_Black_ENG.png","width":488,"height":306,"caption":"MITO Sushi"},"image":{"@id":"https:\/\/mito.ca\/en\/#\/schema\/logo\/image\/"},"sameAs":["https:\/\/www.facebook.com\/mito.entreprise\/","https:\/\/www.instagram.com\/mito.sushi\/","https:\/\/www.linkedin.com\/company\/mito-sushi\/","https:\/\/www.pinterest.ca\/avecmito\/_created\/","https:\/\/www.youtube.com\/channel\/UCTh6Wu1g6cSObHjpmrsqUJw"]}]}},"_links":{"self":[{"href":"https:\/\/mito.ca\/en\/wp-json\/wp\/v2\/product\/16056","targetHints":{"allow":["GET"]}}],"collection":[{"href":"https:\/\/mito.ca\/en\/wp-json\/wp\/v2\/product"}],"about":[{"href":"https:\/\/mito.ca\/en\/wp-json\/wp\/v2\/types\/product"}],"replies":[{"embeddable":true,"href":"https:\/\/mito.ca\/en\/wp-json\/wp\/v2\/comments?post=16056"}],"wp:attachment":[{"href":"https:\/\/mito.ca\/en\/wp-json\/wp\/v2\/media?parent=16056"}],"wp:term":[{"taxonomy":"product_brand","embeddable":true,"href":"https:\/\/mito.ca\/en\/wp-json\/wp\/v2\/product_brand?post=16056"},{"taxonomy":"product_cat","embeddable":true,"href":"https:\/\/mito.ca\/en\/wp-json\/wp\/v2\/product_cat?post=16056"},{"taxonomy":"product_tag","embeddable":true,"href":"https:\/\/mito.ca\/en\/wp-json\/wp\/v2\/product_tag?post=16056"},{"taxonomy":"ingredients","embeddable":true,"href":"https:\/\/mito.ca\/en\/wp-json\/wp\/v2\/ingredients?post=16056"},{"taxonomy":"allergene_peut_contenir","embeddable":true,"href":"https:\/\/mito.ca\/en\/wp-json\/wp\/v2\/allergene_peut_contenir?post=16056"},{"taxonomy":"allergene_contient","embeddable":true,"href":"https:\/\/mito.ca\/en\/wp-json\/wp\/v2\/allergene_contient?post=16056"},{"taxonomy":"mito_product_tags","embeddable":true,"href":"https:\/\/mito.ca\/en\/wp-json\/wp\/v2\/mito_product_tags?post=16056"},{"taxonomy":"format","embeddable":true,"href":"https:\/\/mito.ca\/en\/wp-json\/wp\/v2\/format?post=16056"},{"taxonomy":"type_de_produit","embeddable":true,"href":"https:\/\/mito.ca\/en\/wp-json\/wp\/v2\/type_de_produit?post=16056"},{"taxonomy":"mood","embeddable":true,"href":"https:\/\/mito.ca\/en\/wp-json\/wp\/v2\/mood?post=16056"},{"taxonomy":"proteine","embeddable":true,"href":"https:\/\/mito.ca\/en\/wp-json\/wp\/v2\/proteine?post=16056"},{"taxonomy":"ingredients_secondaire","embeddable":true,"href":"https:\/\/mito.ca\/en\/wp-json\/wp\/v2\/ingredients_secondaire?post=16056"}],"curies":[{"name":"wp","href":"https:\/\/api.w.org\/{rel}","templated":true}]}}