{"id":16910,"date":"2024-11-04T14:57:48","date_gmt":"2024-11-04T18:57:48","guid":{"rendered":"https:\/\/mito.ca\/product\/rouleaux-printemps-saumon-legumes-4-mcx\/"},"modified":"2025-12-15T14:00:38","modified_gmt":"2025-12-15T18:00:38","slug":"rouleaux-printemps-saumon-legumes-4-mcx","status":"publish","type":"product","link":"https:\/\/mito.ca\/en\/produit\/rouleaux-printemps-saumon-legumes-4-mcx\/","title":{"rendered":"Rouleaux printemps &#8211; Saumon &#038; l\u00e9gumes &#8211; 4 rlx"},"content":{"rendered":"","protected":false},"excerpt":{"rendered":"<p>Simplifiez vos repas avec nos d\u00e9licieux rouleaux de printemps au saumon et l\u00e9gumes.<\/p>\n","protected":false},"featured_media":19963,"comment_status":"open","ping_status":"closed","template":"","format":[444],"meta":{"_acf_changed":false,"inline_featured_image":false},"product_brand":[],"product_cat":[17],"product_tag":[],"ingredients":[781,378,381,370,371,374,377,372],"allergene_peut_contenir":[387,388,384,386,382,383],"allergene_contient":[400,401,396,398,395,399],"mito_product_tags":[],"type_de_produit":[453],"mood":[],"proteine":[420,424],"ingredients_secondaire":[429,430,520,546],"class_list":{"0":"post-16910","1":"product","2":"type-product","3":"status-publish","4":"has-post-thumbnail","6":"product_cat-produits-prets-a-savourer","7":"ingredients-laitue","8":"ingredients-rice-paper","9":"ingredients-tempura-en","10":"ingredients-avocado","11":"ingredients-cucumber","12":"ingredients-japanese-pickled-radish","13":"ingredients-pepper","14":"ingredients-carott","15":"allergene_peut_contenir-crustacean","16":"allergene_peut_contenir-mollusk","17":"allergene_peut_contenir-nuts-en","18":"allergene_peut_contenir-sesame-en-2","19":"allergene_peut_contenir-peanuts","20":"allergene_peut_contenir-milk","21":"allergene_contient-sulphites","22":"allergene_contient-mustard","23":"allergene_contient-wheat-or-triticale","24":"allergene_contient-fish","25":"allergene_contient-egg","26":"allergene_contient-soy","27":"format-a-la-carte-en","28":"type_de_produit-spring-rolls","29":"proteine-salmon","30":"proteine-masago-en","31":"ingredients_secondaire-spicy-mayo","32":"ingredients_secondaire-rice","33":"ingredients_secondaire-acide-citrique-en","34":"ingredients_secondaire-acetic-acid","36":"first","37":"instock","38":"taxable","39":"shipping-taxable","40":"purchasable","41":"product-type-simple"},"acf":[],"yoast_head":"<!-- This site is optimized with the Yoast SEO plugin v27.1.1 - https:\/\/yoast.com\/product\/yoast-seo-wordpress\/ -->\n<title>Rouleaux printemps - Saumon &amp; l\u00e9gumes - 4 rlx - Mito : Sushis pr\u00eats \u00e0 savourer<\/title>\n<meta name=\"robots\" content=\"index, follow, max-snippet:-1, max-image-preview:large, max-video-preview:-1\" \/>\n<link rel=\"canonical\" href=\"https:\/\/mito.ca\/en\/produit\/rouleaux-printemps-saumon-legumes-4-mcx\/\" \/>\n<meta property=\"og:locale\" content=\"en_US\" \/>\n<meta property=\"og:type\" content=\"article\" \/>\n<meta property=\"og:title\" content=\"Rouleaux printemps - Saumon &amp; l\u00e9gumes - 4 rlx - Mito : Sushis pr\u00eats \u00e0 savourer\" \/>\n<meta property=\"og:description\" content=\"Simplifiez vos repas avec nos d\u00e9licieux rouleaux de printemps au saumon et l\u00e9gumes.\" \/>\n<meta property=\"og:url\" content=\"https:\/\/mito.ca\/en\/produit\/rouleaux-printemps-saumon-legumes-4-mcx\/\" \/>\n<meta property=\"og:site_name\" content=\"Mito : Sushis pr\u00eats \u00e0 savourer\" \/>\n<meta property=\"article:publisher\" content=\"https:\/\/www.facebook.com\/mito.entreprise\/\" \/>\n<meta property=\"article:modified_time\" content=\"2025-12-15T18:00:38+00:00\" \/>\n<meta property=\"og:image\" content=\"https:\/\/mito.ca\/wp-content\/uploads\/2024\/11\/DUO-1.png\" \/>\n\t<meta property=\"og:image:width\" content=\"300\" \/>\n\t<meta property=\"og:image:height\" content=\"300\" \/>\n\t<meta property=\"og:image:type\" content=\"image\/png\" \/>\n<meta name=\"twitter:card\" content=\"summary_large_image\" \/>\n<meta name=\"twitter:label1\" content=\"Est. reading time\" \/>\n\t<meta name=\"twitter:data1\" content=\"1 minute\" \/>\n<script type=\"application\/ld+json\" class=\"yoast-schema-graph\">{\"@context\":\"https:\/\/schema.org\",\"@graph\":[{\"@type\":\"WebPage\",\"@id\":\"https:\/\/mito.ca\/en\/produit\/rouleaux-printemps-saumon-legumes-4-mcx\/\",\"url\":\"https:\/\/mito.ca\/en\/produit\/rouleaux-printemps-saumon-legumes-4-mcx\/\",\"name\":\"Rouleaux printemps - Saumon & l\u00e9gumes - 4 rlx - Mito : Sushis pr\u00eats \u00e0 savourer\",\"isPartOf\":{\"@id\":\"https:\/\/mito.ca\/en\/#website\"},\"primaryImageOfPage\":{\"@id\":\"https:\/\/mito.ca\/en\/produit\/rouleaux-printemps-saumon-legumes-4-mcx\/#primaryimage\"},\"image\":{\"@id\":\"https:\/\/mito.ca\/en\/produit\/rouleaux-printemps-saumon-legumes-4-mcx\/#primaryimage\"},\"thumbnailUrl\":\"https:\/\/mito.ca\/wp-content\/uploads\/2024\/11\/DUO-1.png\",\"datePublished\":\"2024-11-04T18:57:48+00:00\",\"dateModified\":\"2025-12-15T18:00:38+00:00\",\"breadcrumb\":{\"@id\":\"https:\/\/mito.ca\/en\/produit\/rouleaux-printemps-saumon-legumes-4-mcx\/#breadcrumb\"},\"inLanguage\":\"en-CA\",\"potentialAction\":[{\"@type\":\"ReadAction\",\"target\":[\"https:\/\/mito.ca\/en\/produit\/rouleaux-printemps-saumon-legumes-4-mcx\/\"]}]},{\"@type\":\"ImageObject\",\"inLanguage\":\"en-CA\",\"@id\":\"https:\/\/mito.ca\/en\/produit\/rouleaux-printemps-saumon-legumes-4-mcx\/#primaryimage\",\"url\":\"https:\/\/mito.ca\/wp-content\/uploads\/2024\/11\/DUO-1.png\",\"contentUrl\":\"https:\/\/mito.ca\/wp-content\/uploads\/2024\/11\/DUO-1.png\",\"width\":300,\"height\":300},{\"@type\":\"BreadcrumbList\",\"@id\":\"https:\/\/mito.ca\/en\/produit\/rouleaux-printemps-saumon-legumes-4-mcx\/#breadcrumb\",\"itemListElement\":[{\"@type\":\"ListItem\",\"position\":1,\"name\":\"Home\",\"item\":\"https:\/\/mito.ca\/en\/\"},{\"@type\":\"ListItem\",\"position\":2,\"name\":\"Boutique\",\"item\":\"https:\/\/mito.ca\/boutique\/\"},{\"@type\":\"ListItem\",\"position\":3,\"name\":\"Rouleaux printemps &#8211; Saumon &#038; l\u00e9gumes &#8211; 4 rlx\"}]},{\"@type\":\"WebSite\",\"@id\":\"https:\/\/mito.ca\/en\/#website\",\"url\":\"https:\/\/mito.ca\/en\/\",\"name\":\"Mito : Sushis pr\u00eats \u00e0 savourer\",\"description\":\"Sushis pr\u00eats \u00e0 savourer\",\"publisher\":{\"@id\":\"https:\/\/mito.ca\/en\/#organization\"},\"potentialAction\":[{\"@type\":\"SearchAction\",\"target\":{\"@type\":\"EntryPoint\",\"urlTemplate\":\"https:\/\/mito.ca\/en\/?s={search_term_string}\"},\"query-input\":{\"@type\":\"PropertyValueSpecification\",\"valueRequired\":true,\"valueName\":\"search_term_string\"}}],\"inLanguage\":\"en-CA\"},{\"@type\":\"Organization\",\"@id\":\"https:\/\/mito.ca\/en\/#organization\",\"name\":\"MITO Sushi\",\"url\":\"https:\/\/mito.ca\/en\/\",\"logo\":{\"@type\":\"ImageObject\",\"inLanguage\":\"en-CA\",\"@id\":\"https:\/\/mito.ca\/en\/#\/schema\/logo\/image\/\",\"url\":\"https:\/\/mito.ca\/wp-content\/uploads\/2021\/10\/Mito_Vertical_Black_ENG.png\",\"contentUrl\":\"https:\/\/mito.ca\/wp-content\/uploads\/2021\/10\/Mito_Vertical_Black_ENG.png\",\"width\":488,\"height\":306,\"caption\":\"MITO Sushi\"},\"image\":{\"@id\":\"https:\/\/mito.ca\/en\/#\/schema\/logo\/image\/\"},\"sameAs\":[\"https:\/\/www.facebook.com\/mito.entreprise\/\",\"https:\/\/www.instagram.com\/mito.sushi\/\",\"https:\/\/www.linkedin.com\/company\/mito-sushi\/\",\"https:\/\/www.pinterest.ca\/avecmito\/_created\/\",\"https:\/\/www.youtube.com\/channel\/UCTh6Wu1g6cSObHjpmrsqUJw\"]}]}<\/script>\n<!-- \/ Yoast SEO plugin. -->","yoast_head_json":{"title":"Rouleaux printemps - Saumon & l\u00e9gumes - 4 rlx - Mito : Sushis pr\u00eats \u00e0 savourer","robots":{"index":"index","follow":"follow","max-snippet":"max-snippet:-1","max-image-preview":"max-image-preview:large","max-video-preview":"max-video-preview:-1"},"canonical":"https:\/\/mito.ca\/en\/produit\/rouleaux-printemps-saumon-legumes-4-mcx\/","og_locale":"en_US","og_type":"article","og_title":"Rouleaux printemps - Saumon & l\u00e9gumes - 4 rlx - Mito : Sushis pr\u00eats \u00e0 savourer","og_description":"Simplifiez vos repas avec nos d\u00e9licieux rouleaux de printemps au saumon et l\u00e9gumes.","og_url":"https:\/\/mito.ca\/en\/produit\/rouleaux-printemps-saumon-legumes-4-mcx\/","og_site_name":"Mito : Sushis pr\u00eats \u00e0 savourer","article_publisher":"https:\/\/www.facebook.com\/mito.entreprise\/","article_modified_time":"2025-12-15T18:00:38+00:00","og_image":[{"width":300,"height":300,"url":"https:\/\/mito.ca\/wp-content\/uploads\/2024\/11\/DUO-1.png","type":"image\/png"}],"twitter_card":"summary_large_image","twitter_misc":{"Est. reading time":"1 minute"},"schema":{"@context":"https:\/\/schema.org","@graph":[{"@type":"WebPage","@id":"https:\/\/mito.ca\/en\/produit\/rouleaux-printemps-saumon-legumes-4-mcx\/","url":"https:\/\/mito.ca\/en\/produit\/rouleaux-printemps-saumon-legumes-4-mcx\/","name":"Rouleaux printemps - Saumon & l\u00e9gumes - 4 rlx - Mito : Sushis pr\u00eats \u00e0 savourer","isPartOf":{"@id":"https:\/\/mito.ca\/en\/#website"},"primaryImageOfPage":{"@id":"https:\/\/mito.ca\/en\/produit\/rouleaux-printemps-saumon-legumes-4-mcx\/#primaryimage"},"image":{"@id":"https:\/\/mito.ca\/en\/produit\/rouleaux-printemps-saumon-legumes-4-mcx\/#primaryimage"},"thumbnailUrl":"https:\/\/mito.ca\/wp-content\/uploads\/2024\/11\/DUO-1.png","datePublished":"2024-11-04T18:57:48+00:00","dateModified":"2025-12-15T18:00:38+00:00","breadcrumb":{"@id":"https:\/\/mito.ca\/en\/produit\/rouleaux-printemps-saumon-legumes-4-mcx\/#breadcrumb"},"inLanguage":"en-CA","potentialAction":[{"@type":"ReadAction","target":["https:\/\/mito.ca\/en\/produit\/rouleaux-printemps-saumon-legumes-4-mcx\/"]}]},{"@type":"ImageObject","inLanguage":"en-CA","@id":"https:\/\/mito.ca\/en\/produit\/rouleaux-printemps-saumon-legumes-4-mcx\/#primaryimage","url":"https:\/\/mito.ca\/wp-content\/uploads\/2024\/11\/DUO-1.png","contentUrl":"https:\/\/mito.ca\/wp-content\/uploads\/2024\/11\/DUO-1.png","width":300,"height":300},{"@type":"BreadcrumbList","@id":"https:\/\/mito.ca\/en\/produit\/rouleaux-printemps-saumon-legumes-4-mcx\/#breadcrumb","itemListElement":[{"@type":"ListItem","position":1,"name":"Home","item":"https:\/\/mito.ca\/en\/"},{"@type":"ListItem","position":2,"name":"Boutique","item":"https:\/\/mito.ca\/boutique\/"},{"@type":"ListItem","position":3,"name":"Rouleaux printemps &#8211; Saumon &#038; l\u00e9gumes &#8211; 4 rlx"}]},{"@type":"WebSite","@id":"https:\/\/mito.ca\/en\/#website","url":"https:\/\/mito.ca\/en\/","name":"Mito : Sushis pr\u00eats \u00e0 savourer","description":"Sushis pr\u00eats \u00e0 savourer","publisher":{"@id":"https:\/\/mito.ca\/en\/#organization"},"potentialAction":[{"@type":"SearchAction","target":{"@type":"EntryPoint","urlTemplate":"https:\/\/mito.ca\/en\/?s={search_term_string}"},"query-input":{"@type":"PropertyValueSpecification","valueRequired":true,"valueName":"search_term_string"}}],"inLanguage":"en-CA"},{"@type":"Organization","@id":"https:\/\/mito.ca\/en\/#organization","name":"MITO Sushi","url":"https:\/\/mito.ca\/en\/","logo":{"@type":"ImageObject","inLanguage":"en-CA","@id":"https:\/\/mito.ca\/en\/#\/schema\/logo\/image\/","url":"https:\/\/mito.ca\/wp-content\/uploads\/2021\/10\/Mito_Vertical_Black_ENG.png","contentUrl":"https:\/\/mito.ca\/wp-content\/uploads\/2021\/10\/Mito_Vertical_Black_ENG.png","width":488,"height":306,"caption":"MITO Sushi"},"image":{"@id":"https:\/\/mito.ca\/en\/#\/schema\/logo\/image\/"},"sameAs":["https:\/\/www.facebook.com\/mito.entreprise\/","https:\/\/www.instagram.com\/mito.sushi\/","https:\/\/www.linkedin.com\/company\/mito-sushi\/","https:\/\/www.pinterest.ca\/avecmito\/_created\/","https:\/\/www.youtube.com\/channel\/UCTh6Wu1g6cSObHjpmrsqUJw"]}]}},"_links":{"self":[{"href":"https:\/\/mito.ca\/en\/wp-json\/wp\/v2\/product\/16910","targetHints":{"allow":["GET"]}}],"collection":[{"href":"https:\/\/mito.ca\/en\/wp-json\/wp\/v2\/product"}],"about":[{"href":"https:\/\/mito.ca\/en\/wp-json\/wp\/v2\/types\/product"}],"replies":[{"embeddable":true,"href":"https:\/\/mito.ca\/en\/wp-json\/wp\/v2\/comments?post=16910"}],"wp:featuredmedia":[{"embeddable":true,"href":"https:\/\/mito.ca\/en\/wp-json\/wp\/v2\/media\/19963"}],"wp:attachment":[{"href":"https:\/\/mito.ca\/en\/wp-json\/wp\/v2\/media?parent=16910"}],"wp:term":[{"taxonomy":"product_brand","embeddable":true,"href":"https:\/\/mito.ca\/en\/wp-json\/wp\/v2\/product_brand?post=16910"},{"taxonomy":"product_cat","embeddable":true,"href":"https:\/\/mito.ca\/en\/wp-json\/wp\/v2\/product_cat?post=16910"},{"taxonomy":"product_tag","embeddable":true,"href":"https:\/\/mito.ca\/en\/wp-json\/wp\/v2\/product_tag?post=16910"},{"taxonomy":"ingredients","embeddable":true,"href":"https:\/\/mito.ca\/en\/wp-json\/wp\/v2\/ingredients?post=16910"},{"taxonomy":"allergene_peut_contenir","embeddable":true,"href":"https:\/\/mito.ca\/en\/wp-json\/wp\/v2\/allergene_peut_contenir?post=16910"},{"taxonomy":"allergene_contient","embeddable":true,"href":"https:\/\/mito.ca\/en\/wp-json\/wp\/v2\/allergene_contient?post=16910"},{"taxonomy":"mito_product_tags","embeddable":true,"href":"https:\/\/mito.ca\/en\/wp-json\/wp\/v2\/mito_product_tags?post=16910"},{"taxonomy":"format","embeddable":true,"href":"https:\/\/mito.ca\/en\/wp-json\/wp\/v2\/format?post=16910"},{"taxonomy":"type_de_produit","embeddable":true,"href":"https:\/\/mito.ca\/en\/wp-json\/wp\/v2\/type_de_produit?post=16910"},{"taxonomy":"mood","embeddable":true,"href":"https:\/\/mito.ca\/en\/wp-json\/wp\/v2\/mood?post=16910"},{"taxonomy":"proteine","embeddable":true,"href":"https:\/\/mito.ca\/en\/wp-json\/wp\/v2\/proteine?post=16910"},{"taxonomy":"ingredients_secondaire","embeddable":true,"href":"https:\/\/mito.ca\/en\/wp-json\/wp\/v2\/ingredients_secondaire?post=16910"}],"curies":[{"name":"wp","href":"https:\/\/api.w.org\/{rel}","templated":true}]}}