{"id":16930,"date":"2024-10-21T13:50:43","date_gmt":"2024-10-21T17:50:43","guid":{"rendered":"https:\/\/mito.ca\/product\/onigiri-salmon-tarutaru-2-pcs\/"},"modified":"2024-11-07T15:23:08","modified_gmt":"2024-11-07T19:23:08","slug":"onigiri-salmon-tarutaru-2-pcs","status":"publish","type":"product","link":"https:\/\/mito.ca\/en\/product\/onigiri-salmon-tarutaru-2-pcs\/","title":{"rendered":"Onigiri &#8211; Salmon Tarutaru &#8211; 2 pcs"},"content":{"rendered":"","protected":false},"excerpt":{"rendered":"<p>Simplify your meals with our delicious salmon tarutaru onigiris.<\/p>\n","protected":false},"featured_media":16831,"comment_status":"open","ping_status":"closed","template":"","format":[444],"meta":{"_acf_changed":false,"inline_featured_image":false},"product_brand":[],"product_cat":[367],"product_tag":[],"ingredients":[376],"allergene_peut_contenir":[382,383,384,387,388],"allergene_contient":[401,402,783,395,396,397,399,400],"mito_product_tags":[],"type_de_produit":[786],"mood":[414,416],"proteine":[420],"ingredients_secondaire":[482,490,426,428,429,430,434],"class_list":{"0":"post-16930","1":"product","2":"type-product","3":"status-publish","4":"has-post-thumbnail","6":"product_cat-products-ready-to-enjoy","7":"ingredients-edamame-en","8":"allergene_peut_contenir-peanuts","9":"allergene_peut_contenir-milk","10":"allergene_peut_contenir-nuts-en","11":"allergene_peut_contenir-crustacean","12":"allergene_peut_contenir-mollusk","13":"allergene_contient-mustard","14":"allergene_contient-crustacean","15":"allergene_contient-sulfite-en","16":"allergene_contient-egg","17":"allergene_contient-wheat-or-triticale","18":"allergene_contient-sesame-en","19":"allergene_contient-soy","20":"allergene_contient-sulphites","21":"format-a-la-carte-en","22":"type_de_produit-onigiri-en","23":"mood-new","24":"mood-specialties","25":"proteine-salmon","26":"ingredients_secondaire-salt","27":"ingredients_secondaire-rice-vinegar","28":"ingredients_secondaire-green-onions","29":"ingredients_secondaire-korean-spices","30":"ingredients_secondaire-spicy-mayo","31":"ingredients_secondaire-rice","32":"ingredients_secondaire-toasted-seaweed-en","34":"first","35":"instock","36":"taxable","37":"shipping-taxable","38":"purchasable","39":"product-type-simple"},"acf":[],"yoast_head":"<!-- This site is optimized with the Yoast SEO plugin v27.1.1 - https:\/\/yoast.com\/product\/yoast-seo-wordpress\/ -->\n<title>Onigiri - Salmon Tarutaru - 2 pcs - Mito : Sushis pr\u00eats \u00e0 savourer<\/title>\n<meta name=\"robots\" content=\"index, follow, max-snippet:-1, max-image-preview:large, max-video-preview:-1\" \/>\n<link rel=\"canonical\" href=\"https:\/\/mito.ca\/en\/product\/onigiri-salmon-tarutaru-2-pcs\/\" \/>\n<meta property=\"og:locale\" content=\"en_US\" \/>\n<meta property=\"og:type\" content=\"article\" \/>\n<meta property=\"og:title\" content=\"Onigiri - Salmon Tarutaru - 2 pcs - Mito : Sushis pr\u00eats \u00e0 savourer\" \/>\n<meta property=\"og:description\" content=\"Simplify your meals with our delicious salmon tarutaru onigiris.\" \/>\n<meta property=\"og:url\" content=\"https:\/\/mito.ca\/en\/product\/onigiri-salmon-tarutaru-2-pcs\/\" \/>\n<meta property=\"og:site_name\" content=\"Mito : Sushis pr\u00eats \u00e0 savourer\" \/>\n<meta property=\"article:publisher\" content=\"https:\/\/www.facebook.com\/mito.entreprise\/\" \/>\n<meta property=\"article:modified_time\" content=\"2024-11-07T19:23:08+00:00\" \/>\n<meta property=\"og:image\" content=\"https:\/\/mito.ca\/wp-content\/uploads\/2024\/10\/Onigiri.png\" \/>\n\t<meta property=\"og:image:width\" content=\"500\" \/>\n\t<meta property=\"og:image:height\" content=\"500\" \/>\n\t<meta property=\"og:image:type\" content=\"image\/png\" \/>\n<meta name=\"twitter:card\" content=\"summary_large_image\" \/>\n<meta name=\"twitter:label1\" content=\"Est. reading time\" \/>\n\t<meta name=\"twitter:data1\" content=\"1 minute\" \/>\n<script type=\"application\/ld+json\" class=\"yoast-schema-graph\">{\"@context\":\"https:\/\/schema.org\",\"@graph\":[{\"@type\":\"WebPage\",\"@id\":\"https:\/\/mito.ca\/en\/product\/onigiri-salmon-tarutaru-2-pcs\/\",\"url\":\"https:\/\/mito.ca\/en\/product\/onigiri-salmon-tarutaru-2-pcs\/\",\"name\":\"Onigiri - Salmon Tarutaru - 2 pcs - Mito : Sushis pr\u00eats \u00e0 savourer\",\"isPartOf\":{\"@id\":\"https:\/\/mito.ca\/en\/#website\"},\"primaryImageOfPage\":{\"@id\":\"https:\/\/mito.ca\/en\/product\/onigiri-salmon-tarutaru-2-pcs\/#primaryimage\"},\"image\":{\"@id\":\"https:\/\/mito.ca\/en\/product\/onigiri-salmon-tarutaru-2-pcs\/#primaryimage\"},\"thumbnailUrl\":\"https:\/\/mito.ca\/wp-content\/uploads\/2024\/10\/Onigiri.png\",\"datePublished\":\"2024-10-21T17:50:43+00:00\",\"dateModified\":\"2024-11-07T19:23:08+00:00\",\"breadcrumb\":{\"@id\":\"https:\/\/mito.ca\/en\/product\/onigiri-salmon-tarutaru-2-pcs\/#breadcrumb\"},\"inLanguage\":\"en-CA\",\"potentialAction\":[{\"@type\":\"ReadAction\",\"target\":[\"https:\/\/mito.ca\/en\/product\/onigiri-salmon-tarutaru-2-pcs\/\"]}]},{\"@type\":\"ImageObject\",\"inLanguage\":\"en-CA\",\"@id\":\"https:\/\/mito.ca\/en\/product\/onigiri-salmon-tarutaru-2-pcs\/#primaryimage\",\"url\":\"https:\/\/mito.ca\/wp-content\/uploads\/2024\/10\/Onigiri.png\",\"contentUrl\":\"https:\/\/mito.ca\/wp-content\/uploads\/2024\/10\/Onigiri.png\",\"width\":500,\"height\":500},{\"@type\":\"BreadcrumbList\",\"@id\":\"https:\/\/mito.ca\/en\/product\/onigiri-salmon-tarutaru-2-pcs\/#breadcrumb\",\"itemListElement\":[{\"@type\":\"ListItem\",\"position\":1,\"name\":\"Home\",\"item\":\"https:\/\/mito.ca\/en\/\"},{\"@type\":\"ListItem\",\"position\":2,\"name\":\"Boutique\",\"item\":\"https:\/\/mito.ca\/boutique\/\"},{\"@type\":\"ListItem\",\"position\":3,\"name\":\"Onigiri &#8211; Salmon Tarutaru &#8211; 2 pcs\"}]},{\"@type\":\"WebSite\",\"@id\":\"https:\/\/mito.ca\/en\/#website\",\"url\":\"https:\/\/mito.ca\/en\/\",\"name\":\"Mito : Sushis pr\u00eats \u00e0 savourer\",\"description\":\"Sushis pr\u00eats \u00e0 savourer\",\"publisher\":{\"@id\":\"https:\/\/mito.ca\/en\/#organization\"},\"potentialAction\":[{\"@type\":\"SearchAction\",\"target\":{\"@type\":\"EntryPoint\",\"urlTemplate\":\"https:\/\/mito.ca\/en\/?s={search_term_string}\"},\"query-input\":{\"@type\":\"PropertyValueSpecification\",\"valueRequired\":true,\"valueName\":\"search_term_string\"}}],\"inLanguage\":\"en-CA\"},{\"@type\":\"Organization\",\"@id\":\"https:\/\/mito.ca\/en\/#organization\",\"name\":\"MITO Sushi\",\"url\":\"https:\/\/mito.ca\/en\/\",\"logo\":{\"@type\":\"ImageObject\",\"inLanguage\":\"en-CA\",\"@id\":\"https:\/\/mito.ca\/en\/#\/schema\/logo\/image\/\",\"url\":\"https:\/\/mito.ca\/wp-content\/uploads\/2021\/10\/Mito_Vertical_Black_ENG.png\",\"contentUrl\":\"https:\/\/mito.ca\/wp-content\/uploads\/2021\/10\/Mito_Vertical_Black_ENG.png\",\"width\":488,\"height\":306,\"caption\":\"MITO Sushi\"},\"image\":{\"@id\":\"https:\/\/mito.ca\/en\/#\/schema\/logo\/image\/\"},\"sameAs\":[\"https:\/\/www.facebook.com\/mito.entreprise\/\",\"https:\/\/www.instagram.com\/mito.sushi\/\",\"https:\/\/www.linkedin.com\/company\/mito-sushi\/\",\"https:\/\/www.pinterest.ca\/avecmito\/_created\/\",\"https:\/\/www.youtube.com\/channel\/UCTh6Wu1g6cSObHjpmrsqUJw\"]}]}<\/script>\n<!-- \/ Yoast SEO plugin. -->","yoast_head_json":{"title":"Onigiri - Salmon Tarutaru - 2 pcs - Mito : Sushis pr\u00eats \u00e0 savourer","robots":{"index":"index","follow":"follow","max-snippet":"max-snippet:-1","max-image-preview":"max-image-preview:large","max-video-preview":"max-video-preview:-1"},"canonical":"https:\/\/mito.ca\/en\/product\/onigiri-salmon-tarutaru-2-pcs\/","og_locale":"en_US","og_type":"article","og_title":"Onigiri - Salmon Tarutaru - 2 pcs - Mito : Sushis pr\u00eats \u00e0 savourer","og_description":"Simplify your meals with our delicious salmon tarutaru onigiris.","og_url":"https:\/\/mito.ca\/en\/product\/onigiri-salmon-tarutaru-2-pcs\/","og_site_name":"Mito : Sushis pr\u00eats \u00e0 savourer","article_publisher":"https:\/\/www.facebook.com\/mito.entreprise\/","article_modified_time":"2024-11-07T19:23:08+00:00","og_image":[{"width":500,"height":500,"url":"https:\/\/mito.ca\/wp-content\/uploads\/2024\/10\/Onigiri.png","type":"image\/png"}],"twitter_card":"summary_large_image","twitter_misc":{"Est. reading time":"1 minute"},"schema":{"@context":"https:\/\/schema.org","@graph":[{"@type":"WebPage","@id":"https:\/\/mito.ca\/en\/product\/onigiri-salmon-tarutaru-2-pcs\/","url":"https:\/\/mito.ca\/en\/product\/onigiri-salmon-tarutaru-2-pcs\/","name":"Onigiri - Salmon Tarutaru - 2 pcs - Mito : Sushis pr\u00eats \u00e0 savourer","isPartOf":{"@id":"https:\/\/mito.ca\/en\/#website"},"primaryImageOfPage":{"@id":"https:\/\/mito.ca\/en\/product\/onigiri-salmon-tarutaru-2-pcs\/#primaryimage"},"image":{"@id":"https:\/\/mito.ca\/en\/product\/onigiri-salmon-tarutaru-2-pcs\/#primaryimage"},"thumbnailUrl":"https:\/\/mito.ca\/wp-content\/uploads\/2024\/10\/Onigiri.png","datePublished":"2024-10-21T17:50:43+00:00","dateModified":"2024-11-07T19:23:08+00:00","breadcrumb":{"@id":"https:\/\/mito.ca\/en\/product\/onigiri-salmon-tarutaru-2-pcs\/#breadcrumb"},"inLanguage":"en-CA","potentialAction":[{"@type":"ReadAction","target":["https:\/\/mito.ca\/en\/product\/onigiri-salmon-tarutaru-2-pcs\/"]}]},{"@type":"ImageObject","inLanguage":"en-CA","@id":"https:\/\/mito.ca\/en\/product\/onigiri-salmon-tarutaru-2-pcs\/#primaryimage","url":"https:\/\/mito.ca\/wp-content\/uploads\/2024\/10\/Onigiri.png","contentUrl":"https:\/\/mito.ca\/wp-content\/uploads\/2024\/10\/Onigiri.png","width":500,"height":500},{"@type":"BreadcrumbList","@id":"https:\/\/mito.ca\/en\/product\/onigiri-salmon-tarutaru-2-pcs\/#breadcrumb","itemListElement":[{"@type":"ListItem","position":1,"name":"Home","item":"https:\/\/mito.ca\/en\/"},{"@type":"ListItem","position":2,"name":"Boutique","item":"https:\/\/mito.ca\/boutique\/"},{"@type":"ListItem","position":3,"name":"Onigiri &#8211; Salmon Tarutaru &#8211; 2 pcs"}]},{"@type":"WebSite","@id":"https:\/\/mito.ca\/en\/#website","url":"https:\/\/mito.ca\/en\/","name":"Mito : Sushis pr\u00eats \u00e0 savourer","description":"Sushis pr\u00eats \u00e0 savourer","publisher":{"@id":"https:\/\/mito.ca\/en\/#organization"},"potentialAction":[{"@type":"SearchAction","target":{"@type":"EntryPoint","urlTemplate":"https:\/\/mito.ca\/en\/?s={search_term_string}"},"query-input":{"@type":"PropertyValueSpecification","valueRequired":true,"valueName":"search_term_string"}}],"inLanguage":"en-CA"},{"@type":"Organization","@id":"https:\/\/mito.ca\/en\/#organization","name":"MITO Sushi","url":"https:\/\/mito.ca\/en\/","logo":{"@type":"ImageObject","inLanguage":"en-CA","@id":"https:\/\/mito.ca\/en\/#\/schema\/logo\/image\/","url":"https:\/\/mito.ca\/wp-content\/uploads\/2021\/10\/Mito_Vertical_Black_ENG.png","contentUrl":"https:\/\/mito.ca\/wp-content\/uploads\/2021\/10\/Mito_Vertical_Black_ENG.png","width":488,"height":306,"caption":"MITO Sushi"},"image":{"@id":"https:\/\/mito.ca\/en\/#\/schema\/logo\/image\/"},"sameAs":["https:\/\/www.facebook.com\/mito.entreprise\/","https:\/\/www.instagram.com\/mito.sushi\/","https:\/\/www.linkedin.com\/company\/mito-sushi\/","https:\/\/www.pinterest.ca\/avecmito\/_created\/","https:\/\/www.youtube.com\/channel\/UCTh6Wu1g6cSObHjpmrsqUJw"]}]}},"_links":{"self":[{"href":"https:\/\/mito.ca\/en\/wp-json\/wp\/v2\/product\/16930","targetHints":{"allow":["GET"]}}],"collection":[{"href":"https:\/\/mito.ca\/en\/wp-json\/wp\/v2\/product"}],"about":[{"href":"https:\/\/mito.ca\/en\/wp-json\/wp\/v2\/types\/product"}],"replies":[{"embeddable":true,"href":"https:\/\/mito.ca\/en\/wp-json\/wp\/v2\/comments?post=16930"}],"wp:featuredmedia":[{"embeddable":true,"href":"https:\/\/mito.ca\/en\/wp-json\/wp\/v2\/media\/16831"}],"wp:attachment":[{"href":"https:\/\/mito.ca\/en\/wp-json\/wp\/v2\/media?parent=16930"}],"wp:term":[{"taxonomy":"product_brand","embeddable":true,"href":"https:\/\/mito.ca\/en\/wp-json\/wp\/v2\/product_brand?post=16930"},{"taxonomy":"product_cat","embeddable":true,"href":"https:\/\/mito.ca\/en\/wp-json\/wp\/v2\/product_cat?post=16930"},{"taxonomy":"product_tag","embeddable":true,"href":"https:\/\/mito.ca\/en\/wp-json\/wp\/v2\/product_tag?post=16930"},{"taxonomy":"ingredients","embeddable":true,"href":"https:\/\/mito.ca\/en\/wp-json\/wp\/v2\/ingredients?post=16930"},{"taxonomy":"allergene_peut_contenir","embeddable":true,"href":"https:\/\/mito.ca\/en\/wp-json\/wp\/v2\/allergene_peut_contenir?post=16930"},{"taxonomy":"allergene_contient","embeddable":true,"href":"https:\/\/mito.ca\/en\/wp-json\/wp\/v2\/allergene_contient?post=16930"},{"taxonomy":"mito_product_tags","embeddable":true,"href":"https:\/\/mito.ca\/en\/wp-json\/wp\/v2\/mito_product_tags?post=16930"},{"taxonomy":"format","embeddable":true,"href":"https:\/\/mito.ca\/en\/wp-json\/wp\/v2\/format?post=16930"},{"taxonomy":"type_de_produit","embeddable":true,"href":"https:\/\/mito.ca\/en\/wp-json\/wp\/v2\/type_de_produit?post=16930"},{"taxonomy":"mood","embeddable":true,"href":"https:\/\/mito.ca\/en\/wp-json\/wp\/v2\/mood?post=16930"},{"taxonomy":"proteine","embeddable":true,"href":"https:\/\/mito.ca\/en\/wp-json\/wp\/v2\/proteine?post=16930"},{"taxonomy":"ingredients_secondaire","embeddable":true,"href":"https:\/\/mito.ca\/en\/wp-json\/wp\/v2\/ingredients_secondaire?post=16930"}],"curies":[{"name":"wp","href":"https:\/\/api.w.org\/{rel}","templated":true}]}}