{"id":17368,"date":"2025-03-19T09:48:27","date_gmt":"2025-03-19T13:48:27","guid":{"rendered":"https:\/\/mito.ca\/product\/tempura-maki-skewers\/"},"modified":"2025-03-19T10:22:11","modified_gmt":"2025-03-19T14:22:11","slug":"tempura-maki-skewers","status":"publish","type":"product","link":"https:\/\/mito.ca\/en\/product\/tempura-maki-skewers\/","title":{"rendered":"Tempura Maki Skewers"},"content":{"rendered":"","protected":false},"excerpt":{"rendered":"<p>Add a little crunch to your meals with our tempura maki sushi.<\/p>\n","protected":false},"featured_media":17366,"comment_status":"open","ping_status":"closed","template":"","format":[444],"meta":{"_acf_changed":false,"inline_featured_image":false},"product_brand":[],"product_cat":[367],"product_tag":[],"ingredients":[374,377,370,371,372],"allergene_peut_contenir":[391,392,382,393,383,394,384,385,386,387,388,389,390],"allergene_contient":[],"mito_product_tags":[404],"type_de_produit":[408],"mood":[414,415,418],"proteine":[421,422,424,420],"ingredients_secondaire":[427,429,430,431,432,434,437,438],"class_list":{"0":"post-17368","1":"product","2":"type-product","3":"status-publish","4":"has-post-thumbnail","6":"product_cat-products-ready-to-enjoy","7":"ingredients-japanese-pickled-radish","8":"ingredients-pepper","9":"ingredients-avocado","10":"ingredients-cucumber","11":"ingredients-carott","12":"allergene_peut_contenir-fish","13":"allergene_peut_contenir-sulphites","14":"allergene_peut_contenir-peanuts","15":"allergene_peut_contenir-soy","16":"allergene_peut_contenir-milk","17":"allergene_peut_contenir-gluten-en","18":"allergene_peut_contenir-nuts-en","19":"allergene_peut_contenir-wheat-or-triticale","20":"allergene_peut_contenir-sesame-en-2","21":"allergene_peut_contenir-crustacean","22":"allergene_peut_contenir-mollusk","23":"allergene_peut_contenir-nuts","24":"allergene_peut_contenir-egg","25":"mito_product_tags-cooked","26":"format-a-la-carte-en","27":"type_de_produit-futomakis-en","28":"mood-new","29":"mood-comforting-fried","30":"mood-cooked","31":"proteine-shrimps","32":"proteine-imitation-crabmeat","33":"proteine-masago-en","34":"proteine-salmon","35":"ingredients_secondaire-sesame-seeds","36":"ingredients_secondaire-spicy-mayo","37":"ingredients_secondaire-rice","38":"ingredients_secondaire-kami-sauce","39":"ingredients_secondaire-panko-breadcrumbs","40":"ingredients_secondaire-toasted-seaweed-en","41":"ingredients_secondaire-panko-breadcrumbs-en","42":"ingredients_secondaire-omelette-en","44":"first","45":"instock","46":"taxable","47":"shipping-taxable","48":"purchasable","49":"product-type-simple"},"acf":[],"yoast_head":"<!-- This site is optimized with the Yoast SEO plugin v27.1.1 - https:\/\/yoast.com\/product\/yoast-seo-wordpress\/ -->\n<title>Tempura Maki Skewers - Mito : Sushis pr\u00eats \u00e0 savourer<\/title>\n<meta name=\"robots\" content=\"index, follow, max-snippet:-1, max-image-preview:large, max-video-preview:-1\" \/>\n<link rel=\"canonical\" href=\"https:\/\/mito.ca\/en\/product\/tempura-maki-skewers\/\" \/>\n<meta property=\"og:locale\" content=\"en_US\" \/>\n<meta property=\"og:type\" content=\"article\" \/>\n<meta property=\"og:title\" content=\"Tempura Maki Skewers - Mito : Sushis pr\u00eats \u00e0 savourer\" \/>\n<meta property=\"og:description\" content=\"Add a little crunch to your meals with our tempura maki sushi.\" \/>\n<meta property=\"og:url\" content=\"https:\/\/mito.ca\/en\/product\/tempura-maki-skewers\/\" \/>\n<meta property=\"og:site_name\" content=\"Mito : Sushis pr\u00eats \u00e0 savourer\" \/>\n<meta property=\"article:publisher\" content=\"https:\/\/www.facebook.com\/mito.entreprise\/\" \/>\n<meta property=\"article:modified_time\" content=\"2025-03-19T14:22:11+00:00\" \/>\n<meta property=\"og:image\" content=\"https:\/\/mito.ca\/wp-content\/uploads\/2025\/03\/SUSHI-16-1-2.png\" \/>\n\t<meta property=\"og:image:width\" content=\"600\" \/>\n\t<meta property=\"og:image:height\" content=\"665\" \/>\n\t<meta property=\"og:image:type\" content=\"image\/png\" \/>\n<meta name=\"twitter:card\" content=\"summary_large_image\" \/>\n<meta name=\"twitter:label1\" content=\"Est. reading time\" \/>\n\t<meta name=\"twitter:data1\" content=\"1 minute\" \/>\n<script type=\"application\/ld+json\" class=\"yoast-schema-graph\">{\"@context\":\"https:\/\/schema.org\",\"@graph\":[{\"@type\":\"WebPage\",\"@id\":\"https:\/\/mito.ca\/en\/product\/tempura-maki-skewers\/\",\"url\":\"https:\/\/mito.ca\/en\/product\/tempura-maki-skewers\/\",\"name\":\"Tempura Maki Skewers - Mito : Sushis pr\u00eats \u00e0 savourer\",\"isPartOf\":{\"@id\":\"https:\/\/mito.ca\/en\/#website\"},\"primaryImageOfPage\":{\"@id\":\"https:\/\/mito.ca\/en\/product\/tempura-maki-skewers\/#primaryimage\"},\"image\":{\"@id\":\"https:\/\/mito.ca\/en\/product\/tempura-maki-skewers\/#primaryimage\"},\"thumbnailUrl\":\"https:\/\/mito.ca\/wp-content\/uploads\/2025\/03\/SUSHI-16-1-2.png\",\"datePublished\":\"2025-03-19T13:48:27+00:00\",\"dateModified\":\"2025-03-19T14:22:11+00:00\",\"breadcrumb\":{\"@id\":\"https:\/\/mito.ca\/en\/product\/tempura-maki-skewers\/#breadcrumb\"},\"inLanguage\":\"en-CA\",\"potentialAction\":[{\"@type\":\"ReadAction\",\"target\":[\"https:\/\/mito.ca\/en\/product\/tempura-maki-skewers\/\"]}]},{\"@type\":\"ImageObject\",\"inLanguage\":\"en-CA\",\"@id\":\"https:\/\/mito.ca\/en\/product\/tempura-maki-skewers\/#primaryimage\",\"url\":\"https:\/\/mito.ca\/wp-content\/uploads\/2025\/03\/SUSHI-16-1-2.png\",\"contentUrl\":\"https:\/\/mito.ca\/wp-content\/uploads\/2025\/03\/SUSHI-16-1-2.png\",\"width\":600,\"height\":665},{\"@type\":\"BreadcrumbList\",\"@id\":\"https:\/\/mito.ca\/en\/product\/tempura-maki-skewers\/#breadcrumb\",\"itemListElement\":[{\"@type\":\"ListItem\",\"position\":1,\"name\":\"Home\",\"item\":\"https:\/\/mito.ca\/en\/\"},{\"@type\":\"ListItem\",\"position\":2,\"name\":\"Boutique\",\"item\":\"https:\/\/mito.ca\/boutique\/\"},{\"@type\":\"ListItem\",\"position\":3,\"name\":\"Tempura Maki Skewers\"}]},{\"@type\":\"WebSite\",\"@id\":\"https:\/\/mito.ca\/en\/#website\",\"url\":\"https:\/\/mito.ca\/en\/\",\"name\":\"Mito : Sushis pr\u00eats \u00e0 savourer\",\"description\":\"Sushis pr\u00eats \u00e0 savourer\",\"publisher\":{\"@id\":\"https:\/\/mito.ca\/en\/#organization\"},\"potentialAction\":[{\"@type\":\"SearchAction\",\"target\":{\"@type\":\"EntryPoint\",\"urlTemplate\":\"https:\/\/mito.ca\/en\/?s={search_term_string}\"},\"query-input\":{\"@type\":\"PropertyValueSpecification\",\"valueRequired\":true,\"valueName\":\"search_term_string\"}}],\"inLanguage\":\"en-CA\"},{\"@type\":\"Organization\",\"@id\":\"https:\/\/mito.ca\/en\/#organization\",\"name\":\"MITO Sushi\",\"url\":\"https:\/\/mito.ca\/en\/\",\"logo\":{\"@type\":\"ImageObject\",\"inLanguage\":\"en-CA\",\"@id\":\"https:\/\/mito.ca\/en\/#\/schema\/logo\/image\/\",\"url\":\"https:\/\/mito.ca\/wp-content\/uploads\/2021\/10\/Mito_Vertical_Black_ENG.png\",\"contentUrl\":\"https:\/\/mito.ca\/wp-content\/uploads\/2021\/10\/Mito_Vertical_Black_ENG.png\",\"width\":488,\"height\":306,\"caption\":\"MITO Sushi\"},\"image\":{\"@id\":\"https:\/\/mito.ca\/en\/#\/schema\/logo\/image\/\"},\"sameAs\":[\"https:\/\/www.facebook.com\/mito.entreprise\/\",\"https:\/\/www.instagram.com\/mito.sushi\/\",\"https:\/\/www.linkedin.com\/company\/mito-sushi\/\",\"https:\/\/www.pinterest.ca\/avecmito\/_created\/\",\"https:\/\/www.youtube.com\/channel\/UCTh6Wu1g6cSObHjpmrsqUJw\"]}]}<\/script>\n<!-- \/ Yoast SEO plugin. -->","yoast_head_json":{"title":"Tempura Maki Skewers - Mito : Sushis pr\u00eats \u00e0 savourer","robots":{"index":"index","follow":"follow","max-snippet":"max-snippet:-1","max-image-preview":"max-image-preview:large","max-video-preview":"max-video-preview:-1"},"canonical":"https:\/\/mito.ca\/en\/product\/tempura-maki-skewers\/","og_locale":"en_US","og_type":"article","og_title":"Tempura Maki Skewers - Mito : Sushis pr\u00eats \u00e0 savourer","og_description":"Add a little crunch to your meals with our tempura maki sushi.","og_url":"https:\/\/mito.ca\/en\/product\/tempura-maki-skewers\/","og_site_name":"Mito : Sushis pr\u00eats \u00e0 savourer","article_publisher":"https:\/\/www.facebook.com\/mito.entreprise\/","article_modified_time":"2025-03-19T14:22:11+00:00","og_image":[{"width":600,"height":665,"url":"https:\/\/mito.ca\/wp-content\/uploads\/2025\/03\/SUSHI-16-1-2.png","type":"image\/png"}],"twitter_card":"summary_large_image","twitter_misc":{"Est. reading time":"1 minute"},"schema":{"@context":"https:\/\/schema.org","@graph":[{"@type":"WebPage","@id":"https:\/\/mito.ca\/en\/product\/tempura-maki-skewers\/","url":"https:\/\/mito.ca\/en\/product\/tempura-maki-skewers\/","name":"Tempura Maki Skewers - Mito : Sushis pr\u00eats \u00e0 savourer","isPartOf":{"@id":"https:\/\/mito.ca\/en\/#website"},"primaryImageOfPage":{"@id":"https:\/\/mito.ca\/en\/product\/tempura-maki-skewers\/#primaryimage"},"image":{"@id":"https:\/\/mito.ca\/en\/product\/tempura-maki-skewers\/#primaryimage"},"thumbnailUrl":"https:\/\/mito.ca\/wp-content\/uploads\/2025\/03\/SUSHI-16-1-2.png","datePublished":"2025-03-19T13:48:27+00:00","dateModified":"2025-03-19T14:22:11+00:00","breadcrumb":{"@id":"https:\/\/mito.ca\/en\/product\/tempura-maki-skewers\/#breadcrumb"},"inLanguage":"en-CA","potentialAction":[{"@type":"ReadAction","target":["https:\/\/mito.ca\/en\/product\/tempura-maki-skewers\/"]}]},{"@type":"ImageObject","inLanguage":"en-CA","@id":"https:\/\/mito.ca\/en\/product\/tempura-maki-skewers\/#primaryimage","url":"https:\/\/mito.ca\/wp-content\/uploads\/2025\/03\/SUSHI-16-1-2.png","contentUrl":"https:\/\/mito.ca\/wp-content\/uploads\/2025\/03\/SUSHI-16-1-2.png","width":600,"height":665},{"@type":"BreadcrumbList","@id":"https:\/\/mito.ca\/en\/product\/tempura-maki-skewers\/#breadcrumb","itemListElement":[{"@type":"ListItem","position":1,"name":"Home","item":"https:\/\/mito.ca\/en\/"},{"@type":"ListItem","position":2,"name":"Boutique","item":"https:\/\/mito.ca\/boutique\/"},{"@type":"ListItem","position":3,"name":"Tempura Maki Skewers"}]},{"@type":"WebSite","@id":"https:\/\/mito.ca\/en\/#website","url":"https:\/\/mito.ca\/en\/","name":"Mito : Sushis pr\u00eats \u00e0 savourer","description":"Sushis pr\u00eats \u00e0 savourer","publisher":{"@id":"https:\/\/mito.ca\/en\/#organization"},"potentialAction":[{"@type":"SearchAction","target":{"@type":"EntryPoint","urlTemplate":"https:\/\/mito.ca\/en\/?s={search_term_string}"},"query-input":{"@type":"PropertyValueSpecification","valueRequired":true,"valueName":"search_term_string"}}],"inLanguage":"en-CA"},{"@type":"Organization","@id":"https:\/\/mito.ca\/en\/#organization","name":"MITO Sushi","url":"https:\/\/mito.ca\/en\/","logo":{"@type":"ImageObject","inLanguage":"en-CA","@id":"https:\/\/mito.ca\/en\/#\/schema\/logo\/image\/","url":"https:\/\/mito.ca\/wp-content\/uploads\/2021\/10\/Mito_Vertical_Black_ENG.png","contentUrl":"https:\/\/mito.ca\/wp-content\/uploads\/2021\/10\/Mito_Vertical_Black_ENG.png","width":488,"height":306,"caption":"MITO Sushi"},"image":{"@id":"https:\/\/mito.ca\/en\/#\/schema\/logo\/image\/"},"sameAs":["https:\/\/www.facebook.com\/mito.entreprise\/","https:\/\/www.instagram.com\/mito.sushi\/","https:\/\/www.linkedin.com\/company\/mito-sushi\/","https:\/\/www.pinterest.ca\/avecmito\/_created\/","https:\/\/www.youtube.com\/channel\/UCTh6Wu1g6cSObHjpmrsqUJw"]}]}},"_links":{"self":[{"href":"https:\/\/mito.ca\/en\/wp-json\/wp\/v2\/product\/17368","targetHints":{"allow":["GET"]}}],"collection":[{"href":"https:\/\/mito.ca\/en\/wp-json\/wp\/v2\/product"}],"about":[{"href":"https:\/\/mito.ca\/en\/wp-json\/wp\/v2\/types\/product"}],"replies":[{"embeddable":true,"href":"https:\/\/mito.ca\/en\/wp-json\/wp\/v2\/comments?post=17368"}],"wp:featuredmedia":[{"embeddable":true,"href":"https:\/\/mito.ca\/en\/wp-json\/wp\/v2\/media\/17366"}],"wp:attachment":[{"href":"https:\/\/mito.ca\/en\/wp-json\/wp\/v2\/media?parent=17368"}],"wp:term":[{"taxonomy":"product_brand","embeddable":true,"href":"https:\/\/mito.ca\/en\/wp-json\/wp\/v2\/product_brand?post=17368"},{"taxonomy":"product_cat","embeddable":true,"href":"https:\/\/mito.ca\/en\/wp-json\/wp\/v2\/product_cat?post=17368"},{"taxonomy":"product_tag","embeddable":true,"href":"https:\/\/mito.ca\/en\/wp-json\/wp\/v2\/product_tag?post=17368"},{"taxonomy":"ingredients","embeddable":true,"href":"https:\/\/mito.ca\/en\/wp-json\/wp\/v2\/ingredients?post=17368"},{"taxonomy":"allergene_peut_contenir","embeddable":true,"href":"https:\/\/mito.ca\/en\/wp-json\/wp\/v2\/allergene_peut_contenir?post=17368"},{"taxonomy":"allergene_contient","embeddable":true,"href":"https:\/\/mito.ca\/en\/wp-json\/wp\/v2\/allergene_contient?post=17368"},{"taxonomy":"mito_product_tags","embeddable":true,"href":"https:\/\/mito.ca\/en\/wp-json\/wp\/v2\/mito_product_tags?post=17368"},{"taxonomy":"format","embeddable":true,"href":"https:\/\/mito.ca\/en\/wp-json\/wp\/v2\/format?post=17368"},{"taxonomy":"type_de_produit","embeddable":true,"href":"https:\/\/mito.ca\/en\/wp-json\/wp\/v2\/type_de_produit?post=17368"},{"taxonomy":"mood","embeddable":true,"href":"https:\/\/mito.ca\/en\/wp-json\/wp\/v2\/mood?post=17368"},{"taxonomy":"proteine","embeddable":true,"href":"https:\/\/mito.ca\/en\/wp-json\/wp\/v2\/proteine?post=17368"},{"taxonomy":"ingredients_secondaire","embeddable":true,"href":"https:\/\/mito.ca\/en\/wp-json\/wp\/v2\/ingredients_secondaire?post=17368"}],"curies":[{"name":"wp","href":"https:\/\/api.w.org\/{rel}","templated":true}]}}