{"id":2760,"date":"2021-09-16T16:58:18","date_gmt":"2021-09-16T16:58:18","guid":{"rendered":"https:\/\/mito-develop.codebusters.app\/product\/tuna-poke-bowl-410g\/"},"modified":"2025-08-07T00:00:06","modified_gmt":"2025-08-07T04:00:06","slug":"tuna-poke-bowl","status":"publish","type":"product","link":"https:\/\/mito.ca\/en\/product\/tuna-poke-bowl\/","title":{"rendered":"Tuna Poke Bowl &#8211; 410g"},"content":{"rendered":"","protected":false},"excerpt":{"rendered":"<p>Simplify your meals with our delicious Tuna Poke Bowls.<\/p>\n","protected":false},"featured_media":2767,"comment_status":"closed","ping_status":"closed","template":"","format":[407],"meta":{"_acf_changed":false,"inline_featured_image":false},"product_brand":[],"product_cat":[367],"product_tag":[],"ingredients":[371,372,374,376,377],"allergene_peut_contenir":[388,389,390,391,392,382,393,383,394,384,385,386,387],"allergene_contient":[],"mito_product_tags":[],"type_de_produit":[412],"mood":[],"proteine":[419,424],"ingredients_secondaire":[426,429,430,433,436],"class_list":{"0":"post-2760","1":"product","2":"type-product","3":"status-publish","4":"has-post-thumbnail","6":"product_cat-products-ready-to-enjoy","7":"ingredients-cucumber","8":"ingredients-carott","9":"ingredients-japanese-pickled-radish","10":"ingredients-edamame-en","11":"ingredients-pepper","12":"allergene_peut_contenir-mollusk","13":"allergene_peut_contenir-nuts","14":"allergene_peut_contenir-egg","15":"allergene_peut_contenir-fish","16":"allergene_peut_contenir-sulphites","17":"allergene_peut_contenir-peanuts","18":"allergene_peut_contenir-soy","19":"allergene_peut_contenir-milk","20":"allergene_peut_contenir-gluten-en","21":"allergene_peut_contenir-nuts-en","22":"allergene_peut_contenir-wheat-or-triticale","23":"allergene_peut_contenir-sesame-en-2","24":"allergene_peut_contenir-crustacean","25":"format-bols-en","26":"type_de_produit-poke-bowls","27":"proteine-tuna","28":"proteine-masago-en","29":"ingredients_secondaire-green-onions","30":"ingredients_secondaire-spicy-mayo","31":"ingredients_secondaire-rice","32":"ingredients_secondaire-sesame-oil","33":"ingredients_secondaire-poke-marinade","35":"first","36":"instock","37":"taxable","38":"shipping-taxable","39":"purchasable","40":"product-type-simple"},"acf":[],"yoast_head":"<!-- This site is optimized with the Yoast SEO plugin v27.1.1 - https:\/\/yoast.com\/product\/yoast-seo-wordpress\/ -->\n<title>Tuna Poke Bowl - 410g - Mito : Sushis pr\u00eats \u00e0 savourer<\/title>\n<meta name=\"description\" content=\"Tuna Poke Bowl. Simplify your meals with our ready-to-eat sushi and poke bowls. Order online for pickup in your local IGA.\" \/>\n<meta name=\"robots\" content=\"index, follow, max-snippet:-1, max-image-preview:large, max-video-preview:-1\" \/>\n<link rel=\"canonical\" href=\"https:\/\/mito.ca\/en\/product\/tuna-poke-bowl\/\" \/>\n<meta property=\"og:locale\" content=\"en_US\" \/>\n<meta property=\"og:type\" content=\"article\" \/>\n<meta property=\"og:title\" content=\"Tuna Poke Bowl - 410g - Mito : Sushis pr\u00eats \u00e0 savourer\" \/>\n<meta property=\"og:description\" content=\"Tuna Poke Bowl. Simplify your meals with our ready-to-eat sushi and poke bowls. Order online for pickup in your local IGA.\" \/>\n<meta property=\"og:url\" content=\"https:\/\/mito.ca\/en\/product\/tuna-poke-bowl\/\" \/>\n<meta property=\"og:site_name\" content=\"Mito : Sushis pr\u00eats \u00e0 savourer\" \/>\n<meta property=\"article:publisher\" content=\"https:\/\/www.facebook.com\/mito.entreprise\/\" \/>\n<meta property=\"article:modified_time\" content=\"2025-08-07T04:00:06+00:00\" \/>\n<meta property=\"og:image\" content=\"https:\/\/mito.ca\/wp-content\/uploads\/2021\/09\/Bol-Poke-Thon.png\" \/>\n\t<meta property=\"og:image:width\" content=\"1000\" \/>\n\t<meta property=\"og:image:height\" content=\"1000\" \/>\n\t<meta property=\"og:image:type\" content=\"image\/png\" \/>\n<meta name=\"twitter:card\" content=\"summary_large_image\" \/>\n<script type=\"application\/ld+json\" class=\"yoast-schema-graph\">{\"@context\":\"https:\/\/schema.org\",\"@graph\":[{\"@type\":\"WebPage\",\"@id\":\"https:\/\/mito.ca\/en\/product\/tuna-poke-bowl\/\",\"url\":\"https:\/\/mito.ca\/en\/product\/tuna-poke-bowl\/\",\"name\":\"Tuna Poke Bowl - 410g - Mito : Sushis pr\u00eats \u00e0 savourer\",\"isPartOf\":{\"@id\":\"https:\/\/mito.ca\/en\/#website\"},\"primaryImageOfPage\":{\"@id\":\"https:\/\/mito.ca\/en\/product\/tuna-poke-bowl\/#primaryimage\"},\"image\":{\"@id\":\"https:\/\/mito.ca\/en\/product\/tuna-poke-bowl\/#primaryimage\"},\"thumbnailUrl\":\"https:\/\/mito.ca\/wp-content\/uploads\/2021\/09\/Bol-Poke-Thon.png\",\"datePublished\":\"2021-09-16T16:58:18+00:00\",\"dateModified\":\"2025-08-07T04:00:06+00:00\",\"description\":\"Tuna Poke Bowl. Simplify your meals with our ready-to-eat sushi and poke bowls. Order online for pickup in your local IGA.\",\"breadcrumb\":{\"@id\":\"https:\/\/mito.ca\/en\/product\/tuna-poke-bowl\/#breadcrumb\"},\"inLanguage\":\"en-CA\",\"potentialAction\":[{\"@type\":\"ReadAction\",\"target\":[\"https:\/\/mito.ca\/en\/product\/tuna-poke-bowl\/\"]}]},{\"@type\":\"ImageObject\",\"inLanguage\":\"en-CA\",\"@id\":\"https:\/\/mito.ca\/en\/product\/tuna-poke-bowl\/#primaryimage\",\"url\":\"https:\/\/mito.ca\/wp-content\/uploads\/2021\/09\/Bol-Poke-Thon.png\",\"contentUrl\":\"https:\/\/mito.ca\/wp-content\/uploads\/2021\/09\/Bol-Poke-Thon.png\",\"width\":1000,\"height\":1000,\"caption\":\"tuna poke bowl\"},{\"@type\":\"BreadcrumbList\",\"@id\":\"https:\/\/mito.ca\/en\/product\/tuna-poke-bowl\/#breadcrumb\",\"itemListElement\":[{\"@type\":\"ListItem\",\"position\":1,\"name\":\"Home\",\"item\":\"https:\/\/mito.ca\/en\/\"},{\"@type\":\"ListItem\",\"position\":2,\"name\":\"Boutique\",\"item\":\"https:\/\/mito.ca\/boutique\/\"},{\"@type\":\"ListItem\",\"position\":3,\"name\":\"Tuna Poke Bowl &#8211; 410g\"}]},{\"@type\":\"WebSite\",\"@id\":\"https:\/\/mito.ca\/en\/#website\",\"url\":\"https:\/\/mito.ca\/en\/\",\"name\":\"Mito : Sushis pr\u00eats \u00e0 savourer\",\"description\":\"Sushis pr\u00eats \u00e0 savourer\",\"publisher\":{\"@id\":\"https:\/\/mito.ca\/en\/#organization\"},\"potentialAction\":[{\"@type\":\"SearchAction\",\"target\":{\"@type\":\"EntryPoint\",\"urlTemplate\":\"https:\/\/mito.ca\/en\/?s={search_term_string}\"},\"query-input\":{\"@type\":\"PropertyValueSpecification\",\"valueRequired\":true,\"valueName\":\"search_term_string\"}}],\"inLanguage\":\"en-CA\"},{\"@type\":\"Organization\",\"@id\":\"https:\/\/mito.ca\/en\/#organization\",\"name\":\"MITO Sushi\",\"url\":\"https:\/\/mito.ca\/en\/\",\"logo\":{\"@type\":\"ImageObject\",\"inLanguage\":\"en-CA\",\"@id\":\"https:\/\/mito.ca\/en\/#\/schema\/logo\/image\/\",\"url\":\"https:\/\/mito.ca\/wp-content\/uploads\/2021\/10\/Mito_Vertical_Black_ENG.png\",\"contentUrl\":\"https:\/\/mito.ca\/wp-content\/uploads\/2021\/10\/Mito_Vertical_Black_ENG.png\",\"width\":488,\"height\":306,\"caption\":\"MITO Sushi\"},\"image\":{\"@id\":\"https:\/\/mito.ca\/en\/#\/schema\/logo\/image\/\"},\"sameAs\":[\"https:\/\/www.facebook.com\/mito.entreprise\/\",\"https:\/\/www.instagram.com\/mito.sushi\/\",\"https:\/\/www.linkedin.com\/company\/mito-sushi\/\",\"https:\/\/www.pinterest.ca\/avecmito\/_created\/\",\"https:\/\/www.youtube.com\/channel\/UCTh6Wu1g6cSObHjpmrsqUJw\"]}]}<\/script>\n<!-- \/ Yoast SEO plugin. -->","yoast_head_json":{"title":"Tuna Poke Bowl - 410g - Mito : Sushis pr\u00eats \u00e0 savourer","description":"Tuna Poke Bowl. Simplify your meals with our ready-to-eat sushi and poke bowls. Order online for pickup in your local IGA.","robots":{"index":"index","follow":"follow","max-snippet":"max-snippet:-1","max-image-preview":"max-image-preview:large","max-video-preview":"max-video-preview:-1"},"canonical":"https:\/\/mito.ca\/en\/product\/tuna-poke-bowl\/","og_locale":"en_US","og_type":"article","og_title":"Tuna Poke Bowl - 410g - Mito : Sushis pr\u00eats \u00e0 savourer","og_description":"Tuna Poke Bowl. Simplify your meals with our ready-to-eat sushi and poke bowls. Order online for pickup in your local IGA.","og_url":"https:\/\/mito.ca\/en\/product\/tuna-poke-bowl\/","og_site_name":"Mito : Sushis pr\u00eats \u00e0 savourer","article_publisher":"https:\/\/www.facebook.com\/mito.entreprise\/","article_modified_time":"2025-08-07T04:00:06+00:00","og_image":[{"width":1000,"height":1000,"url":"https:\/\/mito.ca\/wp-content\/uploads\/2021\/09\/Bol-Poke-Thon.png","type":"image\/png"}],"twitter_card":"summary_large_image","schema":{"@context":"https:\/\/schema.org","@graph":[{"@type":"WebPage","@id":"https:\/\/mito.ca\/en\/product\/tuna-poke-bowl\/","url":"https:\/\/mito.ca\/en\/product\/tuna-poke-bowl\/","name":"Tuna Poke Bowl - 410g - Mito : Sushis pr\u00eats \u00e0 savourer","isPartOf":{"@id":"https:\/\/mito.ca\/en\/#website"},"primaryImageOfPage":{"@id":"https:\/\/mito.ca\/en\/product\/tuna-poke-bowl\/#primaryimage"},"image":{"@id":"https:\/\/mito.ca\/en\/product\/tuna-poke-bowl\/#primaryimage"},"thumbnailUrl":"https:\/\/mito.ca\/wp-content\/uploads\/2021\/09\/Bol-Poke-Thon.png","datePublished":"2021-09-16T16:58:18+00:00","dateModified":"2025-08-07T04:00:06+00:00","description":"Tuna Poke Bowl. Simplify your meals with our ready-to-eat sushi and poke bowls. Order online for pickup in your local IGA.","breadcrumb":{"@id":"https:\/\/mito.ca\/en\/product\/tuna-poke-bowl\/#breadcrumb"},"inLanguage":"en-CA","potentialAction":[{"@type":"ReadAction","target":["https:\/\/mito.ca\/en\/product\/tuna-poke-bowl\/"]}]},{"@type":"ImageObject","inLanguage":"en-CA","@id":"https:\/\/mito.ca\/en\/product\/tuna-poke-bowl\/#primaryimage","url":"https:\/\/mito.ca\/wp-content\/uploads\/2021\/09\/Bol-Poke-Thon.png","contentUrl":"https:\/\/mito.ca\/wp-content\/uploads\/2021\/09\/Bol-Poke-Thon.png","width":1000,"height":1000,"caption":"tuna poke bowl"},{"@type":"BreadcrumbList","@id":"https:\/\/mito.ca\/en\/product\/tuna-poke-bowl\/#breadcrumb","itemListElement":[{"@type":"ListItem","position":1,"name":"Home","item":"https:\/\/mito.ca\/en\/"},{"@type":"ListItem","position":2,"name":"Boutique","item":"https:\/\/mito.ca\/boutique\/"},{"@type":"ListItem","position":3,"name":"Tuna Poke Bowl &#8211; 410g"}]},{"@type":"WebSite","@id":"https:\/\/mito.ca\/en\/#website","url":"https:\/\/mito.ca\/en\/","name":"Mito : Sushis pr\u00eats \u00e0 savourer","description":"Sushis pr\u00eats \u00e0 savourer","publisher":{"@id":"https:\/\/mito.ca\/en\/#organization"},"potentialAction":[{"@type":"SearchAction","target":{"@type":"EntryPoint","urlTemplate":"https:\/\/mito.ca\/en\/?s={search_term_string}"},"query-input":{"@type":"PropertyValueSpecification","valueRequired":true,"valueName":"search_term_string"}}],"inLanguage":"en-CA"},{"@type":"Organization","@id":"https:\/\/mito.ca\/en\/#organization","name":"MITO Sushi","url":"https:\/\/mito.ca\/en\/","logo":{"@type":"ImageObject","inLanguage":"en-CA","@id":"https:\/\/mito.ca\/en\/#\/schema\/logo\/image\/","url":"https:\/\/mito.ca\/wp-content\/uploads\/2021\/10\/Mito_Vertical_Black_ENG.png","contentUrl":"https:\/\/mito.ca\/wp-content\/uploads\/2021\/10\/Mito_Vertical_Black_ENG.png","width":488,"height":306,"caption":"MITO Sushi"},"image":{"@id":"https:\/\/mito.ca\/en\/#\/schema\/logo\/image\/"},"sameAs":["https:\/\/www.facebook.com\/mito.entreprise\/","https:\/\/www.instagram.com\/mito.sushi\/","https:\/\/www.linkedin.com\/company\/mito-sushi\/","https:\/\/www.pinterest.ca\/avecmito\/_created\/","https:\/\/www.youtube.com\/channel\/UCTh6Wu1g6cSObHjpmrsqUJw"]}]}},"_links":{"self":[{"href":"https:\/\/mito.ca\/en\/wp-json\/wp\/v2\/product\/2760","targetHints":{"allow":["GET"]}}],"collection":[{"href":"https:\/\/mito.ca\/en\/wp-json\/wp\/v2\/product"}],"about":[{"href":"https:\/\/mito.ca\/en\/wp-json\/wp\/v2\/types\/product"}],"replies":[{"embeddable":true,"href":"https:\/\/mito.ca\/en\/wp-json\/wp\/v2\/comments?post=2760"}],"wp:featuredmedia":[{"embeddable":true,"href":"https:\/\/mito.ca\/en\/wp-json\/wp\/v2\/media\/2767"}],"wp:attachment":[{"href":"https:\/\/mito.ca\/en\/wp-json\/wp\/v2\/media?parent=2760"}],"wp:term":[{"taxonomy":"product_brand","embeddable":true,"href":"https:\/\/mito.ca\/en\/wp-json\/wp\/v2\/product_brand?post=2760"},{"taxonomy":"product_cat","embeddable":true,"href":"https:\/\/mito.ca\/en\/wp-json\/wp\/v2\/product_cat?post=2760"},{"taxonomy":"product_tag","embeddable":true,"href":"https:\/\/mito.ca\/en\/wp-json\/wp\/v2\/product_tag?post=2760"},{"taxonomy":"ingredients","embeddable":true,"href":"https:\/\/mito.ca\/en\/wp-json\/wp\/v2\/ingredients?post=2760"},{"taxonomy":"allergene_peut_contenir","embeddable":true,"href":"https:\/\/mito.ca\/en\/wp-json\/wp\/v2\/allergene_peut_contenir?post=2760"},{"taxonomy":"allergene_contient","embeddable":true,"href":"https:\/\/mito.ca\/en\/wp-json\/wp\/v2\/allergene_contient?post=2760"},{"taxonomy":"mito_product_tags","embeddable":true,"href":"https:\/\/mito.ca\/en\/wp-json\/wp\/v2\/mito_product_tags?post=2760"},{"taxonomy":"format","embeddable":true,"href":"https:\/\/mito.ca\/en\/wp-json\/wp\/v2\/format?post=2760"},{"taxonomy":"type_de_produit","embeddable":true,"href":"https:\/\/mito.ca\/en\/wp-json\/wp\/v2\/type_de_produit?post=2760"},{"taxonomy":"mood","embeddable":true,"href":"https:\/\/mito.ca\/en\/wp-json\/wp\/v2\/mood?post=2760"},{"taxonomy":"proteine","embeddable":true,"href":"https:\/\/mito.ca\/en\/wp-json\/wp\/v2\/proteine?post=2760"},{"taxonomy":"ingredients_secondaire","embeddable":true,"href":"https:\/\/mito.ca\/en\/wp-json\/wp\/v2\/ingredients_secondaire?post=2760"}],"curies":[{"name":"wp","href":"https:\/\/api.w.org\/{rel}","templated":true}]}}