{"id":2784,"date":"2021-09-23T01:36:08","date_gmt":"2021-09-23T01:36:08","guid":{"rendered":"https:\/\/mito-develop.codebusters.app\/product\/combo-egao-22-mcx\/"},"modified":"2025-05-15T00:00:05","modified_gmt":"2025-05-15T04:00:05","slug":"egao-sushi-combo","status":"publish","type":"product","link":"https:\/\/mito.ca\/en\/product\/egao-sushi-combo\/","title":{"rendered":"Egao sushi Combo &#8211; 22 pcs"},"content":{"rendered":"","protected":false},"excerpt":{"rendered":"<p>Simplify your meals with our delicious 22 pi\u00e8ce sushi combo:<\/p>\n<ul>\n<li>5 <a href=\"https:\/\/mito.ca\/en\/product\/fuji-futomakis\/\">Fuji Futomakis<\/a><\/li>\n<li>5 <a href=\"https:\/\/mito.ca\/en\/product\/futomakis-crevettes-epicees\/\">Spicy Shrimp Futomakis<\/a><\/li>\n<li>2 <a href=\"https:\/\/mito.ca\/en\/product\/salmon-nigiri\/\">Salmon Nigiri<\/a><\/li>\n<li>2 <a href=\"https:\/\/mito.ca\/en\/product\/shrimp-nigiri\/\">Shrimp Nigiri<\/a><\/li>\n<li>8 <a href=\"https:\/\/mito.ca\/en\/product\/lychee-sushi-shooter-8-pcs\/\">Lychee Shooters<\/a><\/li>\n<\/ul>\n","protected":false},"featured_media":6154,"comment_status":"open","ping_status":"closed","template":"","format":[405],"meta":{"_acf_changed":false,"inline_featured_image":false},"product_brand":[],"product_cat":[367],"product_tag":[],"ingredients":[371,373,378,379,381],"allergene_peut_contenir":[386,387,388,389,390,391,392,382,393,383,394,384,385],"allergene_contient":[],"mito_product_tags":[],"type_de_produit":[411],"mood":[],"proteine":[420,421,422,423,424],"ingredients_secondaire":[434,426,427,428,429,430],"class_list":{"0":"post-2784","1":"product","2":"type-product","3":"status-publish","4":"has-post-thumbnail","6":"product_cat-products-ready-to-enjoy","7":"ingredients-cucumber","8":"ingredients-soy-wrappers","9":"ingredients-rice-paper","10":"ingredients-litchi-en","11":"ingredients-tempura-en","12":"allergene_peut_contenir-sesame-en-2","13":"allergene_peut_contenir-crustacean","14":"allergene_peut_contenir-mollusk","15":"allergene_peut_contenir-nuts","16":"allergene_peut_contenir-egg","17":"allergene_peut_contenir-fish","18":"allergene_peut_contenir-sulphites","19":"allergene_peut_contenir-peanuts","20":"allergene_peut_contenir-soy","21":"allergene_peut_contenir-milk","22":"allergene_peut_contenir-gluten-en","23":"allergene_peut_contenir-nuts-en","24":"allergene_peut_contenir-wheat-or-triticale","25":"format-combos-en","26":"type_de_produit-shooter-en","27":"proteine-salmon","28":"proteine-shrimps","29":"proteine-imitation-crabmeat","30":"proteine-smoked-salmon","31":"proteine-masago-en","32":"ingredients_secondaire-toasted-seaweed-en","33":"ingredients_secondaire-green-onions","34":"ingredients_secondaire-sesame-seeds","35":"ingredients_secondaire-korean-spices","36":"ingredients_secondaire-spicy-mayo","37":"ingredients_secondaire-rice","39":"first","40":"instock","41":"taxable","42":"shipping-taxable","43":"purchasable","44":"product-type-simple"},"acf":[],"yoast_head":"<!-- This site is optimized with the Yoast SEO plugin v27.1.1 - https:\/\/yoast.com\/product\/yoast-seo-wordpress\/ -->\n<title>Egao sushi Combo - 22 pcs - Mito : Sushis pr\u00eats \u00e0 savourer<\/title>\n<meta name=\"description\" content=\"Simplify your meals thanks to our 22 piece Egao sushi combo. Incredible sushi, always fresh and closeby. Order today.\" \/>\n<meta name=\"robots\" content=\"index, follow, max-snippet:-1, max-image-preview:large, max-video-preview:-1\" \/>\n<link rel=\"canonical\" href=\"https:\/\/mito.ca\/en\/product\/egao-sushi-combo\/\" \/>\n<meta property=\"og:locale\" content=\"en_US\" \/>\n<meta property=\"og:type\" content=\"article\" \/>\n<meta property=\"og:title\" content=\"Egao sushi Combo - 22 pcs - Mito : Sushis pr\u00eats \u00e0 savourer\" \/>\n<meta property=\"og:description\" content=\"Simplify your meals thanks to our 22 piece Egao sushi combo. Incredible sushi, always fresh and closeby. Order today.\" \/>\n<meta property=\"og:url\" content=\"https:\/\/mito.ca\/en\/product\/egao-sushi-combo\/\" \/>\n<meta property=\"og:site_name\" content=\"Mito : Sushis pr\u00eats \u00e0 savourer\" \/>\n<meta property=\"article:publisher\" content=\"https:\/\/www.facebook.com\/mito.entreprise\/\" \/>\n<meta property=\"article:modified_time\" content=\"2025-05-15T04:00:05+00:00\" \/>\n<meta property=\"og:image\" content=\"https:\/\/mito.ca\/wp-content\/uploads\/2021\/09\/Combo-Egao_V3.png\" \/>\n\t<meta property=\"og:image:width\" content=\"1000\" \/>\n\t<meta property=\"og:image:height\" content=\"1000\" \/>\n\t<meta property=\"og:image:type\" content=\"image\/png\" \/>\n<meta name=\"twitter:card\" content=\"summary_large_image\" \/>\n<script type=\"application\/ld+json\" class=\"yoast-schema-graph\">{\"@context\":\"https:\/\/schema.org\",\"@graph\":[{\"@type\":\"WebPage\",\"@id\":\"https:\/\/mito.ca\/en\/product\/egao-sushi-combo\/\",\"url\":\"https:\/\/mito.ca\/en\/product\/egao-sushi-combo\/\",\"name\":\"Egao sushi Combo - 22 pcs - Mito : Sushis pr\u00eats \u00e0 savourer\",\"isPartOf\":{\"@id\":\"https:\/\/mito.ca\/en\/#website\"},\"primaryImageOfPage\":{\"@id\":\"https:\/\/mito.ca\/en\/product\/egao-sushi-combo\/#primaryimage\"},\"image\":{\"@id\":\"https:\/\/mito.ca\/en\/product\/egao-sushi-combo\/#primaryimage\"},\"thumbnailUrl\":\"https:\/\/mito.ca\/wp-content\/uploads\/2021\/09\/Combo-Egao_V3.png\",\"datePublished\":\"2021-09-23T01:36:08+00:00\",\"dateModified\":\"2025-05-15T04:00:05+00:00\",\"description\":\"Simplify your meals thanks to our 22 piece Egao sushi combo. Incredible sushi, always fresh and closeby. Order today.\",\"breadcrumb\":{\"@id\":\"https:\/\/mito.ca\/en\/product\/egao-sushi-combo\/#breadcrumb\"},\"inLanguage\":\"en-CA\",\"potentialAction\":[{\"@type\":\"ReadAction\",\"target\":[\"https:\/\/mito.ca\/en\/product\/egao-sushi-combo\/\"]}]},{\"@type\":\"ImageObject\",\"inLanguage\":\"en-CA\",\"@id\":\"https:\/\/mito.ca\/en\/product\/egao-sushi-combo\/#primaryimage\",\"url\":\"https:\/\/mito.ca\/wp-content\/uploads\/2021\/09\/Combo-Egao_V3.png\",\"contentUrl\":\"https:\/\/mito.ca\/wp-content\/uploads\/2021\/09\/Combo-Egao_V3.png\",\"width\":1000,\"height\":1000,\"caption\":\"combo-\u00e9gao-22-mcx-sushi\"},{\"@type\":\"BreadcrumbList\",\"@id\":\"https:\/\/mito.ca\/en\/product\/egao-sushi-combo\/#breadcrumb\",\"itemListElement\":[{\"@type\":\"ListItem\",\"position\":1,\"name\":\"Home\",\"item\":\"https:\/\/mito.ca\/en\/\"},{\"@type\":\"ListItem\",\"position\":2,\"name\":\"Boutique\",\"item\":\"https:\/\/mito.ca\/boutique\/\"},{\"@type\":\"ListItem\",\"position\":3,\"name\":\"Egao sushi Combo &#8211; 22 pcs\"}]},{\"@type\":\"WebSite\",\"@id\":\"https:\/\/mito.ca\/en\/#website\",\"url\":\"https:\/\/mito.ca\/en\/\",\"name\":\"Mito : Sushis pr\u00eats \u00e0 savourer\",\"description\":\"Sushis pr\u00eats \u00e0 savourer\",\"publisher\":{\"@id\":\"https:\/\/mito.ca\/en\/#organization\"},\"potentialAction\":[{\"@type\":\"SearchAction\",\"target\":{\"@type\":\"EntryPoint\",\"urlTemplate\":\"https:\/\/mito.ca\/en\/?s={search_term_string}\"},\"query-input\":{\"@type\":\"PropertyValueSpecification\",\"valueRequired\":true,\"valueName\":\"search_term_string\"}}],\"inLanguage\":\"en-CA\"},{\"@type\":\"Organization\",\"@id\":\"https:\/\/mito.ca\/en\/#organization\",\"name\":\"MITO Sushi\",\"url\":\"https:\/\/mito.ca\/en\/\",\"logo\":{\"@type\":\"ImageObject\",\"inLanguage\":\"en-CA\",\"@id\":\"https:\/\/mito.ca\/en\/#\/schema\/logo\/image\/\",\"url\":\"https:\/\/mito.ca\/wp-content\/uploads\/2021\/10\/Mito_Vertical_Black_ENG.png\",\"contentUrl\":\"https:\/\/mito.ca\/wp-content\/uploads\/2021\/10\/Mito_Vertical_Black_ENG.png\",\"width\":488,\"height\":306,\"caption\":\"MITO Sushi\"},\"image\":{\"@id\":\"https:\/\/mito.ca\/en\/#\/schema\/logo\/image\/\"},\"sameAs\":[\"https:\/\/www.facebook.com\/mito.entreprise\/\",\"https:\/\/www.instagram.com\/mito.sushi\/\",\"https:\/\/www.linkedin.com\/company\/mito-sushi\/\",\"https:\/\/www.pinterest.ca\/avecmito\/_created\/\",\"https:\/\/www.youtube.com\/channel\/UCTh6Wu1g6cSObHjpmrsqUJw\"]}]}<\/script>\n<!-- \/ Yoast SEO plugin. -->","yoast_head_json":{"title":"Egao sushi Combo - 22 pcs - Mito : Sushis pr\u00eats \u00e0 savourer","description":"Simplify your meals thanks to our 22 piece Egao sushi combo. Incredible sushi, always fresh and closeby. Order today.","robots":{"index":"index","follow":"follow","max-snippet":"max-snippet:-1","max-image-preview":"max-image-preview:large","max-video-preview":"max-video-preview:-1"},"canonical":"https:\/\/mito.ca\/en\/product\/egao-sushi-combo\/","og_locale":"en_US","og_type":"article","og_title":"Egao sushi Combo - 22 pcs - Mito : Sushis pr\u00eats \u00e0 savourer","og_description":"Simplify your meals thanks to our 22 piece Egao sushi combo. Incredible sushi, always fresh and closeby. Order today.","og_url":"https:\/\/mito.ca\/en\/product\/egao-sushi-combo\/","og_site_name":"Mito : Sushis pr\u00eats \u00e0 savourer","article_publisher":"https:\/\/www.facebook.com\/mito.entreprise\/","article_modified_time":"2025-05-15T04:00:05+00:00","og_image":[{"width":1000,"height":1000,"url":"https:\/\/mito.ca\/wp-content\/uploads\/2021\/09\/Combo-Egao_V3.png","type":"image\/png"}],"twitter_card":"summary_large_image","schema":{"@context":"https:\/\/schema.org","@graph":[{"@type":"WebPage","@id":"https:\/\/mito.ca\/en\/product\/egao-sushi-combo\/","url":"https:\/\/mito.ca\/en\/product\/egao-sushi-combo\/","name":"Egao sushi Combo - 22 pcs - Mito : Sushis pr\u00eats \u00e0 savourer","isPartOf":{"@id":"https:\/\/mito.ca\/en\/#website"},"primaryImageOfPage":{"@id":"https:\/\/mito.ca\/en\/product\/egao-sushi-combo\/#primaryimage"},"image":{"@id":"https:\/\/mito.ca\/en\/product\/egao-sushi-combo\/#primaryimage"},"thumbnailUrl":"https:\/\/mito.ca\/wp-content\/uploads\/2021\/09\/Combo-Egao_V3.png","datePublished":"2021-09-23T01:36:08+00:00","dateModified":"2025-05-15T04:00:05+00:00","description":"Simplify your meals thanks to our 22 piece Egao sushi combo. Incredible sushi, always fresh and closeby. Order today.","breadcrumb":{"@id":"https:\/\/mito.ca\/en\/product\/egao-sushi-combo\/#breadcrumb"},"inLanguage":"en-CA","potentialAction":[{"@type":"ReadAction","target":["https:\/\/mito.ca\/en\/product\/egao-sushi-combo\/"]}]},{"@type":"ImageObject","inLanguage":"en-CA","@id":"https:\/\/mito.ca\/en\/product\/egao-sushi-combo\/#primaryimage","url":"https:\/\/mito.ca\/wp-content\/uploads\/2021\/09\/Combo-Egao_V3.png","contentUrl":"https:\/\/mito.ca\/wp-content\/uploads\/2021\/09\/Combo-Egao_V3.png","width":1000,"height":1000,"caption":"combo-\u00e9gao-22-mcx-sushi"},{"@type":"BreadcrumbList","@id":"https:\/\/mito.ca\/en\/product\/egao-sushi-combo\/#breadcrumb","itemListElement":[{"@type":"ListItem","position":1,"name":"Home","item":"https:\/\/mito.ca\/en\/"},{"@type":"ListItem","position":2,"name":"Boutique","item":"https:\/\/mito.ca\/boutique\/"},{"@type":"ListItem","position":3,"name":"Egao sushi Combo &#8211; 22 pcs"}]},{"@type":"WebSite","@id":"https:\/\/mito.ca\/en\/#website","url":"https:\/\/mito.ca\/en\/","name":"Mito : Sushis pr\u00eats \u00e0 savourer","description":"Sushis pr\u00eats \u00e0 savourer","publisher":{"@id":"https:\/\/mito.ca\/en\/#organization"},"potentialAction":[{"@type":"SearchAction","target":{"@type":"EntryPoint","urlTemplate":"https:\/\/mito.ca\/en\/?s={search_term_string}"},"query-input":{"@type":"PropertyValueSpecification","valueRequired":true,"valueName":"search_term_string"}}],"inLanguage":"en-CA"},{"@type":"Organization","@id":"https:\/\/mito.ca\/en\/#organization","name":"MITO Sushi","url":"https:\/\/mito.ca\/en\/","logo":{"@type":"ImageObject","inLanguage":"en-CA","@id":"https:\/\/mito.ca\/en\/#\/schema\/logo\/image\/","url":"https:\/\/mito.ca\/wp-content\/uploads\/2021\/10\/Mito_Vertical_Black_ENG.png","contentUrl":"https:\/\/mito.ca\/wp-content\/uploads\/2021\/10\/Mito_Vertical_Black_ENG.png","width":488,"height":306,"caption":"MITO Sushi"},"image":{"@id":"https:\/\/mito.ca\/en\/#\/schema\/logo\/image\/"},"sameAs":["https:\/\/www.facebook.com\/mito.entreprise\/","https:\/\/www.instagram.com\/mito.sushi\/","https:\/\/www.linkedin.com\/company\/mito-sushi\/","https:\/\/www.pinterest.ca\/avecmito\/_created\/","https:\/\/www.youtube.com\/channel\/UCTh6Wu1g6cSObHjpmrsqUJw"]}]}},"_links":{"self":[{"href":"https:\/\/mito.ca\/en\/wp-json\/wp\/v2\/product\/2784","targetHints":{"allow":["GET"]}}],"collection":[{"href":"https:\/\/mito.ca\/en\/wp-json\/wp\/v2\/product"}],"about":[{"href":"https:\/\/mito.ca\/en\/wp-json\/wp\/v2\/types\/product"}],"replies":[{"embeddable":true,"href":"https:\/\/mito.ca\/en\/wp-json\/wp\/v2\/comments?post=2784"}],"wp:featuredmedia":[{"embeddable":true,"href":"https:\/\/mito.ca\/en\/wp-json\/wp\/v2\/media\/6154"}],"wp:attachment":[{"href":"https:\/\/mito.ca\/en\/wp-json\/wp\/v2\/media?parent=2784"}],"wp:term":[{"taxonomy":"product_brand","embeddable":true,"href":"https:\/\/mito.ca\/en\/wp-json\/wp\/v2\/product_brand?post=2784"},{"taxonomy":"product_cat","embeddable":true,"href":"https:\/\/mito.ca\/en\/wp-json\/wp\/v2\/product_cat?post=2784"},{"taxonomy":"product_tag","embeddable":true,"href":"https:\/\/mito.ca\/en\/wp-json\/wp\/v2\/product_tag?post=2784"},{"taxonomy":"ingredients","embeddable":true,"href":"https:\/\/mito.ca\/en\/wp-json\/wp\/v2\/ingredients?post=2784"},{"taxonomy":"allergene_peut_contenir","embeddable":true,"href":"https:\/\/mito.ca\/en\/wp-json\/wp\/v2\/allergene_peut_contenir?post=2784"},{"taxonomy":"allergene_contient","embeddable":true,"href":"https:\/\/mito.ca\/en\/wp-json\/wp\/v2\/allergene_contient?post=2784"},{"taxonomy":"mito_product_tags","embeddable":true,"href":"https:\/\/mito.ca\/en\/wp-json\/wp\/v2\/mito_product_tags?post=2784"},{"taxonomy":"format","embeddable":true,"href":"https:\/\/mito.ca\/en\/wp-json\/wp\/v2\/format?post=2784"},{"taxonomy":"type_de_produit","embeddable":true,"href":"https:\/\/mito.ca\/en\/wp-json\/wp\/v2\/type_de_produit?post=2784"},{"taxonomy":"mood","embeddable":true,"href":"https:\/\/mito.ca\/en\/wp-json\/wp\/v2\/mood?post=2784"},{"taxonomy":"proteine","embeddable":true,"href":"https:\/\/mito.ca\/en\/wp-json\/wp\/v2\/proteine?post=2784"},{"taxonomy":"ingredients_secondaire","embeddable":true,"href":"https:\/\/mito.ca\/en\/wp-json\/wp\/v2\/ingredients_secondaire?post=2784"}],"curies":[{"name":"wp","href":"https:\/\/api.w.org\/{rel}","templated":true}]}}