{"id":2787,"date":"2021-09-23T01:32:07","date_gmt":"2021-09-23T01:32:07","guid":{"rendered":"https:\/\/mito-develop.codebusters.app\/product\/combo-nigiwai-20-mcx\/"},"modified":"2025-06-19T00:00:06","modified_gmt":"2025-06-19T04:00:06","slug":"nigiwai-sushi-combo","status":"publish","type":"product","link":"https:\/\/mito.ca\/en\/product\/nigiwai-sushi-combo\/","title":{"rendered":"Nigiwai sushi Combo &#8211; 20 pcs"},"content":{"rendered":"","protected":false},"excerpt":{"rendered":"<p>Simplify your meals with our delicious 20 piece sushi combo:<\/p>\n<ul>\n<li>8 Spicy shrimps makis<\/li>\n<li>5 Vegetarian Makis<\/li>\n<li>1 <a href=\"https:\/\/mito.ca\/en\/product\/smoked-salmon-nigiri\/\">Smoked salmon nigiri<\/a><\/li>\n<li>1 <a href=\"https:\/\/mito.ca\/en\/product\/shrimp-nigiri\/\">Shrimp nigiri<\/a><\/li>\n<li>4 <a href=\"https:\/\/mito.ca\/en\/product\/lychee-sushi-shooter-8-pcs\/\">Litchi Shooters<\/a><\/li>\n<li>1 Gunkan masago<\/li>\n<\/ul>\n","protected":false},"featured_media":2227,"comment_status":"open","ping_status":"closed","template":"","format":[405],"meta":{"_acf_changed":false,"inline_featured_image":false},"product_brand":[],"product_cat":[367],"product_tag":[],"ingredients":[372,373,374,377,379,381,370,371],"allergene_peut_contenir":[387,388,389,390,391,392,382,393,383,394,384,385,386],"allergene_contient":[],"mito_product_tags":[],"type_de_produit":[411],"mood":[],"proteine":[421,423,424,420],"ingredients_secondaire":[426,427,428,429,430,434],"class_list":{"0":"post-2787","1":"product","2":"type-product","3":"status-publish","4":"has-post-thumbnail","6":"product_cat-products-ready-to-enjoy","7":"ingredients-carott","8":"ingredients-soy-wrappers","9":"ingredients-japanese-pickled-radish","10":"ingredients-pepper","11":"ingredients-litchi-en","12":"ingredients-tempura-en","13":"ingredients-avocado","14":"ingredients-cucumber","15":"allergene_peut_contenir-crustacean","16":"allergene_peut_contenir-mollusk","17":"allergene_peut_contenir-nuts","18":"allergene_peut_contenir-egg","19":"allergene_peut_contenir-fish","20":"allergene_peut_contenir-sulphites","21":"allergene_peut_contenir-peanuts","22":"allergene_peut_contenir-soy","23":"allergene_peut_contenir-milk","24":"allergene_peut_contenir-gluten-en","25":"allergene_peut_contenir-nuts-en","26":"allergene_peut_contenir-wheat-or-triticale","27":"allergene_peut_contenir-sesame-en-2","28":"format-combos-en","29":"type_de_produit-shooter-en","30":"proteine-shrimps","31":"proteine-smoked-salmon","32":"proteine-masago-en","33":"proteine-salmon","34":"ingredients_secondaire-green-onions","35":"ingredients_secondaire-sesame-seeds","36":"ingredients_secondaire-korean-spices","37":"ingredients_secondaire-spicy-mayo","38":"ingredients_secondaire-rice","39":"ingredients_secondaire-toasted-seaweed-en","41":"first","42":"instock","43":"taxable","44":"shipping-taxable","45":"purchasable","46":"product-type-simple"},"acf":[],"yoast_head":"<!-- This site is optimized with the Yoast SEO plugin v27.1.1 - https:\/\/yoast.com\/product\/yoast-seo-wordpress\/ -->\n<title>Nigiwai sushi Combo - 20 pcs - Mito : Sushis pr\u00eats \u00e0 savourer<\/title>\n<meta name=\"description\" content=\"Simplify your meals with our delicious 20 piece Nigiwai sushi combo. Incredible sushi, always fresh and closeby.\" \/>\n<meta name=\"robots\" content=\"index, follow, max-snippet:-1, max-image-preview:large, max-video-preview:-1\" \/>\n<link rel=\"canonical\" href=\"https:\/\/mito.ca\/en\/product\/nigiwai-sushi-combo\/\" \/>\n<meta property=\"og:locale\" content=\"en_US\" \/>\n<meta property=\"og:type\" content=\"article\" \/>\n<meta property=\"og:title\" content=\"Nigiwai sushi Combo - 20 pcs - Mito : Sushis pr\u00eats \u00e0 savourer\" \/>\n<meta property=\"og:description\" content=\"Simplify your meals with our delicious 20 piece Nigiwai sushi combo. Incredible sushi, always fresh and closeby.\" \/>\n<meta property=\"og:url\" content=\"https:\/\/mito.ca\/en\/product\/nigiwai-sushi-combo\/\" \/>\n<meta property=\"og:site_name\" content=\"Mito : Sushis pr\u00eats \u00e0 savourer\" \/>\n<meta property=\"article:publisher\" content=\"https:\/\/www.facebook.com\/mito.entreprise\/\" \/>\n<meta property=\"article:modified_time\" content=\"2025-06-19T04:00:06+00:00\" \/>\n<meta property=\"og:image\" content=\"https:\/\/mito.ca\/wp-content\/uploads\/2021\/09\/COMBO-NIGIWAI-1.png\" \/>\n\t<meta property=\"og:image:width\" content=\"800\" \/>\n\t<meta property=\"og:image:height\" content=\"800\" \/>\n\t<meta property=\"og:image:type\" content=\"image\/png\" \/>\n<meta name=\"twitter:card\" content=\"summary_large_image\" \/>\n<script type=\"application\/ld+json\" class=\"yoast-schema-graph\">{\"@context\":\"https:\/\/schema.org\",\"@graph\":[{\"@type\":\"WebPage\",\"@id\":\"https:\/\/mito.ca\/en\/product\/nigiwai-sushi-combo\/\",\"url\":\"https:\/\/mito.ca\/en\/product\/nigiwai-sushi-combo\/\",\"name\":\"Nigiwai sushi Combo - 20 pcs - Mito : Sushis pr\u00eats \u00e0 savourer\",\"isPartOf\":{\"@id\":\"https:\/\/mito.ca\/en\/#website\"},\"primaryImageOfPage\":{\"@id\":\"https:\/\/mito.ca\/en\/product\/nigiwai-sushi-combo\/#primaryimage\"},\"image\":{\"@id\":\"https:\/\/mito.ca\/en\/product\/nigiwai-sushi-combo\/#primaryimage\"},\"thumbnailUrl\":\"https:\/\/mito.ca\/wp-content\/uploads\/2021\/09\/COMBO-NIGIWAI-1.png\",\"datePublished\":\"2021-09-23T01:32:07+00:00\",\"dateModified\":\"2025-06-19T04:00:06+00:00\",\"description\":\"Simplify your meals with our delicious 20 piece Nigiwai sushi combo. Incredible sushi, always fresh and closeby.\",\"breadcrumb\":{\"@id\":\"https:\/\/mito.ca\/en\/product\/nigiwai-sushi-combo\/#breadcrumb\"},\"inLanguage\":\"en-CA\",\"potentialAction\":[{\"@type\":\"ReadAction\",\"target\":[\"https:\/\/mito.ca\/en\/product\/nigiwai-sushi-combo\/\"]}]},{\"@type\":\"ImageObject\",\"inLanguage\":\"en-CA\",\"@id\":\"https:\/\/mito.ca\/en\/product\/nigiwai-sushi-combo\/#primaryimage\",\"url\":\"https:\/\/mito.ca\/wp-content\/uploads\/2021\/09\/COMBO-NIGIWAI-1.png\",\"contentUrl\":\"https:\/\/mito.ca\/wp-content\/uploads\/2021\/09\/COMBO-NIGIWAI-1.png\",\"width\":800,\"height\":800,\"caption\":\"sushi combo 20 mcx\"},{\"@type\":\"BreadcrumbList\",\"@id\":\"https:\/\/mito.ca\/en\/product\/nigiwai-sushi-combo\/#breadcrumb\",\"itemListElement\":[{\"@type\":\"ListItem\",\"position\":1,\"name\":\"Home\",\"item\":\"https:\/\/mito.ca\/en\/\"},{\"@type\":\"ListItem\",\"position\":2,\"name\":\"Boutique\",\"item\":\"https:\/\/mito.ca\/boutique\/\"},{\"@type\":\"ListItem\",\"position\":3,\"name\":\"Nigiwai sushi Combo &#8211; 20 pcs\"}]},{\"@type\":\"WebSite\",\"@id\":\"https:\/\/mito.ca\/en\/#website\",\"url\":\"https:\/\/mito.ca\/en\/\",\"name\":\"Mito : Sushis pr\u00eats \u00e0 savourer\",\"description\":\"Sushis pr\u00eats \u00e0 savourer\",\"publisher\":{\"@id\":\"https:\/\/mito.ca\/en\/#organization\"},\"potentialAction\":[{\"@type\":\"SearchAction\",\"target\":{\"@type\":\"EntryPoint\",\"urlTemplate\":\"https:\/\/mito.ca\/en\/?s={search_term_string}\"},\"query-input\":{\"@type\":\"PropertyValueSpecification\",\"valueRequired\":true,\"valueName\":\"search_term_string\"}}],\"inLanguage\":\"en-CA\"},{\"@type\":\"Organization\",\"@id\":\"https:\/\/mito.ca\/en\/#organization\",\"name\":\"MITO Sushi\",\"url\":\"https:\/\/mito.ca\/en\/\",\"logo\":{\"@type\":\"ImageObject\",\"inLanguage\":\"en-CA\",\"@id\":\"https:\/\/mito.ca\/en\/#\/schema\/logo\/image\/\",\"url\":\"https:\/\/mito.ca\/wp-content\/uploads\/2021\/10\/Mito_Vertical_Black_ENG.png\",\"contentUrl\":\"https:\/\/mito.ca\/wp-content\/uploads\/2021\/10\/Mito_Vertical_Black_ENG.png\",\"width\":488,\"height\":306,\"caption\":\"MITO Sushi\"},\"image\":{\"@id\":\"https:\/\/mito.ca\/en\/#\/schema\/logo\/image\/\"},\"sameAs\":[\"https:\/\/www.facebook.com\/mito.entreprise\/\",\"https:\/\/www.instagram.com\/mito.sushi\/\",\"https:\/\/www.linkedin.com\/company\/mito-sushi\/\",\"https:\/\/www.pinterest.ca\/avecmito\/_created\/\",\"https:\/\/www.youtube.com\/channel\/UCTh6Wu1g6cSObHjpmrsqUJw\"]}]}<\/script>\n<!-- \/ Yoast SEO plugin. -->","yoast_head_json":{"title":"Nigiwai sushi Combo - 20 pcs - Mito : Sushis pr\u00eats \u00e0 savourer","description":"Simplify your meals with our delicious 20 piece Nigiwai sushi combo. Incredible sushi, always fresh and closeby.","robots":{"index":"index","follow":"follow","max-snippet":"max-snippet:-1","max-image-preview":"max-image-preview:large","max-video-preview":"max-video-preview:-1"},"canonical":"https:\/\/mito.ca\/en\/product\/nigiwai-sushi-combo\/","og_locale":"en_US","og_type":"article","og_title":"Nigiwai sushi Combo - 20 pcs - Mito : Sushis pr\u00eats \u00e0 savourer","og_description":"Simplify your meals with our delicious 20 piece Nigiwai sushi combo. Incredible sushi, always fresh and closeby.","og_url":"https:\/\/mito.ca\/en\/product\/nigiwai-sushi-combo\/","og_site_name":"Mito : Sushis pr\u00eats \u00e0 savourer","article_publisher":"https:\/\/www.facebook.com\/mito.entreprise\/","article_modified_time":"2025-06-19T04:00:06+00:00","og_image":[{"width":800,"height":800,"url":"https:\/\/mito.ca\/wp-content\/uploads\/2021\/09\/COMBO-NIGIWAI-1.png","type":"image\/png"}],"twitter_card":"summary_large_image","schema":{"@context":"https:\/\/schema.org","@graph":[{"@type":"WebPage","@id":"https:\/\/mito.ca\/en\/product\/nigiwai-sushi-combo\/","url":"https:\/\/mito.ca\/en\/product\/nigiwai-sushi-combo\/","name":"Nigiwai sushi Combo - 20 pcs - Mito : Sushis pr\u00eats \u00e0 savourer","isPartOf":{"@id":"https:\/\/mito.ca\/en\/#website"},"primaryImageOfPage":{"@id":"https:\/\/mito.ca\/en\/product\/nigiwai-sushi-combo\/#primaryimage"},"image":{"@id":"https:\/\/mito.ca\/en\/product\/nigiwai-sushi-combo\/#primaryimage"},"thumbnailUrl":"https:\/\/mito.ca\/wp-content\/uploads\/2021\/09\/COMBO-NIGIWAI-1.png","datePublished":"2021-09-23T01:32:07+00:00","dateModified":"2025-06-19T04:00:06+00:00","description":"Simplify your meals with our delicious 20 piece Nigiwai sushi combo. Incredible sushi, always fresh and closeby.","breadcrumb":{"@id":"https:\/\/mito.ca\/en\/product\/nigiwai-sushi-combo\/#breadcrumb"},"inLanguage":"en-CA","potentialAction":[{"@type":"ReadAction","target":["https:\/\/mito.ca\/en\/product\/nigiwai-sushi-combo\/"]}]},{"@type":"ImageObject","inLanguage":"en-CA","@id":"https:\/\/mito.ca\/en\/product\/nigiwai-sushi-combo\/#primaryimage","url":"https:\/\/mito.ca\/wp-content\/uploads\/2021\/09\/COMBO-NIGIWAI-1.png","contentUrl":"https:\/\/mito.ca\/wp-content\/uploads\/2021\/09\/COMBO-NIGIWAI-1.png","width":800,"height":800,"caption":"sushi combo 20 mcx"},{"@type":"BreadcrumbList","@id":"https:\/\/mito.ca\/en\/product\/nigiwai-sushi-combo\/#breadcrumb","itemListElement":[{"@type":"ListItem","position":1,"name":"Home","item":"https:\/\/mito.ca\/en\/"},{"@type":"ListItem","position":2,"name":"Boutique","item":"https:\/\/mito.ca\/boutique\/"},{"@type":"ListItem","position":3,"name":"Nigiwai sushi Combo &#8211; 20 pcs"}]},{"@type":"WebSite","@id":"https:\/\/mito.ca\/en\/#website","url":"https:\/\/mito.ca\/en\/","name":"Mito : Sushis pr\u00eats \u00e0 savourer","description":"Sushis pr\u00eats \u00e0 savourer","publisher":{"@id":"https:\/\/mito.ca\/en\/#organization"},"potentialAction":[{"@type":"SearchAction","target":{"@type":"EntryPoint","urlTemplate":"https:\/\/mito.ca\/en\/?s={search_term_string}"},"query-input":{"@type":"PropertyValueSpecification","valueRequired":true,"valueName":"search_term_string"}}],"inLanguage":"en-CA"},{"@type":"Organization","@id":"https:\/\/mito.ca\/en\/#organization","name":"MITO Sushi","url":"https:\/\/mito.ca\/en\/","logo":{"@type":"ImageObject","inLanguage":"en-CA","@id":"https:\/\/mito.ca\/en\/#\/schema\/logo\/image\/","url":"https:\/\/mito.ca\/wp-content\/uploads\/2021\/10\/Mito_Vertical_Black_ENG.png","contentUrl":"https:\/\/mito.ca\/wp-content\/uploads\/2021\/10\/Mito_Vertical_Black_ENG.png","width":488,"height":306,"caption":"MITO Sushi"},"image":{"@id":"https:\/\/mito.ca\/en\/#\/schema\/logo\/image\/"},"sameAs":["https:\/\/www.facebook.com\/mito.entreprise\/","https:\/\/www.instagram.com\/mito.sushi\/","https:\/\/www.linkedin.com\/company\/mito-sushi\/","https:\/\/www.pinterest.ca\/avecmito\/_created\/","https:\/\/www.youtube.com\/channel\/UCTh6Wu1g6cSObHjpmrsqUJw"]}]}},"_links":{"self":[{"href":"https:\/\/mito.ca\/en\/wp-json\/wp\/v2\/product\/2787","targetHints":{"allow":["GET"]}}],"collection":[{"href":"https:\/\/mito.ca\/en\/wp-json\/wp\/v2\/product"}],"about":[{"href":"https:\/\/mito.ca\/en\/wp-json\/wp\/v2\/types\/product"}],"replies":[{"embeddable":true,"href":"https:\/\/mito.ca\/en\/wp-json\/wp\/v2\/comments?post=2787"}],"wp:featuredmedia":[{"embeddable":true,"href":"https:\/\/mito.ca\/en\/wp-json\/wp\/v2\/media\/2227"}],"wp:attachment":[{"href":"https:\/\/mito.ca\/en\/wp-json\/wp\/v2\/media?parent=2787"}],"wp:term":[{"taxonomy":"product_brand","embeddable":true,"href":"https:\/\/mito.ca\/en\/wp-json\/wp\/v2\/product_brand?post=2787"},{"taxonomy":"product_cat","embeddable":true,"href":"https:\/\/mito.ca\/en\/wp-json\/wp\/v2\/product_cat?post=2787"},{"taxonomy":"product_tag","embeddable":true,"href":"https:\/\/mito.ca\/en\/wp-json\/wp\/v2\/product_tag?post=2787"},{"taxonomy":"ingredients","embeddable":true,"href":"https:\/\/mito.ca\/en\/wp-json\/wp\/v2\/ingredients?post=2787"},{"taxonomy":"allergene_peut_contenir","embeddable":true,"href":"https:\/\/mito.ca\/en\/wp-json\/wp\/v2\/allergene_peut_contenir?post=2787"},{"taxonomy":"allergene_contient","embeddable":true,"href":"https:\/\/mito.ca\/en\/wp-json\/wp\/v2\/allergene_contient?post=2787"},{"taxonomy":"mito_product_tags","embeddable":true,"href":"https:\/\/mito.ca\/en\/wp-json\/wp\/v2\/mito_product_tags?post=2787"},{"taxonomy":"format","embeddable":true,"href":"https:\/\/mito.ca\/en\/wp-json\/wp\/v2\/format?post=2787"},{"taxonomy":"type_de_produit","embeddable":true,"href":"https:\/\/mito.ca\/en\/wp-json\/wp\/v2\/type_de_produit?post=2787"},{"taxonomy":"mood","embeddable":true,"href":"https:\/\/mito.ca\/en\/wp-json\/wp\/v2\/mood?post=2787"},{"taxonomy":"proteine","embeddable":true,"href":"https:\/\/mito.ca\/en\/wp-json\/wp\/v2\/proteine?post=2787"},{"taxonomy":"ingredients_secondaire","embeddable":true,"href":"https:\/\/mito.ca\/en\/wp-json\/wp\/v2\/ingredients_secondaire?post=2787"}],"curies":[{"name":"wp","href":"https:\/\/api.w.org\/{rel}","templated":true}]}}