{"id":3060,"date":"2021-09-16T16:58:32","date_gmt":"2021-09-16T16:58:32","guid":{"rendered":"https:\/\/mito-develop.codebusters.app\/product\/test-rouleaux-de-printemps-crevettes-2-rlx\/"},"modified":"2022-04-28T13:44:39","modified_gmt":"2022-04-28T18:44:39","slug":"shrimp-spring-rolls","status":"publish","type":"product","link":"https:\/\/mito.ca\/en\/product\/shrimp-spring-rolls\/","title":{"rendered":"Spring rolls shrimp &#8211; 2 rolls"},"content":{"rendered":"","protected":false},"excerpt":{"rendered":"<p>Simplify your meals with our delicious shrimp spring rolls.<\/p>\n","protected":false},"featured_media":2663,"comment_status":"closed","ping_status":"closed","template":"","format":[444],"meta":{"_acf_changed":false,"inline_featured_image":false},"product_brand":[],"product_cat":[367],"product_tag":[],"ingredients":[371,378],"allergene_peut_contenir":[385,386,387,388,389,390,391,392,382,393,383,394,384],"allergene_contient":[],"mito_product_tags":[404],"type_de_produit":[453],"mood":[418],"proteine":[421,422],"ingredients_secondaire":[430,468],"class_list":{"0":"post-3060","1":"product","2":"type-product","3":"status-publish","4":"has-post-thumbnail","6":"product_cat-products-ready-to-enjoy","7":"pa_quantity-2-rolls","8":"ingredients-cucumber","9":"ingredients-rice-paper","10":"allergene_peut_contenir-wheat-or-triticale","11":"allergene_peut_contenir-sesame-en-2","12":"allergene_peut_contenir-crustacean","13":"allergene_peut_contenir-mollusk","14":"allergene_peut_contenir-nuts","15":"allergene_peut_contenir-egg","16":"allergene_peut_contenir-fish","17":"allergene_peut_contenir-sulphites","18":"allergene_peut_contenir-peanuts","19":"allergene_peut_contenir-soy","20":"allergene_peut_contenir-milk","21":"allergene_peut_contenir-gluten-en","22":"allergene_peut_contenir-nuts-en","23":"mito_product_tags-cooked","24":"format-a-la-carte-en","25":"type_de_produit-spring-rolls","26":"mood-cooked","27":"proteine-shrimps","28":"proteine-imitation-crabmeat","29":"ingredients_secondaire-rice","30":"ingredients_secondaire-lettuce","32":"first","33":"instock","34":"taxable","35":"shipping-taxable","36":"purchasable","37":"product-type-simple"},"acf":[],"yoast_head":"<!-- This site is optimized with the Yoast SEO plugin v27.1.1 - https:\/\/yoast.com\/product\/yoast-seo-wordpress\/ -->\n<title>Shrimp spring rolls - Mito : Sushis pr\u00eats \u00e0 savourer<\/title>\n<meta name=\"description\" content=\"Shrimp spring rolls - 2 rolls. Simplify your meals with our delicious sushis and poke bowls. Available at participating IGAs across Quebec.\" \/>\n<meta name=\"robots\" content=\"index, follow, max-snippet:-1, max-image-preview:large, max-video-preview:-1\" \/>\n<link rel=\"canonical\" href=\"https:\/\/mito.ca\/en\/product\/shrimp-spring-rolls\/\" \/>\n<meta property=\"og:locale\" content=\"en_US\" \/>\n<meta property=\"og:type\" content=\"article\" \/>\n<meta property=\"og:title\" content=\"Shrimp spring rolls - Mito : Sushis pr\u00eats \u00e0 savourer\" \/>\n<meta property=\"og:description\" content=\"Shrimp spring rolls - 2 rolls. Simplify your meals with our delicious sushis and poke bowls. Available at participating IGAs across Quebec.\" \/>\n<meta property=\"og:url\" content=\"https:\/\/mito.ca\/en\/product\/shrimp-spring-rolls\/\" \/>\n<meta property=\"og:site_name\" content=\"Mito : Sushis pr\u00eats \u00e0 savourer\" \/>\n<meta property=\"article:publisher\" content=\"https:\/\/www.facebook.com\/mito.entreprise\/\" \/>\n<meta property=\"article:modified_time\" content=\"2022-04-28T18:44:39+00:00\" \/>\n<meta property=\"og:image\" content=\"https:\/\/mito.ca\/wp-content\/uploads\/2021\/09\/rouleaux-de-printemps-crevettes.png\" \/>\n\t<meta property=\"og:image:width\" content=\"3248\" \/>\n\t<meta property=\"og:image:height\" content=\"3239\" \/>\n\t<meta property=\"og:image:type\" content=\"image\/png\" \/>\n<meta name=\"twitter:card\" content=\"summary_large_image\" \/>\n<script type=\"application\/ld+json\" class=\"yoast-schema-graph\">{\"@context\":\"https:\/\/schema.org\",\"@graph\":[{\"@type\":\"WebPage\",\"@id\":\"https:\/\/mito.ca\/en\/product\/shrimp-spring-rolls\/\",\"url\":\"https:\/\/mito.ca\/en\/product\/shrimp-spring-rolls\/\",\"name\":\"Shrimp spring rolls - Mito : Sushis pr\u00eats \u00e0 savourer\",\"isPartOf\":{\"@id\":\"https:\/\/mito.ca\/en\/#website\"},\"primaryImageOfPage\":{\"@id\":\"https:\/\/mito.ca\/en\/product\/shrimp-spring-rolls\/#primaryimage\"},\"image\":{\"@id\":\"https:\/\/mito.ca\/en\/product\/shrimp-spring-rolls\/#primaryimage\"},\"thumbnailUrl\":\"https:\/\/mito.ca\/wp-content\/uploads\/2021\/09\/rouleaux-de-printemps-crevettes.png\",\"datePublished\":\"2021-09-16T16:58:32+00:00\",\"dateModified\":\"2022-04-28T18:44:39+00:00\",\"description\":\"Shrimp spring rolls - 2 rolls. Simplify your meals with our delicious sushis and poke bowls. Available at participating IGAs across Quebec.\",\"breadcrumb\":{\"@id\":\"https:\/\/mito.ca\/en\/product\/shrimp-spring-rolls\/#breadcrumb\"},\"inLanguage\":\"en-CA\",\"potentialAction\":[{\"@type\":\"ReadAction\",\"target\":[\"https:\/\/mito.ca\/en\/product\/shrimp-spring-rolls\/\"]}]},{\"@type\":\"ImageObject\",\"inLanguage\":\"en-CA\",\"@id\":\"https:\/\/mito.ca\/en\/product\/shrimp-spring-rolls\/#primaryimage\",\"url\":\"https:\/\/mito.ca\/wp-content\/uploads\/2021\/09\/rouleaux-de-printemps-crevettes.png\",\"contentUrl\":\"https:\/\/mito.ca\/wp-content\/uploads\/2021\/09\/rouleaux-de-printemps-crevettes.png\",\"width\":3248,\"height\":3239,\"caption\":\"rouleaux de printemps crevettes shrimp spring roll\"},{\"@type\":\"BreadcrumbList\",\"@id\":\"https:\/\/mito.ca\/en\/product\/shrimp-spring-rolls\/#breadcrumb\",\"itemListElement\":[{\"@type\":\"ListItem\",\"position\":1,\"name\":\"Home\",\"item\":\"https:\/\/mito.ca\/en\/\"},{\"@type\":\"ListItem\",\"position\":2,\"name\":\"Boutique\",\"item\":\"https:\/\/mito.ca\/boutique\/\"},{\"@type\":\"ListItem\",\"position\":3,\"name\":\"Spring rolls shrimp &#8211; 2 rolls\"}]},{\"@type\":\"WebSite\",\"@id\":\"https:\/\/mito.ca\/en\/#website\",\"url\":\"https:\/\/mito.ca\/en\/\",\"name\":\"Mito : Sushis pr\u00eats \u00e0 savourer\",\"description\":\"Sushis pr\u00eats \u00e0 savourer\",\"publisher\":{\"@id\":\"https:\/\/mito.ca\/en\/#organization\"},\"potentialAction\":[{\"@type\":\"SearchAction\",\"target\":{\"@type\":\"EntryPoint\",\"urlTemplate\":\"https:\/\/mito.ca\/en\/?s={search_term_string}\"},\"query-input\":{\"@type\":\"PropertyValueSpecification\",\"valueRequired\":true,\"valueName\":\"search_term_string\"}}],\"inLanguage\":\"en-CA\"},{\"@type\":\"Organization\",\"@id\":\"https:\/\/mito.ca\/en\/#organization\",\"name\":\"MITO Sushi\",\"url\":\"https:\/\/mito.ca\/en\/\",\"logo\":{\"@type\":\"ImageObject\",\"inLanguage\":\"en-CA\",\"@id\":\"https:\/\/mito.ca\/en\/#\/schema\/logo\/image\/\",\"url\":\"https:\/\/mito.ca\/wp-content\/uploads\/2021\/10\/Mito_Vertical_Black_ENG.png\",\"contentUrl\":\"https:\/\/mito.ca\/wp-content\/uploads\/2021\/10\/Mito_Vertical_Black_ENG.png\",\"width\":488,\"height\":306,\"caption\":\"MITO Sushi\"},\"image\":{\"@id\":\"https:\/\/mito.ca\/en\/#\/schema\/logo\/image\/\"},\"sameAs\":[\"https:\/\/www.facebook.com\/mito.entreprise\/\",\"https:\/\/www.instagram.com\/mito.sushi\/\",\"https:\/\/www.linkedin.com\/company\/mito-sushi\/\",\"https:\/\/www.pinterest.ca\/avecmito\/_created\/\",\"https:\/\/www.youtube.com\/channel\/UCTh6Wu1g6cSObHjpmrsqUJw\"]}]}<\/script>\n<!-- \/ Yoast SEO plugin. -->","yoast_head_json":{"title":"Shrimp spring rolls - Mito : Sushis pr\u00eats \u00e0 savourer","description":"Shrimp spring rolls - 2 rolls. Simplify your meals with our delicious sushis and poke bowls. Available at participating IGAs across Quebec.","robots":{"index":"index","follow":"follow","max-snippet":"max-snippet:-1","max-image-preview":"max-image-preview:large","max-video-preview":"max-video-preview:-1"},"canonical":"https:\/\/mito.ca\/en\/product\/shrimp-spring-rolls\/","og_locale":"en_US","og_type":"article","og_title":"Shrimp spring rolls - Mito : Sushis pr\u00eats \u00e0 savourer","og_description":"Shrimp spring rolls - 2 rolls. Simplify your meals with our delicious sushis and poke bowls. Available at participating IGAs across Quebec.","og_url":"https:\/\/mito.ca\/en\/product\/shrimp-spring-rolls\/","og_site_name":"Mito : Sushis pr\u00eats \u00e0 savourer","article_publisher":"https:\/\/www.facebook.com\/mito.entreprise\/","article_modified_time":"2022-04-28T18:44:39+00:00","og_image":[{"width":3248,"height":3239,"url":"https:\/\/mito.ca\/wp-content\/uploads\/2021\/09\/rouleaux-de-printemps-crevettes.png","type":"image\/png"}],"twitter_card":"summary_large_image","schema":{"@context":"https:\/\/schema.org","@graph":[{"@type":"WebPage","@id":"https:\/\/mito.ca\/en\/product\/shrimp-spring-rolls\/","url":"https:\/\/mito.ca\/en\/product\/shrimp-spring-rolls\/","name":"Shrimp spring rolls - Mito : Sushis pr\u00eats \u00e0 savourer","isPartOf":{"@id":"https:\/\/mito.ca\/en\/#website"},"primaryImageOfPage":{"@id":"https:\/\/mito.ca\/en\/product\/shrimp-spring-rolls\/#primaryimage"},"image":{"@id":"https:\/\/mito.ca\/en\/product\/shrimp-spring-rolls\/#primaryimage"},"thumbnailUrl":"https:\/\/mito.ca\/wp-content\/uploads\/2021\/09\/rouleaux-de-printemps-crevettes.png","datePublished":"2021-09-16T16:58:32+00:00","dateModified":"2022-04-28T18:44:39+00:00","description":"Shrimp spring rolls - 2 rolls. Simplify your meals with our delicious sushis and poke bowls. Available at participating IGAs across Quebec.","breadcrumb":{"@id":"https:\/\/mito.ca\/en\/product\/shrimp-spring-rolls\/#breadcrumb"},"inLanguage":"en-CA","potentialAction":[{"@type":"ReadAction","target":["https:\/\/mito.ca\/en\/product\/shrimp-spring-rolls\/"]}]},{"@type":"ImageObject","inLanguage":"en-CA","@id":"https:\/\/mito.ca\/en\/product\/shrimp-spring-rolls\/#primaryimage","url":"https:\/\/mito.ca\/wp-content\/uploads\/2021\/09\/rouleaux-de-printemps-crevettes.png","contentUrl":"https:\/\/mito.ca\/wp-content\/uploads\/2021\/09\/rouleaux-de-printemps-crevettes.png","width":3248,"height":3239,"caption":"rouleaux de printemps crevettes shrimp spring roll"},{"@type":"BreadcrumbList","@id":"https:\/\/mito.ca\/en\/product\/shrimp-spring-rolls\/#breadcrumb","itemListElement":[{"@type":"ListItem","position":1,"name":"Home","item":"https:\/\/mito.ca\/en\/"},{"@type":"ListItem","position":2,"name":"Boutique","item":"https:\/\/mito.ca\/boutique\/"},{"@type":"ListItem","position":3,"name":"Spring rolls shrimp &#8211; 2 rolls"}]},{"@type":"WebSite","@id":"https:\/\/mito.ca\/en\/#website","url":"https:\/\/mito.ca\/en\/","name":"Mito : Sushis pr\u00eats \u00e0 savourer","description":"Sushis pr\u00eats \u00e0 savourer","publisher":{"@id":"https:\/\/mito.ca\/en\/#organization"},"potentialAction":[{"@type":"SearchAction","target":{"@type":"EntryPoint","urlTemplate":"https:\/\/mito.ca\/en\/?s={search_term_string}"},"query-input":{"@type":"PropertyValueSpecification","valueRequired":true,"valueName":"search_term_string"}}],"inLanguage":"en-CA"},{"@type":"Organization","@id":"https:\/\/mito.ca\/en\/#organization","name":"MITO Sushi","url":"https:\/\/mito.ca\/en\/","logo":{"@type":"ImageObject","inLanguage":"en-CA","@id":"https:\/\/mito.ca\/en\/#\/schema\/logo\/image\/","url":"https:\/\/mito.ca\/wp-content\/uploads\/2021\/10\/Mito_Vertical_Black_ENG.png","contentUrl":"https:\/\/mito.ca\/wp-content\/uploads\/2021\/10\/Mito_Vertical_Black_ENG.png","width":488,"height":306,"caption":"MITO Sushi"},"image":{"@id":"https:\/\/mito.ca\/en\/#\/schema\/logo\/image\/"},"sameAs":["https:\/\/www.facebook.com\/mito.entreprise\/","https:\/\/www.instagram.com\/mito.sushi\/","https:\/\/www.linkedin.com\/company\/mito-sushi\/","https:\/\/www.pinterest.ca\/avecmito\/_created\/","https:\/\/www.youtube.com\/channel\/UCTh6Wu1g6cSObHjpmrsqUJw"]}]}},"_links":{"self":[{"href":"https:\/\/mito.ca\/en\/wp-json\/wp\/v2\/product\/3060","targetHints":{"allow":["GET"]}}],"collection":[{"href":"https:\/\/mito.ca\/en\/wp-json\/wp\/v2\/product"}],"about":[{"href":"https:\/\/mito.ca\/en\/wp-json\/wp\/v2\/types\/product"}],"replies":[{"embeddable":true,"href":"https:\/\/mito.ca\/en\/wp-json\/wp\/v2\/comments?post=3060"}],"wp:featuredmedia":[{"embeddable":true,"href":"https:\/\/mito.ca\/en\/wp-json\/wp\/v2\/media\/2663"}],"wp:attachment":[{"href":"https:\/\/mito.ca\/en\/wp-json\/wp\/v2\/media?parent=3060"}],"wp:term":[{"taxonomy":"product_brand","embeddable":true,"href":"https:\/\/mito.ca\/en\/wp-json\/wp\/v2\/product_brand?post=3060"},{"taxonomy":"product_cat","embeddable":true,"href":"https:\/\/mito.ca\/en\/wp-json\/wp\/v2\/product_cat?post=3060"},{"taxonomy":"product_tag","embeddable":true,"href":"https:\/\/mito.ca\/en\/wp-json\/wp\/v2\/product_tag?post=3060"},{"taxonomy":"ingredients","embeddable":true,"href":"https:\/\/mito.ca\/en\/wp-json\/wp\/v2\/ingredients?post=3060"},{"taxonomy":"allergene_peut_contenir","embeddable":true,"href":"https:\/\/mito.ca\/en\/wp-json\/wp\/v2\/allergene_peut_contenir?post=3060"},{"taxonomy":"allergene_contient","embeddable":true,"href":"https:\/\/mito.ca\/en\/wp-json\/wp\/v2\/allergene_contient?post=3060"},{"taxonomy":"mito_product_tags","embeddable":true,"href":"https:\/\/mito.ca\/en\/wp-json\/wp\/v2\/mito_product_tags?post=3060"},{"taxonomy":"format","embeddable":true,"href":"https:\/\/mito.ca\/en\/wp-json\/wp\/v2\/format?post=3060"},{"taxonomy":"type_de_produit","embeddable":true,"href":"https:\/\/mito.ca\/en\/wp-json\/wp\/v2\/type_de_produit?post=3060"},{"taxonomy":"mood","embeddable":true,"href":"https:\/\/mito.ca\/en\/wp-json\/wp\/v2\/mood?post=3060"},{"taxonomy":"proteine","embeddable":true,"href":"https:\/\/mito.ca\/en\/wp-json\/wp\/v2\/proteine?post=3060"},{"taxonomy":"ingredients_secondaire","embeddable":true,"href":"https:\/\/mito.ca\/en\/wp-json\/wp\/v2\/ingredients_secondaire?post=3060"}],"curies":[{"name":"wp","href":"https:\/\/api.w.org\/{rel}","templated":true}]}}