{"id":3166,"date":"2021-09-16T16:58:27","date_gmt":"2021-10-15T04:17:34","guid":{"rendered":"https:\/\/mito-develop.codebusters.app\/product\/shrimp-nigiri-1-pcs\/"},"modified":"2022-12-19T11:24:16","modified_gmt":"2022-12-19T15:24:16","slug":"shrimp-nigiri","status":"publish","type":"product","link":"https:\/\/mito.ca\/en\/product\/shrimp-nigiri\/","title":{"rendered":"Shrimp Nigiri"},"content":{"rendered":"","protected":false},"excerpt":{"rendered":"<p>Simplify your meals with these delicious ready-to-enjoy sushi.<\/p>\n","protected":false},"featured_media":2230,"comment_status":"closed","ping_status":"closed","template":"","format":[444],"meta":{"_acf_changed":false,"inline_featured_image":false},"product_brand":[],"product_cat":[367],"product_tag":[],"ingredients":[],"allergene_peut_contenir":[392,382,393,383,394,384,385,386,387,388,389,390,391],"allergene_contient":[],"mito_product_tags":[],"type_de_produit":[409],"mood":[413],"proteine":[421],"ingredients_secondaire":[430],"class_list":{"0":"post-3166","1":"product","2":"type-product","3":"status-publish","4":"has-post-thumbnail","6":"product_cat-products-ready-to-enjoy","7":"pa_quantity-2-morceaux-en","8":"pa_quantity-1-piece","9":"allergene_peut_contenir-sulphites","10":"allergene_peut_contenir-peanuts","11":"allergene_peut_contenir-soy","12":"allergene_peut_contenir-milk","13":"allergene_peut_contenir-gluten-en","14":"allergene_peut_contenir-nuts-en","15":"allergene_peut_contenir-wheat-or-triticale","16":"allergene_peut_contenir-sesame-en-2","17":"allergene_peut_contenir-crustacean","18":"allergene_peut_contenir-mollusk","19":"allergene_peut_contenir-nuts","20":"allergene_peut_contenir-egg","21":"allergene_peut_contenir-fish","22":"format-a-la-carte-en","23":"type_de_produit-nigiris-sashimis-en","24":"mood-classic","25":"proteine-shrimps","26":"ingredients_secondaire-rice","28":"first","29":"instock","30":"taxable","31":"shipping-taxable","32":"purchasable","33":"product-type-variable"},"acf":[],"yoast_head":"<!-- This site is optimized with the Yoast SEO plugin v27.1.1 - https:\/\/yoast.com\/product\/yoast-seo-wordpress\/ -->\n<title>Nigiri crevette | MITO Sushi<\/title>\n<meta name=\"description\" content=\"Shrimp nigiri - 1 pcs. Simplify your meals with our ready-to-eat sushi and poke bowls. Order online for pickup at participating IGAs.\" \/>\n<meta name=\"robots\" content=\"index, follow, max-snippet:-1, max-image-preview:large, max-video-preview:-1\" \/>\n<link rel=\"canonical\" href=\"https:\/\/mito.ca\/en\/product\/shrimp-nigiri\/\" \/>\n<meta property=\"og:locale\" content=\"en_US\" \/>\n<meta property=\"og:type\" content=\"article\" \/>\n<meta property=\"og:title\" content=\"Nigiri crevette | MITO Sushi\" \/>\n<meta property=\"og:description\" content=\"Shrimp nigiri - 1 pcs. Simplify your meals with our ready-to-eat sushi and poke bowls. Order online for pickup at participating IGAs.\" \/>\n<meta property=\"og:url\" content=\"https:\/\/mito.ca\/en\/product\/shrimp-nigiri\/\" \/>\n<meta property=\"og:site_name\" content=\"Mito : Sushis pr\u00eats \u00e0 savourer\" \/>\n<meta property=\"article:publisher\" content=\"https:\/\/www.facebook.com\/mito.entreprise\/\" \/>\n<meta property=\"article:modified_time\" content=\"2022-12-19T15:24:16+00:00\" \/>\n<meta property=\"og:image\" content=\"https:\/\/mito.ca\/wp-content\/uploads\/2021\/09\/NIGIRI-CREVETTE-FACE-1.png\" \/>\n\t<meta property=\"og:image:width\" content=\"800\" \/>\n\t<meta property=\"og:image:height\" content=\"800\" \/>\n\t<meta property=\"og:image:type\" content=\"image\/png\" \/>\n<meta name=\"twitter:card\" content=\"summary_large_image\" \/>\n<script type=\"application\/ld+json\" class=\"yoast-schema-graph\">{\"@context\":\"https:\/\/schema.org\",\"@graph\":[{\"@type\":\"WebPage\",\"@id\":\"https:\/\/mito.ca\/en\/product\/shrimp-nigiri\/\",\"url\":\"https:\/\/mito.ca\/en\/product\/shrimp-nigiri\/\",\"name\":\"Nigiri crevette | MITO Sushi\",\"isPartOf\":{\"@id\":\"https:\/\/mito.ca\/en\/#website\"},\"primaryImageOfPage\":{\"@id\":\"https:\/\/mito.ca\/en\/product\/shrimp-nigiri\/#primaryimage\"},\"image\":{\"@id\":\"https:\/\/mito.ca\/en\/product\/shrimp-nigiri\/#primaryimage\"},\"thumbnailUrl\":\"https:\/\/mito.ca\/wp-content\/uploads\/2021\/09\/NIGIRI-CREVETTE-FACE-1.png\",\"datePublished\":\"2021-10-15T04:17:34+00:00\",\"dateModified\":\"2022-12-19T15:24:16+00:00\",\"description\":\"Shrimp nigiri - 1 pcs. Simplify your meals with our ready-to-eat sushi and poke bowls. Order online for pickup at participating IGAs.\",\"breadcrumb\":{\"@id\":\"https:\/\/mito.ca\/en\/product\/shrimp-nigiri\/#breadcrumb\"},\"inLanguage\":\"en-CA\",\"potentialAction\":[{\"@type\":\"ReadAction\",\"target\":[\"https:\/\/mito.ca\/en\/product\/shrimp-nigiri\/\"]}]},{\"@type\":\"ImageObject\",\"inLanguage\":\"en-CA\",\"@id\":\"https:\/\/mito.ca\/en\/product\/shrimp-nigiri\/#primaryimage\",\"url\":\"https:\/\/mito.ca\/wp-content\/uploads\/2021\/09\/NIGIRI-CREVETTE-FACE-1.png\",\"contentUrl\":\"https:\/\/mito.ca\/wp-content\/uploads\/2021\/09\/NIGIRI-CREVETTE-FACE-1.png\",\"width\":800,\"height\":800,\"caption\":\"nigiri sushi crevette\"},{\"@type\":\"BreadcrumbList\",\"@id\":\"https:\/\/mito.ca\/en\/product\/shrimp-nigiri\/#breadcrumb\",\"itemListElement\":[{\"@type\":\"ListItem\",\"position\":1,\"name\":\"Home\",\"item\":\"https:\/\/mito.ca\/en\/\"},{\"@type\":\"ListItem\",\"position\":2,\"name\":\"Boutique\",\"item\":\"https:\/\/mito.ca\/boutique\/\"},{\"@type\":\"ListItem\",\"position\":3,\"name\":\"Shrimp Nigiri\"}]},{\"@type\":\"WebSite\",\"@id\":\"https:\/\/mito.ca\/en\/#website\",\"url\":\"https:\/\/mito.ca\/en\/\",\"name\":\"Mito : Sushis pr\u00eats \u00e0 savourer\",\"description\":\"Sushis pr\u00eats \u00e0 savourer\",\"publisher\":{\"@id\":\"https:\/\/mito.ca\/en\/#organization\"},\"potentialAction\":[{\"@type\":\"SearchAction\",\"target\":{\"@type\":\"EntryPoint\",\"urlTemplate\":\"https:\/\/mito.ca\/en\/?s={search_term_string}\"},\"query-input\":{\"@type\":\"PropertyValueSpecification\",\"valueRequired\":true,\"valueName\":\"search_term_string\"}}],\"inLanguage\":\"en-CA\"},{\"@type\":\"Organization\",\"@id\":\"https:\/\/mito.ca\/en\/#organization\",\"name\":\"MITO Sushi\",\"url\":\"https:\/\/mito.ca\/en\/\",\"logo\":{\"@type\":\"ImageObject\",\"inLanguage\":\"en-CA\",\"@id\":\"https:\/\/mito.ca\/en\/#\/schema\/logo\/image\/\",\"url\":\"https:\/\/mito.ca\/wp-content\/uploads\/2021\/10\/Mito_Vertical_Black_ENG.png\",\"contentUrl\":\"https:\/\/mito.ca\/wp-content\/uploads\/2021\/10\/Mito_Vertical_Black_ENG.png\",\"width\":488,\"height\":306,\"caption\":\"MITO Sushi\"},\"image\":{\"@id\":\"https:\/\/mito.ca\/en\/#\/schema\/logo\/image\/\"},\"sameAs\":[\"https:\/\/www.facebook.com\/mito.entreprise\/\",\"https:\/\/www.instagram.com\/mito.sushi\/\",\"https:\/\/www.linkedin.com\/company\/mito-sushi\/\",\"https:\/\/www.pinterest.ca\/avecmito\/_created\/\",\"https:\/\/www.youtube.com\/channel\/UCTh6Wu1g6cSObHjpmrsqUJw\"]}]}<\/script>\n<!-- \/ Yoast SEO plugin. -->","yoast_head_json":{"title":"Nigiri crevette | MITO Sushi","description":"Shrimp nigiri - 1 pcs. Simplify your meals with our ready-to-eat sushi and poke bowls. Order online for pickup at participating IGAs.","robots":{"index":"index","follow":"follow","max-snippet":"max-snippet:-1","max-image-preview":"max-image-preview:large","max-video-preview":"max-video-preview:-1"},"canonical":"https:\/\/mito.ca\/en\/product\/shrimp-nigiri\/","og_locale":"en_US","og_type":"article","og_title":"Nigiri crevette | MITO Sushi","og_description":"Shrimp nigiri - 1 pcs. Simplify your meals with our ready-to-eat sushi and poke bowls. Order online for pickup at participating IGAs.","og_url":"https:\/\/mito.ca\/en\/product\/shrimp-nigiri\/","og_site_name":"Mito : Sushis pr\u00eats \u00e0 savourer","article_publisher":"https:\/\/www.facebook.com\/mito.entreprise\/","article_modified_time":"2022-12-19T15:24:16+00:00","og_image":[{"width":800,"height":800,"url":"https:\/\/mito.ca\/wp-content\/uploads\/2021\/09\/NIGIRI-CREVETTE-FACE-1.png","type":"image\/png"}],"twitter_card":"summary_large_image","schema":{"@context":"https:\/\/schema.org","@graph":[{"@type":"WebPage","@id":"https:\/\/mito.ca\/en\/product\/shrimp-nigiri\/","url":"https:\/\/mito.ca\/en\/product\/shrimp-nigiri\/","name":"Nigiri crevette | MITO Sushi","isPartOf":{"@id":"https:\/\/mito.ca\/en\/#website"},"primaryImageOfPage":{"@id":"https:\/\/mito.ca\/en\/product\/shrimp-nigiri\/#primaryimage"},"image":{"@id":"https:\/\/mito.ca\/en\/product\/shrimp-nigiri\/#primaryimage"},"thumbnailUrl":"https:\/\/mito.ca\/wp-content\/uploads\/2021\/09\/NIGIRI-CREVETTE-FACE-1.png","datePublished":"2021-10-15T04:17:34+00:00","dateModified":"2022-12-19T15:24:16+00:00","description":"Shrimp nigiri - 1 pcs. Simplify your meals with our ready-to-eat sushi and poke bowls. Order online for pickup at participating IGAs.","breadcrumb":{"@id":"https:\/\/mito.ca\/en\/product\/shrimp-nigiri\/#breadcrumb"},"inLanguage":"en-CA","potentialAction":[{"@type":"ReadAction","target":["https:\/\/mito.ca\/en\/product\/shrimp-nigiri\/"]}]},{"@type":"ImageObject","inLanguage":"en-CA","@id":"https:\/\/mito.ca\/en\/product\/shrimp-nigiri\/#primaryimage","url":"https:\/\/mito.ca\/wp-content\/uploads\/2021\/09\/NIGIRI-CREVETTE-FACE-1.png","contentUrl":"https:\/\/mito.ca\/wp-content\/uploads\/2021\/09\/NIGIRI-CREVETTE-FACE-1.png","width":800,"height":800,"caption":"nigiri sushi crevette"},{"@type":"BreadcrumbList","@id":"https:\/\/mito.ca\/en\/product\/shrimp-nigiri\/#breadcrumb","itemListElement":[{"@type":"ListItem","position":1,"name":"Home","item":"https:\/\/mito.ca\/en\/"},{"@type":"ListItem","position":2,"name":"Boutique","item":"https:\/\/mito.ca\/boutique\/"},{"@type":"ListItem","position":3,"name":"Shrimp Nigiri"}]},{"@type":"WebSite","@id":"https:\/\/mito.ca\/en\/#website","url":"https:\/\/mito.ca\/en\/","name":"Mito : Sushis pr\u00eats \u00e0 savourer","description":"Sushis pr\u00eats \u00e0 savourer","publisher":{"@id":"https:\/\/mito.ca\/en\/#organization"},"potentialAction":[{"@type":"SearchAction","target":{"@type":"EntryPoint","urlTemplate":"https:\/\/mito.ca\/en\/?s={search_term_string}"},"query-input":{"@type":"PropertyValueSpecification","valueRequired":true,"valueName":"search_term_string"}}],"inLanguage":"en-CA"},{"@type":"Organization","@id":"https:\/\/mito.ca\/en\/#organization","name":"MITO Sushi","url":"https:\/\/mito.ca\/en\/","logo":{"@type":"ImageObject","inLanguage":"en-CA","@id":"https:\/\/mito.ca\/en\/#\/schema\/logo\/image\/","url":"https:\/\/mito.ca\/wp-content\/uploads\/2021\/10\/Mito_Vertical_Black_ENG.png","contentUrl":"https:\/\/mito.ca\/wp-content\/uploads\/2021\/10\/Mito_Vertical_Black_ENG.png","width":488,"height":306,"caption":"MITO Sushi"},"image":{"@id":"https:\/\/mito.ca\/en\/#\/schema\/logo\/image\/"},"sameAs":["https:\/\/www.facebook.com\/mito.entreprise\/","https:\/\/www.instagram.com\/mito.sushi\/","https:\/\/www.linkedin.com\/company\/mito-sushi\/","https:\/\/www.pinterest.ca\/avecmito\/_created\/","https:\/\/www.youtube.com\/channel\/UCTh6Wu1g6cSObHjpmrsqUJw"]}]}},"_links":{"self":[{"href":"https:\/\/mito.ca\/en\/wp-json\/wp\/v2\/product\/3166","targetHints":{"allow":["GET"]}}],"collection":[{"href":"https:\/\/mito.ca\/en\/wp-json\/wp\/v2\/product"}],"about":[{"href":"https:\/\/mito.ca\/en\/wp-json\/wp\/v2\/types\/product"}],"replies":[{"embeddable":true,"href":"https:\/\/mito.ca\/en\/wp-json\/wp\/v2\/comments?post=3166"}],"wp:featuredmedia":[{"embeddable":true,"href":"https:\/\/mito.ca\/en\/wp-json\/wp\/v2\/media\/2230"}],"wp:attachment":[{"href":"https:\/\/mito.ca\/en\/wp-json\/wp\/v2\/media?parent=3166"}],"wp:term":[{"taxonomy":"product_brand","embeddable":true,"href":"https:\/\/mito.ca\/en\/wp-json\/wp\/v2\/product_brand?post=3166"},{"taxonomy":"product_cat","embeddable":true,"href":"https:\/\/mito.ca\/en\/wp-json\/wp\/v2\/product_cat?post=3166"},{"taxonomy":"product_tag","embeddable":true,"href":"https:\/\/mito.ca\/en\/wp-json\/wp\/v2\/product_tag?post=3166"},{"taxonomy":"ingredients","embeddable":true,"href":"https:\/\/mito.ca\/en\/wp-json\/wp\/v2\/ingredients?post=3166"},{"taxonomy":"allergene_peut_contenir","embeddable":true,"href":"https:\/\/mito.ca\/en\/wp-json\/wp\/v2\/allergene_peut_contenir?post=3166"},{"taxonomy":"allergene_contient","embeddable":true,"href":"https:\/\/mito.ca\/en\/wp-json\/wp\/v2\/allergene_contient?post=3166"},{"taxonomy":"mito_product_tags","embeddable":true,"href":"https:\/\/mito.ca\/en\/wp-json\/wp\/v2\/mito_product_tags?post=3166"},{"taxonomy":"format","embeddable":true,"href":"https:\/\/mito.ca\/en\/wp-json\/wp\/v2\/format?post=3166"},{"taxonomy":"type_de_produit","embeddable":true,"href":"https:\/\/mito.ca\/en\/wp-json\/wp\/v2\/type_de_produit?post=3166"},{"taxonomy":"mood","embeddable":true,"href":"https:\/\/mito.ca\/en\/wp-json\/wp\/v2\/mood?post=3166"},{"taxonomy":"proteine","embeddable":true,"href":"https:\/\/mito.ca\/en\/wp-json\/wp\/v2\/proteine?post=3166"},{"taxonomy":"ingredients_secondaire","embeddable":true,"href":"https:\/\/mito.ca\/en\/wp-json\/wp\/v2\/ingredients_secondaire?post=3166"}],"curies":[{"name":"wp","href":"https:\/\/api.w.org\/{rel}","templated":true}]}}