{"id":3188,"date":"2021-09-16T16:58:32","date_gmt":"2021-10-15T04:52:42","guid":{"rendered":"https:\/\/mito-develop.codebusters.app\/product\/seaweed-salad-100g\/"},"modified":"2022-04-28T13:26:36","modified_gmt":"2022-04-28T18:26:36","slug":"seaweed-salad","status":"publish","type":"product","link":"https:\/\/mito.ca\/en\/product\/seaweed-salad\/","title":{"rendered":"Seaweed salad &#8211; 100g"},"content":{"rendered":"","protected":false},"excerpt":{"rendered":"<p>Simplify your meals with this delicious fresh starter, a perfect salad to accompany your favorite sushi.<\/p>\n","protected":false},"featured_media":2665,"comment_status":"closed","ping_status":"closed","template":"","format":[444],"meta":{"_acf_changed":false,"inline_featured_image":false},"product_brand":[],"product_cat":[367],"product_tag":[],"ingredients":[],"allergene_peut_contenir":[384,385,386,387,388,389,390,391,392,382,393,383,394],"allergene_contient":[397],"mito_product_tags":[403],"type_de_produit":[448],"mood":[417],"proteine":[],"ingredients_secondaire":[427,433,463,509],"class_list":{"0":"post-3188","1":"product","2":"type-product","3":"status-publish","4":"has-post-thumbnail","6":"product_cat-products-ready-to-enjoy","7":"allergene_peut_contenir-nuts-en","8":"allergene_peut_contenir-wheat-or-triticale","9":"allergene_peut_contenir-sesame-en-2","10":"allergene_peut_contenir-crustacean","11":"allergene_peut_contenir-mollusk","12":"allergene_peut_contenir-nuts","13":"allergene_peut_contenir-egg","14":"allergene_peut_contenir-fish","15":"allergene_peut_contenir-sulphites","16":"allergene_peut_contenir-peanuts","17":"allergene_peut_contenir-soy","18":"allergene_peut_contenir-milk","19":"allergene_peut_contenir-gluten-en","20":"allergene_contient-sesame-en","21":"mito_product_tags-vegetarian","22":"format-a-la-carte-en","23":"type_de_produit-appetizers","24":"mood-vegetarian","25":"ingredients_secondaire-sesame-seeds","26":"ingredients_secondaire-sesame-oil","27":"ingredients_secondaire-seaweed-sheet","28":"ingredients_secondaire-black-fungus","30":"first","31":"outofstock","32":"taxable","33":"shipping-taxable","34":"purchasable","35":"product-type-simple"},"acf":[],"yoast_head":"<!-- This site is optimized with the Yoast SEO plugin v27.1.1 - https:\/\/yoast.com\/product\/yoast-seo-wordpress\/ -->\n<title>Seaweed salad - 100g - Mito : Sushis pr\u00eats \u00e0 savourer<\/title>\n<meta name=\"description\" content=\"Seaweed salad. Let yourself be surprised the freshness and rake in the many benefits, all while accompanying it with your favorite sushis.\" \/>\n<meta name=\"robots\" content=\"index, follow, max-snippet:-1, max-image-preview:large, max-video-preview:-1\" \/>\n<link rel=\"canonical\" href=\"https:\/\/mito.ca\/en\/product\/seaweed-salad\/\" \/>\n<meta property=\"og:locale\" content=\"en_US\" \/>\n<meta property=\"og:type\" content=\"article\" \/>\n<meta property=\"og:title\" content=\"Seaweed salad - 100g - Mito : Sushis pr\u00eats \u00e0 savourer\" \/>\n<meta property=\"og:description\" content=\"Seaweed salad. Let yourself be surprised the freshness and rake in the many benefits, all while accompanying it with your favorite sushis.\" \/>\n<meta property=\"og:url\" content=\"https:\/\/mito.ca\/en\/product\/seaweed-salad\/\" \/>\n<meta property=\"og:site_name\" content=\"Mito : Sushis pr\u00eats \u00e0 savourer\" \/>\n<meta property=\"article:publisher\" content=\"https:\/\/www.facebook.com\/mito.entreprise\/\" \/>\n<meta property=\"article:modified_time\" content=\"2022-04-28T18:26:36+00:00\" \/>\n<meta property=\"og:image\" content=\"https:\/\/mito.ca\/wp-content\/uploads\/2021\/09\/Salade-d_algues_de\u0301toure\u0301e.png\" \/>\n\t<meta property=\"og:image:width\" content=\"1726\" \/>\n\t<meta property=\"og:image:height\" content=\"1743\" \/>\n\t<meta property=\"og:image:type\" content=\"image\/png\" \/>\n<meta name=\"twitter:card\" content=\"summary_large_image\" \/>\n<script type=\"application\/ld+json\" class=\"yoast-schema-graph\">{\"@context\":\"https:\/\/schema.org\",\"@graph\":[{\"@type\":\"WebPage\",\"@id\":\"https:\/\/mito.ca\/en\/product\/seaweed-salad\/\",\"url\":\"https:\/\/mito.ca\/en\/product\/seaweed-salad\/\",\"name\":\"Seaweed salad - 100g - Mito : Sushis pr\u00eats \u00e0 savourer\",\"isPartOf\":{\"@id\":\"https:\/\/mito.ca\/en\/#website\"},\"primaryImageOfPage\":{\"@id\":\"https:\/\/mito.ca\/en\/product\/seaweed-salad\/#primaryimage\"},\"image\":{\"@id\":\"https:\/\/mito.ca\/en\/product\/seaweed-salad\/#primaryimage\"},\"thumbnailUrl\":\"https:\/\/mito.ca\/wp-content\/uploads\/2021\/09\/Salade-d_algues_de\u0301toure\u0301e.png\",\"datePublished\":\"2021-10-15T04:52:42+00:00\",\"dateModified\":\"2022-04-28T18:26:36+00:00\",\"description\":\"Seaweed salad. Let yourself be surprised the freshness and rake in the many benefits, all while accompanying it with your favorite sushis.\",\"breadcrumb\":{\"@id\":\"https:\/\/mito.ca\/en\/product\/seaweed-salad\/#breadcrumb\"},\"inLanguage\":\"en-CA\",\"potentialAction\":[{\"@type\":\"ReadAction\",\"target\":[\"https:\/\/mito.ca\/en\/product\/seaweed-salad\/\"]}]},{\"@type\":\"ImageObject\",\"inLanguage\":\"en-CA\",\"@id\":\"https:\/\/mito.ca\/en\/product\/seaweed-salad\/#primaryimage\",\"url\":\"https:\/\/mito.ca\/wp-content\/uploads\/2021\/09\/Salade-d_algues_de\u0301toure\u0301e.png\",\"contentUrl\":\"https:\/\/mito.ca\/wp-content\/uploads\/2021\/09\/Salade-d_algues_de\u0301toure\u0301e.png\",\"width\":1726,\"height\":1743,\"caption\":\"salade d'algues seaweed salad\"},{\"@type\":\"BreadcrumbList\",\"@id\":\"https:\/\/mito.ca\/en\/product\/seaweed-salad\/#breadcrumb\",\"itemListElement\":[{\"@type\":\"ListItem\",\"position\":1,\"name\":\"Home\",\"item\":\"https:\/\/mito.ca\/en\/\"},{\"@type\":\"ListItem\",\"position\":2,\"name\":\"Boutique\",\"item\":\"https:\/\/mito.ca\/boutique\/\"},{\"@type\":\"ListItem\",\"position\":3,\"name\":\"Seaweed salad &#8211; 100g\"}]},{\"@type\":\"WebSite\",\"@id\":\"https:\/\/mito.ca\/en\/#website\",\"url\":\"https:\/\/mito.ca\/en\/\",\"name\":\"Mito : Sushis pr\u00eats \u00e0 savourer\",\"description\":\"Sushis pr\u00eats \u00e0 savourer\",\"publisher\":{\"@id\":\"https:\/\/mito.ca\/en\/#organization\"},\"potentialAction\":[{\"@type\":\"SearchAction\",\"target\":{\"@type\":\"EntryPoint\",\"urlTemplate\":\"https:\/\/mito.ca\/en\/?s={search_term_string}\"},\"query-input\":{\"@type\":\"PropertyValueSpecification\",\"valueRequired\":true,\"valueName\":\"search_term_string\"}}],\"inLanguage\":\"en-CA\"},{\"@type\":\"Organization\",\"@id\":\"https:\/\/mito.ca\/en\/#organization\",\"name\":\"MITO Sushi\",\"url\":\"https:\/\/mito.ca\/en\/\",\"logo\":{\"@type\":\"ImageObject\",\"inLanguage\":\"en-CA\",\"@id\":\"https:\/\/mito.ca\/en\/#\/schema\/logo\/image\/\",\"url\":\"https:\/\/mito.ca\/wp-content\/uploads\/2021\/10\/Mito_Vertical_Black_ENG.png\",\"contentUrl\":\"https:\/\/mito.ca\/wp-content\/uploads\/2021\/10\/Mito_Vertical_Black_ENG.png\",\"width\":488,\"height\":306,\"caption\":\"MITO Sushi\"},\"image\":{\"@id\":\"https:\/\/mito.ca\/en\/#\/schema\/logo\/image\/\"},\"sameAs\":[\"https:\/\/www.facebook.com\/mito.entreprise\/\",\"https:\/\/www.instagram.com\/mito.sushi\/\",\"https:\/\/www.linkedin.com\/company\/mito-sushi\/\",\"https:\/\/www.pinterest.ca\/avecmito\/_created\/\",\"https:\/\/www.youtube.com\/channel\/UCTh6Wu1g6cSObHjpmrsqUJw\"]}]}<\/script>\n<!-- \/ Yoast SEO plugin. -->","yoast_head_json":{"title":"Seaweed salad - 100g - Mito : Sushis pr\u00eats \u00e0 savourer","description":"Seaweed salad. Let yourself be surprised the freshness and rake in the many benefits, all while accompanying it with your favorite sushis.","robots":{"index":"index","follow":"follow","max-snippet":"max-snippet:-1","max-image-preview":"max-image-preview:large","max-video-preview":"max-video-preview:-1"},"canonical":"https:\/\/mito.ca\/en\/product\/seaweed-salad\/","og_locale":"en_US","og_type":"article","og_title":"Seaweed salad - 100g - Mito : Sushis pr\u00eats \u00e0 savourer","og_description":"Seaweed salad. Let yourself be surprised the freshness and rake in the many benefits, all while accompanying it with your favorite sushis.","og_url":"https:\/\/mito.ca\/en\/product\/seaweed-salad\/","og_site_name":"Mito : Sushis pr\u00eats \u00e0 savourer","article_publisher":"https:\/\/www.facebook.com\/mito.entreprise\/","article_modified_time":"2022-04-28T18:26:36+00:00","og_image":[{"width":1726,"height":1743,"url":"https:\/\/mito.ca\/wp-content\/uploads\/2021\/09\/Salade-d_algues_de\u0301toure\u0301e.png","type":"image\/png"}],"twitter_card":"summary_large_image","schema":{"@context":"https:\/\/schema.org","@graph":[{"@type":"WebPage","@id":"https:\/\/mito.ca\/en\/product\/seaweed-salad\/","url":"https:\/\/mito.ca\/en\/product\/seaweed-salad\/","name":"Seaweed salad - 100g - Mito : Sushis pr\u00eats \u00e0 savourer","isPartOf":{"@id":"https:\/\/mito.ca\/en\/#website"},"primaryImageOfPage":{"@id":"https:\/\/mito.ca\/en\/product\/seaweed-salad\/#primaryimage"},"image":{"@id":"https:\/\/mito.ca\/en\/product\/seaweed-salad\/#primaryimage"},"thumbnailUrl":"https:\/\/mito.ca\/wp-content\/uploads\/2021\/09\/Salade-d_algues_de\u0301toure\u0301e.png","datePublished":"2021-10-15T04:52:42+00:00","dateModified":"2022-04-28T18:26:36+00:00","description":"Seaweed salad. Let yourself be surprised the freshness and rake in the many benefits, all while accompanying it with your favorite sushis.","breadcrumb":{"@id":"https:\/\/mito.ca\/en\/product\/seaweed-salad\/#breadcrumb"},"inLanguage":"en-CA","potentialAction":[{"@type":"ReadAction","target":["https:\/\/mito.ca\/en\/product\/seaweed-salad\/"]}]},{"@type":"ImageObject","inLanguage":"en-CA","@id":"https:\/\/mito.ca\/en\/product\/seaweed-salad\/#primaryimage","url":"https:\/\/mito.ca\/wp-content\/uploads\/2021\/09\/Salade-d_algues_de\u0301toure\u0301e.png","contentUrl":"https:\/\/mito.ca\/wp-content\/uploads\/2021\/09\/Salade-d_algues_de\u0301toure\u0301e.png","width":1726,"height":1743,"caption":"salade d'algues seaweed salad"},{"@type":"BreadcrumbList","@id":"https:\/\/mito.ca\/en\/product\/seaweed-salad\/#breadcrumb","itemListElement":[{"@type":"ListItem","position":1,"name":"Home","item":"https:\/\/mito.ca\/en\/"},{"@type":"ListItem","position":2,"name":"Boutique","item":"https:\/\/mito.ca\/boutique\/"},{"@type":"ListItem","position":3,"name":"Seaweed salad &#8211; 100g"}]},{"@type":"WebSite","@id":"https:\/\/mito.ca\/en\/#website","url":"https:\/\/mito.ca\/en\/","name":"Mito : Sushis pr\u00eats \u00e0 savourer","description":"Sushis pr\u00eats \u00e0 savourer","publisher":{"@id":"https:\/\/mito.ca\/en\/#organization"},"potentialAction":[{"@type":"SearchAction","target":{"@type":"EntryPoint","urlTemplate":"https:\/\/mito.ca\/en\/?s={search_term_string}"},"query-input":{"@type":"PropertyValueSpecification","valueRequired":true,"valueName":"search_term_string"}}],"inLanguage":"en-CA"},{"@type":"Organization","@id":"https:\/\/mito.ca\/en\/#organization","name":"MITO Sushi","url":"https:\/\/mito.ca\/en\/","logo":{"@type":"ImageObject","inLanguage":"en-CA","@id":"https:\/\/mito.ca\/en\/#\/schema\/logo\/image\/","url":"https:\/\/mito.ca\/wp-content\/uploads\/2021\/10\/Mito_Vertical_Black_ENG.png","contentUrl":"https:\/\/mito.ca\/wp-content\/uploads\/2021\/10\/Mito_Vertical_Black_ENG.png","width":488,"height":306,"caption":"MITO Sushi"},"image":{"@id":"https:\/\/mito.ca\/en\/#\/schema\/logo\/image\/"},"sameAs":["https:\/\/www.facebook.com\/mito.entreprise\/","https:\/\/www.instagram.com\/mito.sushi\/","https:\/\/www.linkedin.com\/company\/mito-sushi\/","https:\/\/www.pinterest.ca\/avecmito\/_created\/","https:\/\/www.youtube.com\/channel\/UCTh6Wu1g6cSObHjpmrsqUJw"]}]}},"_links":{"self":[{"href":"https:\/\/mito.ca\/en\/wp-json\/wp\/v2\/product\/3188","targetHints":{"allow":["GET"]}}],"collection":[{"href":"https:\/\/mito.ca\/en\/wp-json\/wp\/v2\/product"}],"about":[{"href":"https:\/\/mito.ca\/en\/wp-json\/wp\/v2\/types\/product"}],"replies":[{"embeddable":true,"href":"https:\/\/mito.ca\/en\/wp-json\/wp\/v2\/comments?post=3188"}],"wp:featuredmedia":[{"embeddable":true,"href":"https:\/\/mito.ca\/en\/wp-json\/wp\/v2\/media\/2665"}],"wp:attachment":[{"href":"https:\/\/mito.ca\/en\/wp-json\/wp\/v2\/media?parent=3188"}],"wp:term":[{"taxonomy":"product_brand","embeddable":true,"href":"https:\/\/mito.ca\/en\/wp-json\/wp\/v2\/product_brand?post=3188"},{"taxonomy":"product_cat","embeddable":true,"href":"https:\/\/mito.ca\/en\/wp-json\/wp\/v2\/product_cat?post=3188"},{"taxonomy":"product_tag","embeddable":true,"href":"https:\/\/mito.ca\/en\/wp-json\/wp\/v2\/product_tag?post=3188"},{"taxonomy":"ingredients","embeddable":true,"href":"https:\/\/mito.ca\/en\/wp-json\/wp\/v2\/ingredients?post=3188"},{"taxonomy":"allergene_peut_contenir","embeddable":true,"href":"https:\/\/mito.ca\/en\/wp-json\/wp\/v2\/allergene_peut_contenir?post=3188"},{"taxonomy":"allergene_contient","embeddable":true,"href":"https:\/\/mito.ca\/en\/wp-json\/wp\/v2\/allergene_contient?post=3188"},{"taxonomy":"mito_product_tags","embeddable":true,"href":"https:\/\/mito.ca\/en\/wp-json\/wp\/v2\/mito_product_tags?post=3188"},{"taxonomy":"format","embeddable":true,"href":"https:\/\/mito.ca\/en\/wp-json\/wp\/v2\/format?post=3188"},{"taxonomy":"type_de_produit","embeddable":true,"href":"https:\/\/mito.ca\/en\/wp-json\/wp\/v2\/type_de_produit?post=3188"},{"taxonomy":"mood","embeddable":true,"href":"https:\/\/mito.ca\/en\/wp-json\/wp\/v2\/mood?post=3188"},{"taxonomy":"proteine","embeddable":true,"href":"https:\/\/mito.ca\/en\/wp-json\/wp\/v2\/proteine?post=3188"},{"taxonomy":"ingredients_secondaire","embeddable":true,"href":"https:\/\/mito.ca\/en\/wp-json\/wp\/v2\/ingredients_secondaire?post=3188"}],"curies":[{"name":"wp","href":"https:\/\/api.w.org\/{rel}","templated":true}]}}