{"id":3195,"date":"2021-09-16T16:58:32","date_gmt":"2021-10-15T05:16:13","guid":{"rendered":"https:\/\/mito-develop.codebusters.app\/product\/sushi-sandwich-4-pcs\/"},"modified":"2022-04-28T13:18:38","modified_gmt":"2022-04-28T18:18:38","slug":"sushi-sandwich-4-pcs","status":"publish","type":"product","link":"https:\/\/mito.ca\/en\/product\/sushi-sandwich-4-pcs\/","title":{"rendered":"Sushi sandwich\u00ae &#8211; 4 pcs"},"content":{"rendered":"","protected":false},"excerpt":{"rendered":"<p>Simplify your meals with our delicious sushi sandwich &#8211; perfect for a meal on the go !<\/p>\n","protected":false},"featured_media":3207,"comment_status":"closed","ping_status":"closed","template":"","format":[444],"meta":{"_acf_changed":false,"inline_featured_image":false},"product_brand":[],"product_cat":[367],"product_tag":[],"ingredients":[370,381],"allergene_peut_contenir":[389,390,391,392,382,393,383,394,384,385,386,387,388],"allergene_contient":[],"mito_product_tags":[],"type_de_produit":[457],"mood":[415],"proteine":[421,422,424],"ingredients_secondaire":[430,431,432,434,437,468,429],"class_list":{"0":"post-3195","1":"product","2":"type-product","3":"status-publish","4":"has-post-thumbnail","6":"product_cat-products-ready-to-enjoy","7":"pa_quantity-4-pieces","8":"ingredients-avocado","9":"ingredients-tempura-en","10":"allergene_peut_contenir-nuts","11":"allergene_peut_contenir-egg","12":"allergene_peut_contenir-fish","13":"allergene_peut_contenir-sulphites","14":"allergene_peut_contenir-peanuts","15":"allergene_peut_contenir-soy","16":"allergene_peut_contenir-milk","17":"allergene_peut_contenir-gluten-en","18":"allergene_peut_contenir-nuts-en","19":"allergene_peut_contenir-wheat-or-triticale","20":"allergene_peut_contenir-sesame-en-2","21":"allergene_peut_contenir-crustacean","22":"allergene_peut_contenir-mollusk","23":"format-a-la-carte-en","24":"type_de_produit-sushi-sandwich-en","25":"mood-comforting-fried","26":"proteine-shrimps","27":"proteine-imitation-crabmeat","28":"proteine-masago-en","29":"ingredients_secondaire-rice","30":"ingredients_secondaire-kami-sauce","31":"ingredients_secondaire-panko-breadcrumbs","32":"ingredients_secondaire-toasted-seaweed-en","33":"ingredients_secondaire-panko-breadcrumbs-en","34":"ingredients_secondaire-lettuce","35":"ingredients_secondaire-spicy-mayo","37":"first","38":"instock","39":"taxable","40":"shipping-taxable","41":"purchasable","42":"product-type-simple"},"acf":[],"yoast_head":"<!-- This site is optimized with the Yoast SEO plugin v27.1.1 - https:\/\/yoast.com\/product\/yoast-seo-wordpress\/ -->\n<title>Sushi sandwich\u00ae - 4 pcs - Mito : Sushis pr\u00eats \u00e0 savourer<\/title>\n<meta name=\"description\" content=\"Sushi Sandwich - 4 pcs. Simplify your meals with our delicious sushis and poke bowls. Order today for pickup at participating IGAs.\" \/>\n<meta name=\"robots\" content=\"index, follow, max-snippet:-1, max-image-preview:large, max-video-preview:-1\" \/>\n<link rel=\"canonical\" href=\"https:\/\/mito.ca\/en\/product\/sushi-sandwich-4-pcs\/\" \/>\n<meta property=\"og:locale\" content=\"en_US\" \/>\n<meta property=\"og:type\" content=\"article\" \/>\n<meta property=\"og:title\" content=\"Sushi sandwich\u00ae - 4 pcs - Mito : Sushis pr\u00eats \u00e0 savourer\" \/>\n<meta property=\"og:description\" content=\"Sushi Sandwich - 4 pcs. Simplify your meals with our delicious sushis and poke bowls. Order today for pickup at participating IGAs.\" \/>\n<meta property=\"og:url\" content=\"https:\/\/mito.ca\/en\/product\/sushi-sandwich-4-pcs\/\" \/>\n<meta property=\"og:site_name\" content=\"Mito : Sushis pr\u00eats \u00e0 savourer\" \/>\n<meta property=\"article:publisher\" content=\"https:\/\/www.facebook.com\/mito.entreprise\/\" \/>\n<meta property=\"article:modified_time\" content=\"2022-04-28T18:18:38+00:00\" \/>\n<meta property=\"og:image\" content=\"https:\/\/mito.ca\/wp-content\/uploads\/2021\/10\/Sushi-sandwich.png\" \/>\n\t<meta property=\"og:image:width\" content=\"4390\" \/>\n\t<meta property=\"og:image:height\" content=\"4390\" \/>\n\t<meta property=\"og:image:type\" content=\"image\/png\" \/>\n<meta name=\"twitter:card\" content=\"summary_large_image\" \/>\n<script type=\"application\/ld+json\" class=\"yoast-schema-graph\">{\"@context\":\"https:\/\/schema.org\",\"@graph\":[{\"@type\":\"WebPage\",\"@id\":\"https:\/\/mito.ca\/en\/product\/sushi-sandwich-4-pcs\/\",\"url\":\"https:\/\/mito.ca\/en\/product\/sushi-sandwich-4-pcs\/\",\"name\":\"Sushi sandwich\u00ae - 4 pcs - Mito : Sushis pr\u00eats \u00e0 savourer\",\"isPartOf\":{\"@id\":\"https:\/\/mito.ca\/en\/#website\"},\"primaryImageOfPage\":{\"@id\":\"https:\/\/mito.ca\/en\/product\/sushi-sandwich-4-pcs\/#primaryimage\"},\"image\":{\"@id\":\"https:\/\/mito.ca\/en\/product\/sushi-sandwich-4-pcs\/#primaryimage\"},\"thumbnailUrl\":\"https:\/\/mito.ca\/wp-content\/uploads\/2021\/10\/Sushi-sandwich.png\",\"datePublished\":\"2021-10-15T05:16:13+00:00\",\"dateModified\":\"2022-04-28T18:18:38+00:00\",\"description\":\"Sushi Sandwich - 4 pcs. Simplify your meals with our delicious sushis and poke bowls. Order today for pickup at participating IGAs.\",\"breadcrumb\":{\"@id\":\"https:\/\/mito.ca\/en\/product\/sushi-sandwich-4-pcs\/#breadcrumb\"},\"inLanguage\":\"en-CA\",\"potentialAction\":[{\"@type\":\"ReadAction\",\"target\":[\"https:\/\/mito.ca\/en\/product\/sushi-sandwich-4-pcs\/\"]}]},{\"@type\":\"ImageObject\",\"inLanguage\":\"en-CA\",\"@id\":\"https:\/\/mito.ca\/en\/product\/sushi-sandwich-4-pcs\/#primaryimage\",\"url\":\"https:\/\/mito.ca\/wp-content\/uploads\/2021\/10\/Sushi-sandwich.png\",\"contentUrl\":\"https:\/\/mito.ca\/wp-content\/uploads\/2021\/10\/Sushi-sandwich.png\",\"width\":4390,\"height\":4390},{\"@type\":\"BreadcrumbList\",\"@id\":\"https:\/\/mito.ca\/en\/product\/sushi-sandwich-4-pcs\/#breadcrumb\",\"itemListElement\":[{\"@type\":\"ListItem\",\"position\":1,\"name\":\"Home\",\"item\":\"https:\/\/mito.ca\/en\/\"},{\"@type\":\"ListItem\",\"position\":2,\"name\":\"Boutique\",\"item\":\"https:\/\/mito.ca\/boutique\/\"},{\"@type\":\"ListItem\",\"position\":3,\"name\":\"Sushi sandwich\u00ae &#8211; 4 pcs\"}]},{\"@type\":\"WebSite\",\"@id\":\"https:\/\/mito.ca\/en\/#website\",\"url\":\"https:\/\/mito.ca\/en\/\",\"name\":\"Mito : Sushis pr\u00eats \u00e0 savourer\",\"description\":\"Sushis pr\u00eats \u00e0 savourer\",\"publisher\":{\"@id\":\"https:\/\/mito.ca\/en\/#organization\"},\"potentialAction\":[{\"@type\":\"SearchAction\",\"target\":{\"@type\":\"EntryPoint\",\"urlTemplate\":\"https:\/\/mito.ca\/en\/?s={search_term_string}\"},\"query-input\":{\"@type\":\"PropertyValueSpecification\",\"valueRequired\":true,\"valueName\":\"search_term_string\"}}],\"inLanguage\":\"en-CA\"},{\"@type\":\"Organization\",\"@id\":\"https:\/\/mito.ca\/en\/#organization\",\"name\":\"MITO Sushi\",\"url\":\"https:\/\/mito.ca\/en\/\",\"logo\":{\"@type\":\"ImageObject\",\"inLanguage\":\"en-CA\",\"@id\":\"https:\/\/mito.ca\/en\/#\/schema\/logo\/image\/\",\"url\":\"https:\/\/mito.ca\/wp-content\/uploads\/2021\/10\/Mito_Vertical_Black_ENG.png\",\"contentUrl\":\"https:\/\/mito.ca\/wp-content\/uploads\/2021\/10\/Mito_Vertical_Black_ENG.png\",\"width\":488,\"height\":306,\"caption\":\"MITO Sushi\"},\"image\":{\"@id\":\"https:\/\/mito.ca\/en\/#\/schema\/logo\/image\/\"},\"sameAs\":[\"https:\/\/www.facebook.com\/mito.entreprise\/\",\"https:\/\/www.instagram.com\/mito.sushi\/\",\"https:\/\/www.linkedin.com\/company\/mito-sushi\/\",\"https:\/\/www.pinterest.ca\/avecmito\/_created\/\",\"https:\/\/www.youtube.com\/channel\/UCTh6Wu1g6cSObHjpmrsqUJw\"]}]}<\/script>\n<!-- \/ Yoast SEO plugin. -->","yoast_head_json":{"title":"Sushi sandwich\u00ae - 4 pcs - Mito : Sushis pr\u00eats \u00e0 savourer","description":"Sushi Sandwich - 4 pcs. Simplify your meals with our delicious sushis and poke bowls. Order today for pickup at participating IGAs.","robots":{"index":"index","follow":"follow","max-snippet":"max-snippet:-1","max-image-preview":"max-image-preview:large","max-video-preview":"max-video-preview:-1"},"canonical":"https:\/\/mito.ca\/en\/product\/sushi-sandwich-4-pcs\/","og_locale":"en_US","og_type":"article","og_title":"Sushi sandwich\u00ae - 4 pcs - Mito : Sushis pr\u00eats \u00e0 savourer","og_description":"Sushi Sandwich - 4 pcs. Simplify your meals with our delicious sushis and poke bowls. Order today for pickup at participating IGAs.","og_url":"https:\/\/mito.ca\/en\/product\/sushi-sandwich-4-pcs\/","og_site_name":"Mito : Sushis pr\u00eats \u00e0 savourer","article_publisher":"https:\/\/www.facebook.com\/mito.entreprise\/","article_modified_time":"2022-04-28T18:18:38+00:00","og_image":[{"width":4390,"height":4390,"url":"https:\/\/mito.ca\/wp-content\/uploads\/2021\/10\/Sushi-sandwich.png","type":"image\/png"}],"twitter_card":"summary_large_image","schema":{"@context":"https:\/\/schema.org","@graph":[{"@type":"WebPage","@id":"https:\/\/mito.ca\/en\/product\/sushi-sandwich-4-pcs\/","url":"https:\/\/mito.ca\/en\/product\/sushi-sandwich-4-pcs\/","name":"Sushi sandwich\u00ae - 4 pcs - Mito : Sushis pr\u00eats \u00e0 savourer","isPartOf":{"@id":"https:\/\/mito.ca\/en\/#website"},"primaryImageOfPage":{"@id":"https:\/\/mito.ca\/en\/product\/sushi-sandwich-4-pcs\/#primaryimage"},"image":{"@id":"https:\/\/mito.ca\/en\/product\/sushi-sandwich-4-pcs\/#primaryimage"},"thumbnailUrl":"https:\/\/mito.ca\/wp-content\/uploads\/2021\/10\/Sushi-sandwich.png","datePublished":"2021-10-15T05:16:13+00:00","dateModified":"2022-04-28T18:18:38+00:00","description":"Sushi Sandwich - 4 pcs. Simplify your meals with our delicious sushis and poke bowls. Order today for pickup at participating IGAs.","breadcrumb":{"@id":"https:\/\/mito.ca\/en\/product\/sushi-sandwich-4-pcs\/#breadcrumb"},"inLanguage":"en-CA","potentialAction":[{"@type":"ReadAction","target":["https:\/\/mito.ca\/en\/product\/sushi-sandwich-4-pcs\/"]}]},{"@type":"ImageObject","inLanguage":"en-CA","@id":"https:\/\/mito.ca\/en\/product\/sushi-sandwich-4-pcs\/#primaryimage","url":"https:\/\/mito.ca\/wp-content\/uploads\/2021\/10\/Sushi-sandwich.png","contentUrl":"https:\/\/mito.ca\/wp-content\/uploads\/2021\/10\/Sushi-sandwich.png","width":4390,"height":4390},{"@type":"BreadcrumbList","@id":"https:\/\/mito.ca\/en\/product\/sushi-sandwich-4-pcs\/#breadcrumb","itemListElement":[{"@type":"ListItem","position":1,"name":"Home","item":"https:\/\/mito.ca\/en\/"},{"@type":"ListItem","position":2,"name":"Boutique","item":"https:\/\/mito.ca\/boutique\/"},{"@type":"ListItem","position":3,"name":"Sushi sandwich\u00ae &#8211; 4 pcs"}]},{"@type":"WebSite","@id":"https:\/\/mito.ca\/en\/#website","url":"https:\/\/mito.ca\/en\/","name":"Mito : Sushis pr\u00eats \u00e0 savourer","description":"Sushis pr\u00eats \u00e0 savourer","publisher":{"@id":"https:\/\/mito.ca\/en\/#organization"},"potentialAction":[{"@type":"SearchAction","target":{"@type":"EntryPoint","urlTemplate":"https:\/\/mito.ca\/en\/?s={search_term_string}"},"query-input":{"@type":"PropertyValueSpecification","valueRequired":true,"valueName":"search_term_string"}}],"inLanguage":"en-CA"},{"@type":"Organization","@id":"https:\/\/mito.ca\/en\/#organization","name":"MITO Sushi","url":"https:\/\/mito.ca\/en\/","logo":{"@type":"ImageObject","inLanguage":"en-CA","@id":"https:\/\/mito.ca\/en\/#\/schema\/logo\/image\/","url":"https:\/\/mito.ca\/wp-content\/uploads\/2021\/10\/Mito_Vertical_Black_ENG.png","contentUrl":"https:\/\/mito.ca\/wp-content\/uploads\/2021\/10\/Mito_Vertical_Black_ENG.png","width":488,"height":306,"caption":"MITO Sushi"},"image":{"@id":"https:\/\/mito.ca\/en\/#\/schema\/logo\/image\/"},"sameAs":["https:\/\/www.facebook.com\/mito.entreprise\/","https:\/\/www.instagram.com\/mito.sushi\/","https:\/\/www.linkedin.com\/company\/mito-sushi\/","https:\/\/www.pinterest.ca\/avecmito\/_created\/","https:\/\/www.youtube.com\/channel\/UCTh6Wu1g6cSObHjpmrsqUJw"]}]}},"_links":{"self":[{"href":"https:\/\/mito.ca\/en\/wp-json\/wp\/v2\/product\/3195","targetHints":{"allow":["GET"]}}],"collection":[{"href":"https:\/\/mito.ca\/en\/wp-json\/wp\/v2\/product"}],"about":[{"href":"https:\/\/mito.ca\/en\/wp-json\/wp\/v2\/types\/product"}],"replies":[{"embeddable":true,"href":"https:\/\/mito.ca\/en\/wp-json\/wp\/v2\/comments?post=3195"}],"wp:featuredmedia":[{"embeddable":true,"href":"https:\/\/mito.ca\/en\/wp-json\/wp\/v2\/media\/3207"}],"wp:attachment":[{"href":"https:\/\/mito.ca\/en\/wp-json\/wp\/v2\/media?parent=3195"}],"wp:term":[{"taxonomy":"product_brand","embeddable":true,"href":"https:\/\/mito.ca\/en\/wp-json\/wp\/v2\/product_brand?post=3195"},{"taxonomy":"product_cat","embeddable":true,"href":"https:\/\/mito.ca\/en\/wp-json\/wp\/v2\/product_cat?post=3195"},{"taxonomy":"product_tag","embeddable":true,"href":"https:\/\/mito.ca\/en\/wp-json\/wp\/v2\/product_tag?post=3195"},{"taxonomy":"ingredients","embeddable":true,"href":"https:\/\/mito.ca\/en\/wp-json\/wp\/v2\/ingredients?post=3195"},{"taxonomy":"allergene_peut_contenir","embeddable":true,"href":"https:\/\/mito.ca\/en\/wp-json\/wp\/v2\/allergene_peut_contenir?post=3195"},{"taxonomy":"allergene_contient","embeddable":true,"href":"https:\/\/mito.ca\/en\/wp-json\/wp\/v2\/allergene_contient?post=3195"},{"taxonomy":"mito_product_tags","embeddable":true,"href":"https:\/\/mito.ca\/en\/wp-json\/wp\/v2\/mito_product_tags?post=3195"},{"taxonomy":"format","embeddable":true,"href":"https:\/\/mito.ca\/en\/wp-json\/wp\/v2\/format?post=3195"},{"taxonomy":"type_de_produit","embeddable":true,"href":"https:\/\/mito.ca\/en\/wp-json\/wp\/v2\/type_de_produit?post=3195"},{"taxonomy":"mood","embeddable":true,"href":"https:\/\/mito.ca\/en\/wp-json\/wp\/v2\/mood?post=3195"},{"taxonomy":"proteine","embeddable":true,"href":"https:\/\/mito.ca\/en\/wp-json\/wp\/v2\/proteine?post=3195"},{"taxonomy":"ingredients_secondaire","embeddable":true,"href":"https:\/\/mito.ca\/en\/wp-json\/wp\/v2\/ingredients_secondaire?post=3195"}],"curies":[{"name":"wp","href":"https:\/\/api.w.org\/{rel}","templated":true}]}}