{"id":3239,"date":"2021-09-23T18:27:15","date_gmt":"2021-10-16T19:44:06","guid":{"rendered":"https:\/\/mito-develop.codebusters.app\/product\/sesame-oil-150-ml\/"},"modified":"2023-06-05T14:44:23","modified_gmt":"2023-06-05T18:44:23","slug":"sesame-oil-150-ml","status":"publish","type":"product","link":"https:\/\/mito.ca\/en\/product\/sesame-oil-150-ml\/","title":{"rendered":"Sesame Oil &#8211; 150 ml"},"content":{"rendered":"","protected":false},"excerpt":{"rendered":"<p>Use MITO sesame oil to add a unique splash of flavor to your recipes or salad dressings.<\/p>\n","protected":false},"featured_media":13735,"comment_status":"closed","ping_status":"closed","template":"","format":[],"meta":{"_acf_changed":false,"inline_featured_image":false},"product_brand":[],"product_cat":[510],"product_tag":[],"ingredients":[],"allergene_peut_contenir":[],"allergene_contient":[397],"mito_product_tags":[],"type_de_produit":[449],"mood":[],"proteine":[],"ingredients_secondaire":[433],"class_list":{"0":"post-3239","1":"product","2":"type-product","3":"status-publish","4":"has-post-thumbnail","6":"product_cat-products-ready-to-cook","7":"allergene_contient-sesame-en","8":"type_de_produit-poke-sauce","9":"ingredients_secondaire-sesame-oil","11":"first","12":"instock","13":"purchasable","14":"product-type-simple"},"acf":[],"yoast_head":"<!-- This site is optimized with the Yoast SEO plugin v27.1.1 - https:\/\/yoast.com\/product\/yoast-seo-wordpress\/ -->\n<title>Sesame Oil - 150 ml - Mito : Sushis pr\u00eats \u00e0 savourer<\/title>\n<meta name=\"description\" content=\"This sesame oil will be perfect to accompagny your stir-frys, salad dressings and Asian inspired recipes. Available in participating IGAs.\" \/>\n<meta name=\"robots\" content=\"index, follow, max-snippet:-1, max-image-preview:large, max-video-preview:-1\" \/>\n<link rel=\"canonical\" href=\"https:\/\/mito.ca\/en\/product\/sesame-oil-150-ml\/\" \/>\n<meta property=\"og:locale\" content=\"en_US\" \/>\n<meta property=\"og:type\" content=\"article\" \/>\n<meta property=\"og:title\" content=\"Sesame Oil - 150 ml - Mito : Sushis pr\u00eats \u00e0 savourer\" \/>\n<meta property=\"og:description\" content=\"This sesame oil will be perfect to accompagny your stir-frys, salad dressings and Asian inspired recipes. Available in participating IGAs.\" \/>\n<meta property=\"og:url\" content=\"https:\/\/mito.ca\/en\/product\/sesame-oil-150-ml\/\" \/>\n<meta property=\"og:site_name\" content=\"Mito : Sushis pr\u00eats \u00e0 savourer\" \/>\n<meta property=\"article:publisher\" content=\"https:\/\/www.facebook.com\/mito.entreprise\/\" \/>\n<meta property=\"article:modified_time\" content=\"2023-06-05T18:44:23+00:00\" \/>\n<meta property=\"og:image\" content=\"https:\/\/mito.ca\/wp-content\/uploads\/2023\/06\/25833_Mito_Emballage3D_HuileSesame_150ml_2023_01.png\" \/>\n\t<meta property=\"og:image:width\" content=\"900\" \/>\n\t<meta property=\"og:image:height\" content=\"1200\" \/>\n\t<meta property=\"og:image:type\" content=\"image\/png\" \/>\n<meta name=\"twitter:card\" content=\"summary_large_image\" \/>\n<script type=\"application\/ld+json\" class=\"yoast-schema-graph\">{\"@context\":\"https:\/\/schema.org\",\"@graph\":[{\"@type\":\"WebPage\",\"@id\":\"https:\/\/mito.ca\/en\/product\/sesame-oil-150-ml\/\",\"url\":\"https:\/\/mito.ca\/en\/product\/sesame-oil-150-ml\/\",\"name\":\"Sesame Oil - 150 ml - Mito : Sushis pr\u00eats \u00e0 savourer\",\"isPartOf\":{\"@id\":\"https:\/\/mito.ca\/en\/#website\"},\"primaryImageOfPage\":{\"@id\":\"https:\/\/mito.ca\/en\/product\/sesame-oil-150-ml\/#primaryimage\"},\"image\":{\"@id\":\"https:\/\/mito.ca\/en\/product\/sesame-oil-150-ml\/#primaryimage\"},\"thumbnailUrl\":\"https:\/\/mito.ca\/wp-content\/uploads\/2023\/06\/25833_Mito_Emballage3D_HuileSesame_150ml_2023_01.png\",\"datePublished\":\"2021-10-16T19:44:06+00:00\",\"dateModified\":\"2023-06-05T18:44:23+00:00\",\"description\":\"This sesame oil will be perfect to accompagny your stir-frys, salad dressings and Asian inspired recipes. Available in participating IGAs.\",\"breadcrumb\":{\"@id\":\"https:\/\/mito.ca\/en\/product\/sesame-oil-150-ml\/#breadcrumb\"},\"inLanguage\":\"en-CA\",\"potentialAction\":[{\"@type\":\"ReadAction\",\"target\":[\"https:\/\/mito.ca\/en\/product\/sesame-oil-150-ml\/\"]}]},{\"@type\":\"ImageObject\",\"inLanguage\":\"en-CA\",\"@id\":\"https:\/\/mito.ca\/en\/product\/sesame-oil-150-ml\/#primaryimage\",\"url\":\"https:\/\/mito.ca\/wp-content\/uploads\/2023\/06\/25833_Mito_Emballage3D_HuileSesame_150ml_2023_01.png\",\"contentUrl\":\"https:\/\/mito.ca\/wp-content\/uploads\/2023\/06\/25833_Mito_Emballage3D_HuileSesame_150ml_2023_01.png\",\"width\":900,\"height\":1200},{\"@type\":\"BreadcrumbList\",\"@id\":\"https:\/\/mito.ca\/en\/product\/sesame-oil-150-ml\/#breadcrumb\",\"itemListElement\":[{\"@type\":\"ListItem\",\"position\":1,\"name\":\"Home\",\"item\":\"https:\/\/mito.ca\/en\/\"},{\"@type\":\"ListItem\",\"position\":2,\"name\":\"Boutique\",\"item\":\"https:\/\/mito.ca\/boutique\/\"},{\"@type\":\"ListItem\",\"position\":3,\"name\":\"Sesame Oil &#8211; 150 ml\"}]},{\"@type\":\"WebSite\",\"@id\":\"https:\/\/mito.ca\/en\/#website\",\"url\":\"https:\/\/mito.ca\/en\/\",\"name\":\"Mito : Sushis pr\u00eats \u00e0 savourer\",\"description\":\"Sushis pr\u00eats \u00e0 savourer\",\"publisher\":{\"@id\":\"https:\/\/mito.ca\/en\/#organization\"},\"potentialAction\":[{\"@type\":\"SearchAction\",\"target\":{\"@type\":\"EntryPoint\",\"urlTemplate\":\"https:\/\/mito.ca\/en\/?s={search_term_string}\"},\"query-input\":{\"@type\":\"PropertyValueSpecification\",\"valueRequired\":true,\"valueName\":\"search_term_string\"}}],\"inLanguage\":\"en-CA\"},{\"@type\":\"Organization\",\"@id\":\"https:\/\/mito.ca\/en\/#organization\",\"name\":\"MITO Sushi\",\"url\":\"https:\/\/mito.ca\/en\/\",\"logo\":{\"@type\":\"ImageObject\",\"inLanguage\":\"en-CA\",\"@id\":\"https:\/\/mito.ca\/en\/#\/schema\/logo\/image\/\",\"url\":\"https:\/\/mito.ca\/wp-content\/uploads\/2021\/10\/Mito_Vertical_Black_ENG.png\",\"contentUrl\":\"https:\/\/mito.ca\/wp-content\/uploads\/2021\/10\/Mito_Vertical_Black_ENG.png\",\"width\":488,\"height\":306,\"caption\":\"MITO Sushi\"},\"image\":{\"@id\":\"https:\/\/mito.ca\/en\/#\/schema\/logo\/image\/\"},\"sameAs\":[\"https:\/\/www.facebook.com\/mito.entreprise\/\",\"https:\/\/www.instagram.com\/mito.sushi\/\",\"https:\/\/www.linkedin.com\/company\/mito-sushi\/\",\"https:\/\/www.pinterest.ca\/avecmito\/_created\/\",\"https:\/\/www.youtube.com\/channel\/UCTh6Wu1g6cSObHjpmrsqUJw\"]}]}<\/script>\n<!-- \/ Yoast SEO plugin. -->","yoast_head_json":{"title":"Sesame Oil - 150 ml - Mito : Sushis pr\u00eats \u00e0 savourer","description":"This sesame oil will be perfect to accompagny your stir-frys, salad dressings and Asian inspired recipes. Available in participating IGAs.","robots":{"index":"index","follow":"follow","max-snippet":"max-snippet:-1","max-image-preview":"max-image-preview:large","max-video-preview":"max-video-preview:-1"},"canonical":"https:\/\/mito.ca\/en\/product\/sesame-oil-150-ml\/","og_locale":"en_US","og_type":"article","og_title":"Sesame Oil - 150 ml - Mito : Sushis pr\u00eats \u00e0 savourer","og_description":"This sesame oil will be perfect to accompagny your stir-frys, salad dressings and Asian inspired recipes. Available in participating IGAs.","og_url":"https:\/\/mito.ca\/en\/product\/sesame-oil-150-ml\/","og_site_name":"Mito : Sushis pr\u00eats \u00e0 savourer","article_publisher":"https:\/\/www.facebook.com\/mito.entreprise\/","article_modified_time":"2023-06-05T18:44:23+00:00","og_image":[{"width":900,"height":1200,"url":"https:\/\/mito.ca\/wp-content\/uploads\/2023\/06\/25833_Mito_Emballage3D_HuileSesame_150ml_2023_01.png","type":"image\/png"}],"twitter_card":"summary_large_image","schema":{"@context":"https:\/\/schema.org","@graph":[{"@type":"WebPage","@id":"https:\/\/mito.ca\/en\/product\/sesame-oil-150-ml\/","url":"https:\/\/mito.ca\/en\/product\/sesame-oil-150-ml\/","name":"Sesame Oil - 150 ml - Mito : Sushis pr\u00eats \u00e0 savourer","isPartOf":{"@id":"https:\/\/mito.ca\/en\/#website"},"primaryImageOfPage":{"@id":"https:\/\/mito.ca\/en\/product\/sesame-oil-150-ml\/#primaryimage"},"image":{"@id":"https:\/\/mito.ca\/en\/product\/sesame-oil-150-ml\/#primaryimage"},"thumbnailUrl":"https:\/\/mito.ca\/wp-content\/uploads\/2023\/06\/25833_Mito_Emballage3D_HuileSesame_150ml_2023_01.png","datePublished":"2021-10-16T19:44:06+00:00","dateModified":"2023-06-05T18:44:23+00:00","description":"This sesame oil will be perfect to accompagny your stir-frys, salad dressings and Asian inspired recipes. Available in participating IGAs.","breadcrumb":{"@id":"https:\/\/mito.ca\/en\/product\/sesame-oil-150-ml\/#breadcrumb"},"inLanguage":"en-CA","potentialAction":[{"@type":"ReadAction","target":["https:\/\/mito.ca\/en\/product\/sesame-oil-150-ml\/"]}]},{"@type":"ImageObject","inLanguage":"en-CA","@id":"https:\/\/mito.ca\/en\/product\/sesame-oil-150-ml\/#primaryimage","url":"https:\/\/mito.ca\/wp-content\/uploads\/2023\/06\/25833_Mito_Emballage3D_HuileSesame_150ml_2023_01.png","contentUrl":"https:\/\/mito.ca\/wp-content\/uploads\/2023\/06\/25833_Mito_Emballage3D_HuileSesame_150ml_2023_01.png","width":900,"height":1200},{"@type":"BreadcrumbList","@id":"https:\/\/mito.ca\/en\/product\/sesame-oil-150-ml\/#breadcrumb","itemListElement":[{"@type":"ListItem","position":1,"name":"Home","item":"https:\/\/mito.ca\/en\/"},{"@type":"ListItem","position":2,"name":"Boutique","item":"https:\/\/mito.ca\/boutique\/"},{"@type":"ListItem","position":3,"name":"Sesame Oil &#8211; 150 ml"}]},{"@type":"WebSite","@id":"https:\/\/mito.ca\/en\/#website","url":"https:\/\/mito.ca\/en\/","name":"Mito : Sushis pr\u00eats \u00e0 savourer","description":"Sushis pr\u00eats \u00e0 savourer","publisher":{"@id":"https:\/\/mito.ca\/en\/#organization"},"potentialAction":[{"@type":"SearchAction","target":{"@type":"EntryPoint","urlTemplate":"https:\/\/mito.ca\/en\/?s={search_term_string}"},"query-input":{"@type":"PropertyValueSpecification","valueRequired":true,"valueName":"search_term_string"}}],"inLanguage":"en-CA"},{"@type":"Organization","@id":"https:\/\/mito.ca\/en\/#organization","name":"MITO Sushi","url":"https:\/\/mito.ca\/en\/","logo":{"@type":"ImageObject","inLanguage":"en-CA","@id":"https:\/\/mito.ca\/en\/#\/schema\/logo\/image\/","url":"https:\/\/mito.ca\/wp-content\/uploads\/2021\/10\/Mito_Vertical_Black_ENG.png","contentUrl":"https:\/\/mito.ca\/wp-content\/uploads\/2021\/10\/Mito_Vertical_Black_ENG.png","width":488,"height":306,"caption":"MITO Sushi"},"image":{"@id":"https:\/\/mito.ca\/en\/#\/schema\/logo\/image\/"},"sameAs":["https:\/\/www.facebook.com\/mito.entreprise\/","https:\/\/www.instagram.com\/mito.sushi\/","https:\/\/www.linkedin.com\/company\/mito-sushi\/","https:\/\/www.pinterest.ca\/avecmito\/_created\/","https:\/\/www.youtube.com\/channel\/UCTh6Wu1g6cSObHjpmrsqUJw"]}]}},"_links":{"self":[{"href":"https:\/\/mito.ca\/en\/wp-json\/wp\/v2\/product\/3239","targetHints":{"allow":["GET"]}}],"collection":[{"href":"https:\/\/mito.ca\/en\/wp-json\/wp\/v2\/product"}],"about":[{"href":"https:\/\/mito.ca\/en\/wp-json\/wp\/v2\/types\/product"}],"replies":[{"embeddable":true,"href":"https:\/\/mito.ca\/en\/wp-json\/wp\/v2\/comments?post=3239"}],"wp:featuredmedia":[{"embeddable":true,"href":"https:\/\/mito.ca\/en\/wp-json\/wp\/v2\/media\/13735"}],"wp:attachment":[{"href":"https:\/\/mito.ca\/en\/wp-json\/wp\/v2\/media?parent=3239"}],"wp:term":[{"taxonomy":"product_brand","embeddable":true,"href":"https:\/\/mito.ca\/en\/wp-json\/wp\/v2\/product_brand?post=3239"},{"taxonomy":"product_cat","embeddable":true,"href":"https:\/\/mito.ca\/en\/wp-json\/wp\/v2\/product_cat?post=3239"},{"taxonomy":"product_tag","embeddable":true,"href":"https:\/\/mito.ca\/en\/wp-json\/wp\/v2\/product_tag?post=3239"},{"taxonomy":"ingredients","embeddable":true,"href":"https:\/\/mito.ca\/en\/wp-json\/wp\/v2\/ingredients?post=3239"},{"taxonomy":"allergene_peut_contenir","embeddable":true,"href":"https:\/\/mito.ca\/en\/wp-json\/wp\/v2\/allergene_peut_contenir?post=3239"},{"taxonomy":"allergene_contient","embeddable":true,"href":"https:\/\/mito.ca\/en\/wp-json\/wp\/v2\/allergene_contient?post=3239"},{"taxonomy":"mito_product_tags","embeddable":true,"href":"https:\/\/mito.ca\/en\/wp-json\/wp\/v2\/mito_product_tags?post=3239"},{"taxonomy":"format","embeddable":true,"href":"https:\/\/mito.ca\/en\/wp-json\/wp\/v2\/format?post=3239"},{"taxonomy":"type_de_produit","embeddable":true,"href":"https:\/\/mito.ca\/en\/wp-json\/wp\/v2\/type_de_produit?post=3239"},{"taxonomy":"mood","embeddable":true,"href":"https:\/\/mito.ca\/en\/wp-json\/wp\/v2\/mood?post=3239"},{"taxonomy":"proteine","embeddable":true,"href":"https:\/\/mito.ca\/en\/wp-json\/wp\/v2\/proteine?post=3239"},{"taxonomy":"ingredients_secondaire","embeddable":true,"href":"https:\/\/mito.ca\/en\/wp-json\/wp\/v2\/ingredients_secondaire?post=3239"}],"curies":[{"name":"wp","href":"https:\/\/api.w.org\/{rel}","templated":true}]}}