{"id":8695,"date":"2022-05-02T12:12:49","date_gmt":"2022-05-05T15:17:46","guid":{"rendered":"https:\/\/mito-develop.codebusters.app\/?post_type=product&#038;p=8695"},"modified":"2025-08-07T00:00:06","modified_gmt":"2025-08-07T04:00:06","slug":"crispy-chicken-poke","status":"publish","type":"product","link":"https:\/\/mito.ca\/en\/product\/crispy-chicken-poke\/","title":{"rendered":"Crispy Chicken Poke Bowl &#8211; 405g"},"content":{"rendered":"","protected":false},"excerpt":{"rendered":"<p>Simplify your meals with our delicious crispy chicken poke bowls.<\/p>\n","protected":false},"featured_media":8675,"comment_status":"open","ping_status":"closed","template":"","format":[407],"meta":{"_acf_changed":false,"inline_featured_image":false},"product_brand":[],"product_cat":[367],"product_tag":[],"ingredients":[371,372,374,376,377],"allergene_peut_contenir":[382,384,387,388,391],"allergene_contient":[395,397,399,400,401,441,790,783,790],"mito_product_tags":[404],"type_de_produit":[412],"mood":[418,414,415],"proteine":[673],"ingredients_secondaire":[427,429,430,433,435],"class_list":{"0":"post-8695","1":"product","2":"type-product","3":"status-publish","4":"has-post-thumbnail","6":"product_cat-products-ready-to-enjoy","7":"ingredients-cucumber","8":"ingredients-carott","9":"ingredients-japanese-pickled-radish","10":"ingredients-edamame-en","11":"ingredients-pepper","12":"allergene_peut_contenir-peanuts","13":"allergene_peut_contenir-nuts-en","14":"allergene_peut_contenir-crustacean","15":"allergene_peut_contenir-mollusk","16":"allergene_peut_contenir-fish","17":"allergene_contient-egg","18":"allergene_contient-sesame-en","19":"allergene_contient-soy","20":"allergene_contient-sulphites","21":"allergene_contient-mustard","22":"allergene_contient-gluten-en","23":"allergene_contient-lait-en","24":"allergene_contient-sulfite-en","26":"mito_product_tags-cooked","27":"format-bols-en","28":"type_de_produit-poke-bowls","29":"mood-cooked","30":"mood-new","31":"mood-comforting-fried","32":"proteine-crispy-chicken","33":"ingredients_secondaire-sesame-seeds","34":"ingredients_secondaire-spicy-mayo","35":"ingredients_secondaire-rice","36":"ingredients_secondaire-sesame-oil","37":"ingredients_secondaire-sweet-chili-sauce","39":"first","40":"instock","41":"taxable","42":"shipping-taxable","43":"purchasable","44":"product-type-simple"},"acf":[],"yoast_head":"<!-- This site is optimized with the Yoast SEO plugin v27.1.1 - https:\/\/yoast.com\/product\/yoast-seo-wordpress\/ -->\n<title>Crispy Chicken Poke Bowl - 405g - Mito : Sushis pr\u00eats \u00e0 savourer<\/title>\n<meta name=\"description\" content=\"Crispy Chicken Poke Bowl. Simplify your meals with our ready-to-eat sushi and poke bowls. Order now for pickup at your local IGA.\" \/>\n<meta name=\"robots\" content=\"index, follow, max-snippet:-1, max-image-preview:large, max-video-preview:-1\" \/>\n<link rel=\"canonical\" href=\"https:\/\/mito.ca\/en\/product\/crispy-chicken-poke\/\" \/>\n<meta property=\"og:locale\" content=\"en_US\" \/>\n<meta property=\"og:type\" content=\"article\" \/>\n<meta property=\"og:title\" content=\"Crispy Chicken Poke Bowl - 405g - Mito : Sushis pr\u00eats \u00e0 savourer\" \/>\n<meta property=\"og:description\" content=\"Crispy Chicken Poke Bowl. Simplify your meals with our ready-to-eat sushi and poke bowls. Order now for pickup at your local IGA.\" \/>\n<meta property=\"og:url\" content=\"https:\/\/mito.ca\/en\/product\/crispy-chicken-poke\/\" \/>\n<meta property=\"og:site_name\" content=\"Mito : Sushis pr\u00eats \u00e0 savourer\" \/>\n<meta property=\"article:publisher\" content=\"https:\/\/www.facebook.com\/mito.entreprise\/\" \/>\n<meta property=\"article:modified_time\" content=\"2025-08-07T04:00:06+00:00\" \/>\n<meta property=\"og:image\" content=\"https:\/\/mito.ca\/wp-content\/uploads\/2022\/05\/test2-1.png\" \/>\n\t<meta property=\"og:image:width\" content=\"1000\" \/>\n\t<meta property=\"og:image:height\" content=\"1000\" \/>\n\t<meta property=\"og:image:type\" content=\"image\/png\" \/>\n<meta name=\"twitter:card\" content=\"summary_large_image\" \/>\n<script type=\"application\/ld+json\" class=\"yoast-schema-graph\">{\"@context\":\"https:\/\/schema.org\",\"@graph\":[{\"@type\":\"WebPage\",\"@id\":\"https:\/\/mito.ca\/en\/product\/crispy-chicken-poke\/\",\"url\":\"https:\/\/mito.ca\/en\/product\/crispy-chicken-poke\/\",\"name\":\"Crispy Chicken Poke Bowl - 405g - Mito : Sushis pr\u00eats \u00e0 savourer\",\"isPartOf\":{\"@id\":\"https:\/\/mito.ca\/en\/#website\"},\"primaryImageOfPage\":{\"@id\":\"https:\/\/mito.ca\/en\/product\/crispy-chicken-poke\/#primaryimage\"},\"image\":{\"@id\":\"https:\/\/mito.ca\/en\/product\/crispy-chicken-poke\/#primaryimage\"},\"thumbnailUrl\":\"https:\/\/mito.ca\/wp-content\/uploads\/2022\/05\/test2-1.png\",\"datePublished\":\"2022-05-05T15:17:46+00:00\",\"dateModified\":\"2025-08-07T04:00:06+00:00\",\"description\":\"Crispy Chicken Poke Bowl. Simplify your meals with our ready-to-eat sushi and poke bowls. Order now for pickup at your local IGA.\",\"breadcrumb\":{\"@id\":\"https:\/\/mito.ca\/en\/product\/crispy-chicken-poke\/#breadcrumb\"},\"inLanguage\":\"en-CA\",\"potentialAction\":[{\"@type\":\"ReadAction\",\"target\":[\"https:\/\/mito.ca\/en\/product\/crispy-chicken-poke\/\"]}]},{\"@type\":\"ImageObject\",\"inLanguage\":\"en-CA\",\"@id\":\"https:\/\/mito.ca\/en\/product\/crispy-chicken-poke\/#primaryimage\",\"url\":\"https:\/\/mito.ca\/wp-content\/uploads\/2022\/05\/test2-1.png\",\"contentUrl\":\"https:\/\/mito.ca\/wp-content\/uploads\/2022\/05\/test2-1.png\",\"width\":1000,\"height\":1000,\"caption\":\"poke bowl poulet croquant\"},{\"@type\":\"BreadcrumbList\",\"@id\":\"https:\/\/mito.ca\/en\/product\/crispy-chicken-poke\/#breadcrumb\",\"itemListElement\":[{\"@type\":\"ListItem\",\"position\":1,\"name\":\"Home\",\"item\":\"https:\/\/mito.ca\/en\/\"},{\"@type\":\"ListItem\",\"position\":2,\"name\":\"Boutique\",\"item\":\"https:\/\/mito.ca\/boutique\/\"},{\"@type\":\"ListItem\",\"position\":3,\"name\":\"Crispy Chicken Poke Bowl &#8211; 405g\"}]},{\"@type\":\"WebSite\",\"@id\":\"https:\/\/mito.ca\/en\/#website\",\"url\":\"https:\/\/mito.ca\/en\/\",\"name\":\"Mito : Sushis pr\u00eats \u00e0 savourer\",\"description\":\"Sushis pr\u00eats \u00e0 savourer\",\"publisher\":{\"@id\":\"https:\/\/mito.ca\/en\/#organization\"},\"potentialAction\":[{\"@type\":\"SearchAction\",\"target\":{\"@type\":\"EntryPoint\",\"urlTemplate\":\"https:\/\/mito.ca\/en\/?s={search_term_string}\"},\"query-input\":{\"@type\":\"PropertyValueSpecification\",\"valueRequired\":true,\"valueName\":\"search_term_string\"}}],\"inLanguage\":\"en-CA\"},{\"@type\":\"Organization\",\"@id\":\"https:\/\/mito.ca\/en\/#organization\",\"name\":\"MITO Sushi\",\"url\":\"https:\/\/mito.ca\/en\/\",\"logo\":{\"@type\":\"ImageObject\",\"inLanguage\":\"en-CA\",\"@id\":\"https:\/\/mito.ca\/en\/#\/schema\/logo\/image\/\",\"url\":\"https:\/\/mito.ca\/wp-content\/uploads\/2021\/10\/Mito_Vertical_Black_ENG.png\",\"contentUrl\":\"https:\/\/mito.ca\/wp-content\/uploads\/2021\/10\/Mito_Vertical_Black_ENG.png\",\"width\":488,\"height\":306,\"caption\":\"MITO Sushi\"},\"image\":{\"@id\":\"https:\/\/mito.ca\/en\/#\/schema\/logo\/image\/\"},\"sameAs\":[\"https:\/\/www.facebook.com\/mito.entreprise\/\",\"https:\/\/www.instagram.com\/mito.sushi\/\",\"https:\/\/www.linkedin.com\/company\/mito-sushi\/\",\"https:\/\/www.pinterest.ca\/avecmito\/_created\/\",\"https:\/\/www.youtube.com\/channel\/UCTh6Wu1g6cSObHjpmrsqUJw\"]}]}<\/script>\n<!-- \/ Yoast SEO plugin. -->","yoast_head_json":{"title":"Crispy Chicken Poke Bowl - 405g - Mito : Sushis pr\u00eats \u00e0 savourer","description":"Crispy Chicken Poke Bowl. Simplify your meals with our ready-to-eat sushi and poke bowls. Order now for pickup at your local IGA.","robots":{"index":"index","follow":"follow","max-snippet":"max-snippet:-1","max-image-preview":"max-image-preview:large","max-video-preview":"max-video-preview:-1"},"canonical":"https:\/\/mito.ca\/en\/product\/crispy-chicken-poke\/","og_locale":"en_US","og_type":"article","og_title":"Crispy Chicken Poke Bowl - 405g - Mito : Sushis pr\u00eats \u00e0 savourer","og_description":"Crispy Chicken Poke Bowl. Simplify your meals with our ready-to-eat sushi and poke bowls. Order now for pickup at your local IGA.","og_url":"https:\/\/mito.ca\/en\/product\/crispy-chicken-poke\/","og_site_name":"Mito : Sushis pr\u00eats \u00e0 savourer","article_publisher":"https:\/\/www.facebook.com\/mito.entreprise\/","article_modified_time":"2025-08-07T04:00:06+00:00","og_image":[{"width":1000,"height":1000,"url":"https:\/\/mito.ca\/wp-content\/uploads\/2022\/05\/test2-1.png","type":"image\/png"}],"twitter_card":"summary_large_image","schema":{"@context":"https:\/\/schema.org","@graph":[{"@type":"WebPage","@id":"https:\/\/mito.ca\/en\/product\/crispy-chicken-poke\/","url":"https:\/\/mito.ca\/en\/product\/crispy-chicken-poke\/","name":"Crispy Chicken Poke Bowl - 405g - Mito : Sushis pr\u00eats \u00e0 savourer","isPartOf":{"@id":"https:\/\/mito.ca\/en\/#website"},"primaryImageOfPage":{"@id":"https:\/\/mito.ca\/en\/product\/crispy-chicken-poke\/#primaryimage"},"image":{"@id":"https:\/\/mito.ca\/en\/product\/crispy-chicken-poke\/#primaryimage"},"thumbnailUrl":"https:\/\/mito.ca\/wp-content\/uploads\/2022\/05\/test2-1.png","datePublished":"2022-05-05T15:17:46+00:00","dateModified":"2025-08-07T04:00:06+00:00","description":"Crispy Chicken Poke Bowl. Simplify your meals with our ready-to-eat sushi and poke bowls. Order now for pickup at your local IGA.","breadcrumb":{"@id":"https:\/\/mito.ca\/en\/product\/crispy-chicken-poke\/#breadcrumb"},"inLanguage":"en-CA","potentialAction":[{"@type":"ReadAction","target":["https:\/\/mito.ca\/en\/product\/crispy-chicken-poke\/"]}]},{"@type":"ImageObject","inLanguage":"en-CA","@id":"https:\/\/mito.ca\/en\/product\/crispy-chicken-poke\/#primaryimage","url":"https:\/\/mito.ca\/wp-content\/uploads\/2022\/05\/test2-1.png","contentUrl":"https:\/\/mito.ca\/wp-content\/uploads\/2022\/05\/test2-1.png","width":1000,"height":1000,"caption":"poke bowl poulet croquant"},{"@type":"BreadcrumbList","@id":"https:\/\/mito.ca\/en\/product\/crispy-chicken-poke\/#breadcrumb","itemListElement":[{"@type":"ListItem","position":1,"name":"Home","item":"https:\/\/mito.ca\/en\/"},{"@type":"ListItem","position":2,"name":"Boutique","item":"https:\/\/mito.ca\/boutique\/"},{"@type":"ListItem","position":3,"name":"Crispy Chicken Poke Bowl &#8211; 405g"}]},{"@type":"WebSite","@id":"https:\/\/mito.ca\/en\/#website","url":"https:\/\/mito.ca\/en\/","name":"Mito : Sushis pr\u00eats \u00e0 savourer","description":"Sushis pr\u00eats \u00e0 savourer","publisher":{"@id":"https:\/\/mito.ca\/en\/#organization"},"potentialAction":[{"@type":"SearchAction","target":{"@type":"EntryPoint","urlTemplate":"https:\/\/mito.ca\/en\/?s={search_term_string}"},"query-input":{"@type":"PropertyValueSpecification","valueRequired":true,"valueName":"search_term_string"}}],"inLanguage":"en-CA"},{"@type":"Organization","@id":"https:\/\/mito.ca\/en\/#organization","name":"MITO Sushi","url":"https:\/\/mito.ca\/en\/","logo":{"@type":"ImageObject","inLanguage":"en-CA","@id":"https:\/\/mito.ca\/en\/#\/schema\/logo\/image\/","url":"https:\/\/mito.ca\/wp-content\/uploads\/2021\/10\/Mito_Vertical_Black_ENG.png","contentUrl":"https:\/\/mito.ca\/wp-content\/uploads\/2021\/10\/Mito_Vertical_Black_ENG.png","width":488,"height":306,"caption":"MITO Sushi"},"image":{"@id":"https:\/\/mito.ca\/en\/#\/schema\/logo\/image\/"},"sameAs":["https:\/\/www.facebook.com\/mito.entreprise\/","https:\/\/www.instagram.com\/mito.sushi\/","https:\/\/www.linkedin.com\/company\/mito-sushi\/","https:\/\/www.pinterest.ca\/avecmito\/_created\/","https:\/\/www.youtube.com\/channel\/UCTh6Wu1g6cSObHjpmrsqUJw"]}]}},"_links":{"self":[{"href":"https:\/\/mito.ca\/en\/wp-json\/wp\/v2\/product\/8695","targetHints":{"allow":["GET"]}}],"collection":[{"href":"https:\/\/mito.ca\/en\/wp-json\/wp\/v2\/product"}],"about":[{"href":"https:\/\/mito.ca\/en\/wp-json\/wp\/v2\/types\/product"}],"replies":[{"embeddable":true,"href":"https:\/\/mito.ca\/en\/wp-json\/wp\/v2\/comments?post=8695"}],"wp:featuredmedia":[{"embeddable":true,"href":"https:\/\/mito.ca\/en\/wp-json\/wp\/v2\/media\/8675"}],"wp:attachment":[{"href":"https:\/\/mito.ca\/en\/wp-json\/wp\/v2\/media?parent=8695"}],"wp:term":[{"taxonomy":"product_brand","embeddable":true,"href":"https:\/\/mito.ca\/en\/wp-json\/wp\/v2\/product_brand?post=8695"},{"taxonomy":"product_cat","embeddable":true,"href":"https:\/\/mito.ca\/en\/wp-json\/wp\/v2\/product_cat?post=8695"},{"taxonomy":"product_tag","embeddable":true,"href":"https:\/\/mito.ca\/en\/wp-json\/wp\/v2\/product_tag?post=8695"},{"taxonomy":"ingredients","embeddable":true,"href":"https:\/\/mito.ca\/en\/wp-json\/wp\/v2\/ingredients?post=8695"},{"taxonomy":"allergene_peut_contenir","embeddable":true,"href":"https:\/\/mito.ca\/en\/wp-json\/wp\/v2\/allergene_peut_contenir?post=8695"},{"taxonomy":"allergene_contient","embeddable":true,"href":"https:\/\/mito.ca\/en\/wp-json\/wp\/v2\/allergene_contient?post=8695"},{"taxonomy":"mito_product_tags","embeddable":true,"href":"https:\/\/mito.ca\/en\/wp-json\/wp\/v2\/mito_product_tags?post=8695"},{"taxonomy":"format","embeddable":true,"href":"https:\/\/mito.ca\/en\/wp-json\/wp\/v2\/format?post=8695"},{"taxonomy":"type_de_produit","embeddable":true,"href":"https:\/\/mito.ca\/en\/wp-json\/wp\/v2\/type_de_produit?post=8695"},{"taxonomy":"mood","embeddable":true,"href":"https:\/\/mito.ca\/en\/wp-json\/wp\/v2\/mood?post=8695"},{"taxonomy":"proteine","embeddable":true,"href":"https:\/\/mito.ca\/en\/wp-json\/wp\/v2\/proteine?post=8695"},{"taxonomy":"ingredients_secondaire","embeddable":true,"href":"https:\/\/mito.ca\/en\/wp-json\/wp\/v2\/ingredients_secondaire?post=8695"}],"curies":[{"name":"wp","href":"https:\/\/api.w.org\/{rel}","templated":true}]}}