{"id":9421,"date":"2022-07-07T08:04:17","date_gmt":"2022-07-07T15:08:36","guid":{"rendered":"https:\/\/mito-develop.codebusters.app\/?post_type=product&#038;p=9421"},"modified":"2022-07-27T15:42:05","modified_gmt":"2022-07-27T19:42:05","slug":"spring-rolls-crispy-chicken","status":"publish","type":"product","link":"https:\/\/mito.ca\/en\/product\/spring-rolls-crispy-chicken\/","title":{"rendered":"Spring rolls &#8211; Crispy chicken &#8211; 2 rolls"},"content":{"rendered":"","protected":false},"excerpt":{"rendered":"","protected":false},"featured_media":9418,"comment_status":"open","ping_status":"closed","template":"","format":[444],"meta":{"_acf_changed":false,"inline_featured_image":false},"product_brand":[],"product_cat":[367],"product_tag":[],"ingredients":[371,374,378],"allergene_peut_contenir":[391,382,383,384,387,388],"allergene_contient":[395,396,397,399,400,401],"mito_product_tags":[404],"type_de_produit":[453],"mood":[416,418,414,415],"proteine":[673],"ingredients_secondaire":[426,429,430,435,468,500],"class_list":{"0":"post-9421","1":"product","2":"type-product","3":"status-publish","4":"has-post-thumbnail","6":"product_cat-products-ready-to-enjoy","7":"ingredients-cucumber","8":"ingredients-japanese-pickled-radish","9":"ingredients-rice-paper","10":"allergene_peut_contenir-fish","11":"allergene_peut_contenir-peanuts","12":"allergene_peut_contenir-milk","13":"allergene_peut_contenir-nuts-en","14":"allergene_peut_contenir-crustacean","15":"allergene_peut_contenir-mollusk","16":"allergene_contient-egg","17":"allergene_contient-wheat-or-triticale","18":"allergene_contient-sesame-en","19":"allergene_contient-soy","20":"allergene_contient-sulphites","21":"allergene_contient-mustard","22":"mito_product_tags-cooked","23":"format-a-la-carte-en","24":"type_de_produit-spring-rolls","25":"mood-specialties","26":"mood-cooked","27":"mood-new","28":"mood-comforting-fried","29":"proteine-crispy-chicken","30":"ingredients_secondaire-green-onions","31":"ingredients_secondaire-spicy-mayo","32":"ingredients_secondaire-rice","33":"ingredients_secondaire-sweet-chili-sauce","34":"ingredients_secondaire-lettuce","35":"ingredients_secondaire-pickled-ginger","37":"first","38":"instock","39":"taxable","40":"shipping-taxable","41":"purchasable","42":"product-type-simple"},"acf":[],"yoast_head":"<!-- This site is optimized with the Yoast SEO plugin v27.1.1 - https:\/\/yoast.com\/product\/yoast-seo-wordpress\/ -->\n<title>Spring rolls - Crispy chicken - 2 rolls | MITO Sushi<\/title>\n<meta name=\"description\" content=\"Spring rolls - Crispy chicken - 2 rolls. Simplify your meals with our ready to enjoy sushi and poke bowls. Available at an IGA near you.\" \/>\n<meta name=\"robots\" content=\"index, follow, max-snippet:-1, max-image-preview:large, max-video-preview:-1\" \/>\n<link rel=\"canonical\" href=\"https:\/\/mito.ca\/en\/product\/spring-rolls-crispy-chicken\/\" \/>\n<meta property=\"og:locale\" content=\"en_US\" \/>\n<meta property=\"og:type\" content=\"article\" \/>\n<meta property=\"og:title\" content=\"Spring rolls - Crispy chicken - 2 rolls | MITO Sushi\" \/>\n<meta property=\"og:description\" content=\"Spring rolls - Crispy chicken - 2 rolls. Simplify your meals with our ready to enjoy sushi and poke bowls. Available at an IGA near you.\" \/>\n<meta property=\"og:url\" content=\"https:\/\/mito.ca\/en\/product\/spring-rolls-crispy-chicken\/\" \/>\n<meta property=\"og:site_name\" content=\"Mito : Sushis pr\u00eats \u00e0 savourer\" \/>\n<meta property=\"article:publisher\" content=\"https:\/\/www.facebook.com\/mito.entreprise\/\" \/>\n<meta property=\"article:modified_time\" content=\"2022-07-27T19:42:05+00:00\" \/>\n<meta property=\"og:image\" content=\"https:\/\/mito.ca\/wp-content\/uploads\/2022\/05\/Rouleau-poulet-poulet-croquant_web_1000x1000.png\" \/>\n\t<meta property=\"og:image:width\" content=\"1000\" \/>\n\t<meta property=\"og:image:height\" content=\"1000\" \/>\n\t<meta property=\"og:image:type\" content=\"image\/png\" \/>\n<meta name=\"twitter:card\" content=\"summary_large_image\" \/>\n<script type=\"application\/ld+json\" class=\"yoast-schema-graph\">{\"@context\":\"https:\/\/schema.org\",\"@graph\":[{\"@type\":\"WebPage\",\"@id\":\"https:\/\/mito.ca\/en\/product\/spring-rolls-crispy-chicken\/\",\"url\":\"https:\/\/mito.ca\/en\/product\/spring-rolls-crispy-chicken\/\",\"name\":\"Spring rolls - Crispy chicken - 2 rolls | MITO Sushi\",\"isPartOf\":{\"@id\":\"https:\/\/mito.ca\/en\/#website\"},\"primaryImageOfPage\":{\"@id\":\"https:\/\/mito.ca\/en\/product\/spring-rolls-crispy-chicken\/#primaryimage\"},\"image\":{\"@id\":\"https:\/\/mito.ca\/en\/product\/spring-rolls-crispy-chicken\/#primaryimage\"},\"thumbnailUrl\":\"https:\/\/mito.ca\/wp-content\/uploads\/2022\/05\/Rouleau-poulet-poulet-croquant_web_1000x1000.png\",\"datePublished\":\"2022-07-07T15:08:36+00:00\",\"dateModified\":\"2022-07-27T19:42:05+00:00\",\"description\":\"Spring rolls - Crispy chicken - 2 rolls. Simplify your meals with our ready to enjoy sushi and poke bowls. Available at an IGA near you.\",\"breadcrumb\":{\"@id\":\"https:\/\/mito.ca\/en\/product\/spring-rolls-crispy-chicken\/#breadcrumb\"},\"inLanguage\":\"en-CA\",\"potentialAction\":[{\"@type\":\"ReadAction\",\"target\":[\"https:\/\/mito.ca\/en\/product\/spring-rolls-crispy-chicken\/\"]}]},{\"@type\":\"ImageObject\",\"inLanguage\":\"en-CA\",\"@id\":\"https:\/\/mito.ca\/en\/product\/spring-rolls-crispy-chicken\/#primaryimage\",\"url\":\"https:\/\/mito.ca\/wp-content\/uploads\/2022\/05\/Rouleau-poulet-poulet-croquant_web_1000x1000.png\",\"contentUrl\":\"https:\/\/mito.ca\/wp-content\/uploads\/2022\/05\/Rouleau-poulet-poulet-croquant_web_1000x1000.png\",\"width\":1000,\"height\":1000,\"caption\":\"rouleau printemps poulet croquant\"},{\"@type\":\"BreadcrumbList\",\"@id\":\"https:\/\/mito.ca\/en\/product\/spring-rolls-crispy-chicken\/#breadcrumb\",\"itemListElement\":[{\"@type\":\"ListItem\",\"position\":1,\"name\":\"Home\",\"item\":\"https:\/\/mito.ca\/en\/\"},{\"@type\":\"ListItem\",\"position\":2,\"name\":\"Boutique\",\"item\":\"https:\/\/mito.ca\/boutique\/\"},{\"@type\":\"ListItem\",\"position\":3,\"name\":\"Spring rolls &#8211; Crispy chicken &#8211; 2 rolls\"}]},{\"@type\":\"WebSite\",\"@id\":\"https:\/\/mito.ca\/en\/#website\",\"url\":\"https:\/\/mito.ca\/en\/\",\"name\":\"Mito : Sushis pr\u00eats \u00e0 savourer\",\"description\":\"Sushis pr\u00eats \u00e0 savourer\",\"publisher\":{\"@id\":\"https:\/\/mito.ca\/en\/#organization\"},\"potentialAction\":[{\"@type\":\"SearchAction\",\"target\":{\"@type\":\"EntryPoint\",\"urlTemplate\":\"https:\/\/mito.ca\/en\/?s={search_term_string}\"},\"query-input\":{\"@type\":\"PropertyValueSpecification\",\"valueRequired\":true,\"valueName\":\"search_term_string\"}}],\"inLanguage\":\"en-CA\"},{\"@type\":\"Organization\",\"@id\":\"https:\/\/mito.ca\/en\/#organization\",\"name\":\"MITO Sushi\",\"url\":\"https:\/\/mito.ca\/en\/\",\"logo\":{\"@type\":\"ImageObject\",\"inLanguage\":\"en-CA\",\"@id\":\"https:\/\/mito.ca\/en\/#\/schema\/logo\/image\/\",\"url\":\"https:\/\/mito.ca\/wp-content\/uploads\/2021\/10\/Mito_Vertical_Black_ENG.png\",\"contentUrl\":\"https:\/\/mito.ca\/wp-content\/uploads\/2021\/10\/Mito_Vertical_Black_ENG.png\",\"width\":488,\"height\":306,\"caption\":\"MITO Sushi\"},\"image\":{\"@id\":\"https:\/\/mito.ca\/en\/#\/schema\/logo\/image\/\"},\"sameAs\":[\"https:\/\/www.facebook.com\/mito.entreprise\/\",\"https:\/\/www.instagram.com\/mito.sushi\/\",\"https:\/\/www.linkedin.com\/company\/mito-sushi\/\",\"https:\/\/www.pinterest.ca\/avecmito\/_created\/\",\"https:\/\/www.youtube.com\/channel\/UCTh6Wu1g6cSObHjpmrsqUJw\"]}]}<\/script>\n<!-- \/ Yoast SEO plugin. -->","yoast_head_json":{"title":"Spring rolls - Crispy chicken - 2 rolls | MITO Sushi","description":"Spring rolls - Crispy chicken - 2 rolls. Simplify your meals with our ready to enjoy sushi and poke bowls. Available at an IGA near you.","robots":{"index":"index","follow":"follow","max-snippet":"max-snippet:-1","max-image-preview":"max-image-preview:large","max-video-preview":"max-video-preview:-1"},"canonical":"https:\/\/mito.ca\/en\/product\/spring-rolls-crispy-chicken\/","og_locale":"en_US","og_type":"article","og_title":"Spring rolls - Crispy chicken - 2 rolls | MITO Sushi","og_description":"Spring rolls - Crispy chicken - 2 rolls. Simplify your meals with our ready to enjoy sushi and poke bowls. Available at an IGA near you.","og_url":"https:\/\/mito.ca\/en\/product\/spring-rolls-crispy-chicken\/","og_site_name":"Mito : Sushis pr\u00eats \u00e0 savourer","article_publisher":"https:\/\/www.facebook.com\/mito.entreprise\/","article_modified_time":"2022-07-27T19:42:05+00:00","og_image":[{"width":1000,"height":1000,"url":"https:\/\/mito.ca\/wp-content\/uploads\/2022\/05\/Rouleau-poulet-poulet-croquant_web_1000x1000.png","type":"image\/png"}],"twitter_card":"summary_large_image","schema":{"@context":"https:\/\/schema.org","@graph":[{"@type":"WebPage","@id":"https:\/\/mito.ca\/en\/product\/spring-rolls-crispy-chicken\/","url":"https:\/\/mito.ca\/en\/product\/spring-rolls-crispy-chicken\/","name":"Spring rolls - Crispy chicken - 2 rolls | MITO Sushi","isPartOf":{"@id":"https:\/\/mito.ca\/en\/#website"},"primaryImageOfPage":{"@id":"https:\/\/mito.ca\/en\/product\/spring-rolls-crispy-chicken\/#primaryimage"},"image":{"@id":"https:\/\/mito.ca\/en\/product\/spring-rolls-crispy-chicken\/#primaryimage"},"thumbnailUrl":"https:\/\/mito.ca\/wp-content\/uploads\/2022\/05\/Rouleau-poulet-poulet-croquant_web_1000x1000.png","datePublished":"2022-07-07T15:08:36+00:00","dateModified":"2022-07-27T19:42:05+00:00","description":"Spring rolls - Crispy chicken - 2 rolls. Simplify your meals with our ready to enjoy sushi and poke bowls. Available at an IGA near you.","breadcrumb":{"@id":"https:\/\/mito.ca\/en\/product\/spring-rolls-crispy-chicken\/#breadcrumb"},"inLanguage":"en-CA","potentialAction":[{"@type":"ReadAction","target":["https:\/\/mito.ca\/en\/product\/spring-rolls-crispy-chicken\/"]}]},{"@type":"ImageObject","inLanguage":"en-CA","@id":"https:\/\/mito.ca\/en\/product\/spring-rolls-crispy-chicken\/#primaryimage","url":"https:\/\/mito.ca\/wp-content\/uploads\/2022\/05\/Rouleau-poulet-poulet-croquant_web_1000x1000.png","contentUrl":"https:\/\/mito.ca\/wp-content\/uploads\/2022\/05\/Rouleau-poulet-poulet-croquant_web_1000x1000.png","width":1000,"height":1000,"caption":"rouleau printemps poulet croquant"},{"@type":"BreadcrumbList","@id":"https:\/\/mito.ca\/en\/product\/spring-rolls-crispy-chicken\/#breadcrumb","itemListElement":[{"@type":"ListItem","position":1,"name":"Home","item":"https:\/\/mito.ca\/en\/"},{"@type":"ListItem","position":2,"name":"Boutique","item":"https:\/\/mito.ca\/boutique\/"},{"@type":"ListItem","position":3,"name":"Spring rolls &#8211; Crispy chicken &#8211; 2 rolls"}]},{"@type":"WebSite","@id":"https:\/\/mito.ca\/en\/#website","url":"https:\/\/mito.ca\/en\/","name":"Mito : Sushis pr\u00eats \u00e0 savourer","description":"Sushis pr\u00eats \u00e0 savourer","publisher":{"@id":"https:\/\/mito.ca\/en\/#organization"},"potentialAction":[{"@type":"SearchAction","target":{"@type":"EntryPoint","urlTemplate":"https:\/\/mito.ca\/en\/?s={search_term_string}"},"query-input":{"@type":"PropertyValueSpecification","valueRequired":true,"valueName":"search_term_string"}}],"inLanguage":"en-CA"},{"@type":"Organization","@id":"https:\/\/mito.ca\/en\/#organization","name":"MITO Sushi","url":"https:\/\/mito.ca\/en\/","logo":{"@type":"ImageObject","inLanguage":"en-CA","@id":"https:\/\/mito.ca\/en\/#\/schema\/logo\/image\/","url":"https:\/\/mito.ca\/wp-content\/uploads\/2021\/10\/Mito_Vertical_Black_ENG.png","contentUrl":"https:\/\/mito.ca\/wp-content\/uploads\/2021\/10\/Mito_Vertical_Black_ENG.png","width":488,"height":306,"caption":"MITO Sushi"},"image":{"@id":"https:\/\/mito.ca\/en\/#\/schema\/logo\/image\/"},"sameAs":["https:\/\/www.facebook.com\/mito.entreprise\/","https:\/\/www.instagram.com\/mito.sushi\/","https:\/\/www.linkedin.com\/company\/mito-sushi\/","https:\/\/www.pinterest.ca\/avecmito\/_created\/","https:\/\/www.youtube.com\/channel\/UCTh6Wu1g6cSObHjpmrsqUJw"]}]}},"_links":{"self":[{"href":"https:\/\/mito.ca\/en\/wp-json\/wp\/v2\/product\/9421","targetHints":{"allow":["GET"]}}],"collection":[{"href":"https:\/\/mito.ca\/en\/wp-json\/wp\/v2\/product"}],"about":[{"href":"https:\/\/mito.ca\/en\/wp-json\/wp\/v2\/types\/product"}],"replies":[{"embeddable":true,"href":"https:\/\/mito.ca\/en\/wp-json\/wp\/v2\/comments?post=9421"}],"wp:featuredmedia":[{"embeddable":true,"href":"https:\/\/mito.ca\/en\/wp-json\/wp\/v2\/media\/9418"}],"wp:attachment":[{"href":"https:\/\/mito.ca\/en\/wp-json\/wp\/v2\/media?parent=9421"}],"wp:term":[{"taxonomy":"product_brand","embeddable":true,"href":"https:\/\/mito.ca\/en\/wp-json\/wp\/v2\/product_brand?post=9421"},{"taxonomy":"product_cat","embeddable":true,"href":"https:\/\/mito.ca\/en\/wp-json\/wp\/v2\/product_cat?post=9421"},{"taxonomy":"product_tag","embeddable":true,"href":"https:\/\/mito.ca\/en\/wp-json\/wp\/v2\/product_tag?post=9421"},{"taxonomy":"ingredients","embeddable":true,"href":"https:\/\/mito.ca\/en\/wp-json\/wp\/v2\/ingredients?post=9421"},{"taxonomy":"allergene_peut_contenir","embeddable":true,"href":"https:\/\/mito.ca\/en\/wp-json\/wp\/v2\/allergene_peut_contenir?post=9421"},{"taxonomy":"allergene_contient","embeddable":true,"href":"https:\/\/mito.ca\/en\/wp-json\/wp\/v2\/allergene_contient?post=9421"},{"taxonomy":"mito_product_tags","embeddable":true,"href":"https:\/\/mito.ca\/en\/wp-json\/wp\/v2\/mito_product_tags?post=9421"},{"taxonomy":"format","embeddable":true,"href":"https:\/\/mito.ca\/en\/wp-json\/wp\/v2\/format?post=9421"},{"taxonomy":"type_de_produit","embeddable":true,"href":"https:\/\/mito.ca\/en\/wp-json\/wp\/v2\/type_de_produit?post=9421"},{"taxonomy":"mood","embeddable":true,"href":"https:\/\/mito.ca\/en\/wp-json\/wp\/v2\/mood?post=9421"},{"taxonomy":"proteine","embeddable":true,"href":"https:\/\/mito.ca\/en\/wp-json\/wp\/v2\/proteine?post=9421"},{"taxonomy":"ingredients_secondaire","embeddable":true,"href":"https:\/\/mito.ca\/en\/wp-json\/wp\/v2\/ingredients_secondaire?post=9421"}],"curies":[{"name":"wp","href":"https:\/\/api.w.org\/{rel}","templated":true}]}}